{"id":1470,"date":"2023-07-24T00:03:29","date_gmt":"2023-07-24T00:03:29","guid":{"rendered":"https:\/\/unescoalfozanprize.org\/dr-hesham-omran\/"},"modified":"2023-09-03T09:16:15","modified_gmt":"2023-09-03T09:16:15","slug":"dr-hesham-omran","status":"publish","type":"page","link":"https:\/\/unescoalfozanprize.org\/fr\/first-edition\/dr-hesham-omran\/","title":{"rendered":"Dr. Hesham Omran"},"content":{"rendered":"<div class=\"wpb-content-wrapper\"><p>[vc_row full_width=\u00a0\u00bbstretch_row\u00a0\u00bb css=\u00a0\u00bb.vc_custom_1690156709277{border-bottom-width: 2px !important;background-color: #1a4265 !important;border-bottom-color: #72bd3e !important;border-bottom-style: solid !important;}\u00a0\u00bb][vc_column][vc_column_text]<\/p>\n<h2 style=\"text-align: center;\">Dr. Hesham Omran<\/h2>\n<p>[\/vc_column_text][\/vc_column][\/vc_row][vc_row full_width=\u00a0\u00bbstretch_row\u00a0\u00bb css=\u00a0\u00bb.vc_custom_1691476352877{padding-bottom: 40px !important;background-color: #1a4265 !important;}\u00a0\u00bb][vc_column el_class=\u00a0\u00bbjury-page-box\u00a0\u00bb][vc_single_image image=\u00a0\u00bb885&Prime; img_size=\u00a0\u00bbfull\u00a0\u00bb alignment=\u00a0\u00bbcenter\u00a0\u00bb el_class=\u00a0\u00bbjury-image\u00a0\u00bb][vc_column_text]<\/p>\n<h3 style=\"text-align: center;\"><span style=\"color: #ffffff;\">\u00c9tats arabes<\/span><\/h3>\n<p>[\/vc_column_text][vc_column_text css=\u00a0\u00bb.vc_custom_1693732555885{margin-top: 20px !important;}\u00a0\u00bb]<\/p>\n<p style=\"text-align: left;\"><span style=\"color: #ffffff;\">Le Dr Hesham Omran a d\u00e9velopp\u00e9 une bo\u00eete \u00e0 outils r\u00e9volutionnaire qui permet aux scientifiques et aux ing\u00e9nieurs de cr\u00e9er des puces de semi-conducteurs hautement efficaces. Ces puces sont les \u00e9l\u00e9ments essentiels de nos appareils \u00e9lectroniques modernes, tels que les ordinateurs, les t\u00e9l\u00e9phones portables, les dispositifs m\u00e9dicaux et les v\u00e9hicules \u00e9lectriques. Ce qui n\u00e9cessitait autrefois des jours, voire des semaines, de travail manuel peut d\u00e9sormais \u00eatre accompli en quelques minutes.<\/span><\/p>\n<p>&nbsp;<\/p>\n<p style=\"text-align: left;\"><span style=\"color: #ffffff;\">Traditionnellement, la conception de puces de semi-conducteurs sur-mesure \u00e9tait un processus complexe et long, reposant fortement sur les efforts manuels de concepteurs experts. Cependant, gr\u00e2ce \u00e0 l&rsquo;outil ing\u00e9nieux du Dr Omran, l&rsquo;Analog Designer&rsquo;s Toolbox (ADT), le temps n\u00e9cessaire pour concevoir des blocs de circuits int\u00e9gr\u00e9s sur-mesure est consid\u00e9rablement r\u00e9duit.<\/span><\/p>\n<p>&nbsp;<\/p>\n<p style=\"text-align: left;\"><span style=\"color: #ffffff;\">Le Dr Omran, professeur associ\u00e9 \u00e0 l&rsquo;Universit\u00e9 Ain Shams au Caire, en \u00c9gypte, a non seulement apport\u00e9 des contributions importantes dans le domaine de la micro\u00e9lectronique, mais il a \u00e9galement co-fond\u00e9 une start-up r\u00e9volutionnaire appel\u00e9e Master Micro. Bas\u00e9e en \u00c9gypte, cette start-up rel\u00e8ve les d\u00e9fis li\u00e9s \u00e0 l&rsquo;automatisation de la conception de l&rsquo;\u00e9lectronique, ce qui en fait la premi\u00e8re du genre dans le monde arabe. Anim\u00e9 par sa passion de partager les connaissances, le Dr Omran a \u00e9galement cr\u00e9\u00e9 la cha\u00eene YouTube populaire \u00ab\u00a0Mastering Microelectronics\u00a0\u00bb. Avec plus de 1,2 million de vues et 12 000 abonn\u00e9s, dont beaucoup viennent de pays arabophones, sa cha\u00eene est devenue une ressource pr\u00e9cieuse pour les personnes souhaitant explorer le monde fascinant de la micro\u00e9lectronique.<\/span><\/p>\n<p>&nbsp;<\/p>\n<p style=\"text-align: left;\"><span style=\"color: #ffffff;\">Les contributions novatrices du Dr Hesham Omran \u00e0 la conception des puces de semi-conducteurs, ses initiatives entrepreneuriales et son d\u00e9vouement au partage des connaissances transforment le domaine de la micro\u00e9lectronique tant au niveau local qu&rsquo;\u00e0 l&rsquo;\u00e9chelle mondiale.<\/span><\/p>\n<p>[\/vc_column_text][\/vc_column][\/vc_row][vc_row full_width=\u00a0\u00bbstretch_row\u00a0\u00bb content_placement=\u00a0\u00bbmiddle\u00a0\u00bb css_animation=\u00a0\u00bbnone\u00a0\u00bb css=\u00a0\u00bb.vc_custom_1691476201817{border-bottom-width: 2px !important;padding-bottom: 20px !important;border-bottom-color: #72bd3e !important;border-bottom-style: solid !important;}\u00a0\u00bb][vc_column css_animation=\u00a0\u00bbfadeInLeft\u00a0\u00bb width=\u00a0\u00bb1\/2&Prime; css=\u00a0\u00bb.vc_custom_1691476581228{background-color: #0a0a0a !important;}\u00a0\u00bb][vc_video link=\u00a0\u00bbhttps:\/\/youtu.be\/DMIZjIgQk-E\u00a0\u00bb align=\u00a0\u00bbcenter\u00a0\u00bb][\/vc_column][vc_column css_animation=\u00a0\u00bbfadeInRight\u00a0\u00bb width=\u00a0\u00bb1\/2&Prime; el_class=\u00a0\u00bbjury-page-box\u00a0\u00bb][vc_single_image image=\u00a0\u00bb930&Prime; img_size=\u00a0\u00bbfull\u00a0\u00bb alignment=\u00a0\u00bbcenter\u00a0\u00bb][vc_column_text css=\u00a0\u00bb.vc_custom_1693732571582{margin-top: 10px !important;}\u00a0\u00bb]<\/p>\n<p style=\"text-align: center;\">Dr. Hesham Omran recevant le prix<\/p>\n<p>[\/vc_column_text][\/vc_column][\/vc_row]<\/p>\n<\/div>","protected":false},"excerpt":{"rendered":"<p>[vc_row full_width=\u00a0\u00bbstretch_row\u00a0\u00bb css=\u00a0\u00bb.vc_custom_1690156709277{border-bottom-width: 2px !important;background-color: #1a4265 !important;border-bottom-color: #72bd3e !important;border-bottom-style: solid !important;}\u00a0\u00bb][vc_column][vc_column_text] Dr. Hesham Omran [\/vc_column_text][\/vc_column][\/vc_row][vc_row full_width=\u00a0\u00bbstretch_row\u00a0\u00bb css=\u00a0\u00bb.vc_custom_1691476352877{padding-bottom: 40px !important;background-color: #1a4265 !important;}\u00a0\u00bb][vc_column el_class=\u00a0\u00bbjury-page-box\u00a0\u00bb][vc_single_image image=\u00a0\u00bb885&Prime; img_size=\u00a0\u00bbfull\u00a0\u00bb alignment=\u00a0\u00bbcenter\u00a0\u00bb el_class=\u00a0\u00bbjury-image\u00a0\u00bb][vc_column_text] \u00c9tats arabes [\/vc_column_text][vc_column_text css=\u00a0\u00bb.vc_custom_1693732555885{margin-top: 20px !important;}\u00a0\u00bb] Le Dr Hesham Omran a d\u00e9velopp\u00e9 une bo\u00eete \u00e0 outils r\u00e9volutionnaire qui permet aux scientifiques et aux ing\u00e9nieurs de cr\u00e9er des puces de [&hellip;]<\/p>\n","protected":false},"author":1,"featured_media":0,"parent":1540,"menu_order":0,"comment_status":"closed","ping_status":"closed","template":"","meta":{"footnotes":""},"class_list":["post-1470","page","type-page","status-publish","hentry"],"_links":{"self":[{"href":"https:\/\/unescoalfozanprize.org\/fr\/wp-json\/wp\/v2\/pages\/1470","targetHints":{"allow":["GET"]}}],"collection":[{"href":"https:\/\/unescoalfozanprize.org\/fr\/wp-json\/wp\/v2\/pages"}],"about":[{"href":"https:\/\/unescoalfozanprize.org\/fr\/wp-json\/wp\/v2\/types\/page"}],"author":[{"embeddable":true,"href":"https:\/\/unescoalfozanprize.org\/fr\/wp-json\/wp\/v2\/users\/1"}],"replies":[{"embeddable":true,"href":"https:\/\/unescoalfozanprize.org\/fr\/wp-json\/wp\/v2\/comments?post=1470"}],"version-history":[{"count":2,"href":"https:\/\/unescoalfozanprize.org\/fr\/wp-json\/wp\/v2\/pages\/1470\/revisions"}],"predecessor-version":[{"id":1478,"href":"https:\/\/unescoalfozanprize.org\/fr\/wp-json\/wp\/v2\/pages\/1470\/revisions\/1478"}],"up":[{"embeddable":true,"href":"https:\/\/unescoalfozanprize.org\/fr\/wp-json\/wp\/v2\/pages\/1540"}],"wp:attachment":[{"href":"https:\/\/unescoalfozanprize.org\/fr\/wp-json\/wp\/v2\/media?parent=1470"}],"curies":[{"name":"wp","href":"https:\/\/api.w.org\/{rel}","templated":true}]}}