{"id":1485,"date":"2023-07-24T00:13:57","date_gmt":"2023-07-24T00:13:57","guid":{"rendered":"https:\/\/unescoalfozanprize.org\/dr-jelena-vladic\/"},"modified":"2023-09-03T09:20:45","modified_gmt":"2023-09-03T09:20:45","slug":"dr-jelena-vladic","status":"publish","type":"page","link":"https:\/\/unescoalfozanprize.org\/fr\/first-edition\/dr-jelena-vladic\/","title":{"rendered":"Dr. Jelena Vladic"},"content":{"rendered":"<div class=\"wpb-content-wrapper\"><p>[vc_row full_width=\u00a0\u00bbstretch_row\u00a0\u00bb css=\u00a0\u00bb.vc_custom_1690156709277{border-bottom-width: 2px !important;background-color: #1a4265 !important;border-bottom-color: #72bd3e !important;border-bottom-style: solid !important;}\u00a0\u00bb][vc_column][vc_column_text]<\/p>\n<h2 style=\"text-align: center;\">Dr. Jelena Vladic<\/h2>\n<p>[\/vc_column_text][\/vc_column][\/vc_row][vc_row full_width=\u00a0\u00bbstretch_row\u00a0\u00bb css=\u00a0\u00bb.vc_custom_1691476352877{padding-bottom: 40px !important;background-color: #1a4265 !important;}\u00a0\u00bb][vc_column el_class=\u00a0\u00bbjury-page-box\u00a0\u00bb][vc_single_image image=\u00a0\u00bb888&Prime; img_size=\u00a0\u00bbfull\u00a0\u00bb alignment=\u00a0\u00bbcenter\u00a0\u00bb el_class=\u00a0\u00bbjury-image\u00a0\u00bb][vc_column_text]<\/p>\n<h3 style=\"text-align: center;\"><span style=\"color: #ffffff;\">Europe et Am\u00e9rique du Nord<\/span><\/h3>\n<p>[\/vc_column_text][vc_column_text css=\u00a0\u00bb.vc_custom_1693732812234{margin-top: 20px !important;}\u00a0\u00bb]<span style=\"color: #ffffff;\">Le Dr Jelena Vladic a r\u00e9volutionn\u00e9 le domaine de l&rsquo;extraction \u00e9cologique. Ses processus innovants permettent de valoriser les plantes aromatiques et m\u00e9dicinales, ainsi que les d\u00e9chets alimentaires et agricoles, en extrayant des produits de valeur \u00e0 partir d&rsquo;eux.<\/span><\/p>\n<p>&nbsp;<\/p>\n<p><span style=\"color: #ffffff;\">L&rsquo;une des r\u00e9alisations remarquables du Dr Vladic est l&rsquo;utilisation de microalgues d\u00e9riv\u00e9es du traitement des eaux us\u00e9es pour extraire des compos\u00e9s bioactifs. Alors que les microalgues sont connues pour leur composition riche en nutriments et leurs bienfaits pour la sant\u00e9, celles qui sont cultiv\u00e9es dans les eaux us\u00e9es sont g\u00e9n\u00e9ralement consid\u00e9r\u00e9es comme inadapt\u00e9es \u00e0 une utilisation humaine et animale en raison de la contamination potentielle. Cependant, les recherches novatrices du Dr Vladic ont permis de trouver une solution. Elle a d\u00e9couvert qu&rsquo;un solvant vert appel\u00e9 eau subcritique peut purifier efficacement la biomasse de microalgues d\u00e9riv\u00e9e du traitement des eaux us\u00e9es. Ce processus d&rsquo;extraction \u00e9limine les agents pathog\u00e8nes, garantissant que les extraits liquides obtenus sont s\u00fbrs et contiennent des composants bioactifs pouvant \u00eatre utilis\u00e9s dans diverses industries. Cette d\u00e9couverte a le potentiel de contribuer \u00e0 une \u00e9conomie v\u00e9ritablement circulaire en transformant les d\u00e9chets en ressources pr\u00e9cieuses.<\/span><\/p>\n<p>&nbsp;<\/p>\n<p><span style=\"color: #ffffff;\">Le Dr Vladic, ancienne membre du corps professoral de l&rsquo;Universit\u00e9 de technologie de Novi Sad en Serbie, est actuellement affili\u00e9e \u00e0 la NOVA School of Science and Technology de l&rsquo;Universit\u00e9 NOVA \u00e0 Lisbonne, au Portugal. Ses recherches pionni\u00e8res et son approche novatrice de l&rsquo;extraction \u00e9cologique favorisent des pratiques durables et ouvrent de nouvelles voies pour une utilisation efficace des ressources naturelles.<\/span><\/p>\n<p>&nbsp;<\/p>\n<p><span style=\"color: #ffffff;\">Le travail du Dr Jelena Vladic illustre le pouvoir de l&rsquo;innovation scientifique dans la promotion d&rsquo;un avenir plus vert et plus durable. En valorisant les plantes et les d\u00e9chets, elle ouvre la voie \u00e0 une \u00e9conomie circulaire qui embrasse les principes de protection de l&rsquo;environnement et d&rsquo;optimisation des ressources.<\/span>[\/vc_column_text][\/vc_column][\/vc_row][vc_row full_width=\u00a0\u00bbstretch_row\u00a0\u00bb content_placement=\u00a0\u00bbmiddle\u00a0\u00bb css_animation=\u00a0\u00bbnone\u00a0\u00bb css=\u00a0\u00bb.vc_custom_1691476201817{border-bottom-width: 2px !important;padding-bottom: 20px !important;border-bottom-color: #72bd3e !important;border-bottom-style: solid !important;}\u00a0\u00bb][vc_column css_animation=\u00a0\u00bbfadeInLeft\u00a0\u00bb width=\u00a0\u00bb1\/2&Prime; css=\u00a0\u00bb.vc_custom_1691476581228{background-color: #0a0a0a !important;}\u00a0\u00bb][vc_video link=\u00a0\u00bbhttps:\/\/youtu.be\/nSq_tcX1tDs\u00a0\u00bb align=\u00a0\u00bbcenter\u00a0\u00bb][\/vc_column][vc_column css_animation=\u00a0\u00bbfadeInRight\u00a0\u00bb width=\u00a0\u00bb1\/2&Prime; el_class=\u00a0\u00bbjury-page-box\u00a0\u00bb][vc_single_image image=\u00a0\u00bb942&Prime; img_size=\u00a0\u00bbfull\u00a0\u00bb alignment=\u00a0\u00bbcenter\u00a0\u00bb][vc_column_text css=\u00a0\u00bb.vc_custom_1693732843411{margin-top: 10px !important;}\u00a0\u00bb]<\/p>\n<p style=\"text-align: center;\">Dr. Jelena Vladic recevant le prix<\/p>\n<p>[\/vc_column_text][\/vc_column][\/vc_row]<\/p>\n<\/div>","protected":false},"excerpt":{"rendered":"<p>[vc_row full_width=\u00a0\u00bbstretch_row\u00a0\u00bb css=\u00a0\u00bb.vc_custom_1690156709277{border-bottom-width: 2px !important;background-color: #1a4265 !important;border-bottom-color: #72bd3e !important;border-bottom-style: solid !important;}\u00a0\u00bb][vc_column][vc_column_text] Dr. Jelena Vladic [\/vc_column_text][\/vc_column][\/vc_row][vc_row full_width=\u00a0\u00bbstretch_row\u00a0\u00bb css=\u00a0\u00bb.vc_custom_1691476352877{padding-bottom: 40px !important;background-color: #1a4265 !important;}\u00a0\u00bb][vc_column el_class=\u00a0\u00bbjury-page-box\u00a0\u00bb][vc_single_image image=\u00a0\u00bb888&Prime; img_size=\u00a0\u00bbfull\u00a0\u00bb alignment=\u00a0\u00bbcenter\u00a0\u00bb el_class=\u00a0\u00bbjury-image\u00a0\u00bb][vc_column_text] Europe et Am\u00e9rique du Nord [\/vc_column_text][vc_column_text css=\u00a0\u00bb.vc_custom_1693732812234{margin-top: 20px !important;}\u00a0\u00bb]Le Dr Jelena Vladic a r\u00e9volutionn\u00e9 le domaine de l&rsquo;extraction \u00e9cologique. Ses processus innovants permettent de valoriser les plantes aromatiques et [&hellip;]<\/p>\n","protected":false},"author":1,"featured_media":0,"parent":1540,"menu_order":0,"comment_status":"closed","ping_status":"closed","template":"","meta":{"footnotes":""},"class_list":["post-1485","page","type-page","status-publish","hentry"],"_links":{"self":[{"href":"https:\/\/unescoalfozanprize.org\/fr\/wp-json\/wp\/v2\/pages\/1485","targetHints":{"allow":["GET"]}}],"collection":[{"href":"https:\/\/unescoalfozanprize.org\/fr\/wp-json\/wp\/v2\/pages"}],"about":[{"href":"https:\/\/unescoalfozanprize.org\/fr\/wp-json\/wp\/v2\/types\/page"}],"author":[{"embeddable":true,"href":"https:\/\/unescoalfozanprize.org\/fr\/wp-json\/wp\/v2\/users\/1"}],"replies":[{"embeddable":true,"href":"https:\/\/unescoalfozanprize.org\/fr\/wp-json\/wp\/v2\/comments?post=1485"}],"version-history":[{"count":2,"href":"https:\/\/unescoalfozanprize.org\/fr\/wp-json\/wp\/v2\/pages\/1485\/revisions"}],"predecessor-version":[{"id":1487,"href":"https:\/\/unescoalfozanprize.org\/fr\/wp-json\/wp\/v2\/pages\/1485\/revisions\/1487"}],"up":[{"embeddable":true,"href":"https:\/\/unescoalfozanprize.org\/fr\/wp-json\/wp\/v2\/pages\/1540"}],"wp:attachment":[{"href":"https:\/\/unescoalfozanprize.org\/fr\/wp-json\/wp\/v2\/media?parent=1485"}],"curies":[{"name":"wp","href":"https:\/\/api.w.org\/{rel}","templated":true}]}}