{"id":1499,"date":"2023-07-24T00:06:24","date_gmt":"2023-07-24T00:06:24","guid":{"rendered":"https:\/\/unescoalfozanprize.org\/professor-abdon-atangana\/"},"modified":"2023-09-03T09:27:13","modified_gmt":"2023-09-03T09:27:13","slug":"professor-abdon-atangana","status":"publish","type":"page","link":"https:\/\/unescoalfozanprize.org\/fr\/first-edition\/professor-abdon-atangana\/","title":{"rendered":"Professor Abdon Atangana"},"content":{"rendered":"<div class=\"wpb-content-wrapper\"><p>[vc_row full_width=\u00a0\u00bbstretch_row\u00a0\u00bb css=\u00a0\u00bb.vc_custom_1690156709277{border-bottom-width: 2px !important;background-color: #1a4265 !important;border-bottom-color: #72bd3e !important;border-bottom-style: solid !important;}\u00a0\u00bb][vc_column][vc_column_text]<\/p>\n<h2 style=\"text-align: center;\">Professor Abdon Atangana<\/h2>\n<p>[\/vc_column_text][\/vc_column][\/vc_row][vc_row full_width=\u00a0\u00bbstretch_row\u00a0\u00bb css=\u00a0\u00bb.vc_custom_1691476352877{padding-bottom: 40px !important;background-color: #1a4265 !important;}\u00a0\u00bb][vc_column el_class=\u00a0\u00bbjury-page-box\u00a0\u00bb][vc_single_image image=\u00a0\u00bb891&Prime; img_size=\u00a0\u00bbfull\u00a0\u00bb alignment=\u00a0\u00bbcenter\u00a0\u00bb el_class=\u00a0\u00bbjury-image\u00a0\u00bb][vc_column_text]<\/p>\n<h3 style=\"text-align: center;\"><span style=\"color: #ffffff;\">Afrique<\/span><\/h3>\n<p>[\/vc_column_text][vc_column_text css=\u00a0\u00bb.vc_custom_1693733228855{margin-top: 20px !important;}\u00a0\u00bb]<span style=\"color: #ffffff;\">Le travail r\u00e9volutionnaire du Professeur Atangana a consid\u00e9rablement fait progresser le domaine des math\u00e9matiques, en particulier dans les domaines du calcul fractionnaire, des \u00e9quations diff\u00e9rentielles fractionnaires et de la mod\u00e9lisation math\u00e9matique. Ces outils math\u00e9matiques nous permettent de mod\u00e9liser des ph\u00e9nom\u00e8nes complexes et de relever des d\u00e9fis de la vie r\u00e9elle, tels que la compr\u00e9hension de la propagation des maladies infectieuses, l&rsquo;analyse des probl\u00e8mes de transfert de chaleur, l&rsquo;\u00e9tude de l&rsquo;\u00e9coulement et de la contamination des eaux souterraines, ainsi que la compr\u00e9hension des sch\u00e9mas m\u00e9t\u00e9orologiques.<\/span><\/p>\n<p>&nbsp;<\/p>\n<p><span style=\"color: #ffffff;\">Un aspect cl\u00e9 des recherches du Professeur Atangana est le d\u00e9veloppement d&rsquo;op\u00e9rateurs diff\u00e9rentiels reproduisant fid\u00e8lement des processus complexes qui sont autrement difficiles \u00e0 pr\u00e9dire. En introduisant des m\u00e9thodologies innovantes, il a apport\u00e9 de nouvelles perspectives pour \u00e9valuer l&rsquo;impact des maladies infectieuses sur les eaux souterraines, \u00e9clairant ainsi un aspect important de la sant\u00e9 publique et de la gestion de l&rsquo;environnement.<\/span><\/p>\n<p>&nbsp;<\/p>\n<p><span style=\"color: #ffffff;\">La nature interdisciplinaire des recherches du Professeur Atangana d\u00e9passe le cadre acad\u00e9mique et trouve des applications pratiques dans diverses industries. Par exemple, son travail a influenc\u00e9 le d\u00e9veloppement des fonctions de r\u00e9gulateur de vitesse dans les voitures, o\u00f9 le calcul fractionnaire joue un r\u00f4le essentiel. En approfondissant notre compr\u00e9hension des dynamiques complexes telles que le transfert de chaleur et l&rsquo;\u00e9coulement des fluides, les recherches du Professeur Atangana contribuent \u00e0 la cr\u00e9ation de strat\u00e9gies visant \u00e0 r\u00e9duire la consommation d&rsquo;\u00e9nergie et \u00e0 optimiser les syst\u00e8mes d&rsquo;\u00e9nergie renouvelable.<\/span><\/p>\n<p>&nbsp;<\/p>\n<p><span style=\"color: #ffffff;\">Actuellement professeur \u00e0 l&rsquo;Universit\u00e9 de l&rsquo;\u00c9tat libre de Bloemfontein en Afrique du Sud, le Professeur Abdon Atangana continue d&rsquo;inspirer et de repousser les limites des math\u00e9matiques, ouvrant la voie \u00e0 des solutions innovantes pour les probl\u00e8mes r\u00e9els.<\/span>[\/vc_column_text][\/vc_column][\/vc_row][vc_row full_width=\u00a0\u00bbstretch_row\u00a0\u00bb content_placement=\u00a0\u00bbmiddle\u00a0\u00bb css_animation=\u00a0\u00bbnone\u00a0\u00bb css=\u00a0\u00bb.vc_custom_1691476201817{border-bottom-width: 2px !important;padding-bottom: 20px !important;border-bottom-color: #72bd3e !important;border-bottom-style: solid !important;}\u00a0\u00bb][vc_column css_animation=\u00a0\u00bbfadeInLeft\u00a0\u00bb width=\u00a0\u00bb1\/2&Prime; css=\u00a0\u00bb.vc_custom_1691476581228{background-color: #0a0a0a !important;}\u00a0\u00bb][vc_video link=\u00a0\u00bbhttps:\/\/youtu.be\/2ulZ3kQNKSk\u00a0\u00bb align=\u00a0\u00bbcenter\u00a0\u00bb][\/vc_column][vc_column css_animation=\u00a0\u00bbfadeInRight\u00a0\u00bb width=\u00a0\u00bb1\/2&Prime; el_class=\u00a0\u00bbjury-page-box\u00a0\u00bb][vc_single_image image=\u00a0\u00bb936&Prime; img_size=\u00a0\u00bbfull\u00a0\u00bb alignment=\u00a0\u00bbcenter\u00a0\u00bb][vc_column_text css=\u00a0\u00bb.vc_custom_1693733166449{margin-top: 10px !important;}\u00a0\u00bb]<\/p>\n<p style=\"text-align: center;\">Professor Abdon Atangana recevant le prix<\/p>\n<p>[\/vc_column_text][\/vc_column][\/vc_row]<\/p>\n<\/div>","protected":false},"excerpt":{"rendered":"<p>[vc_row full_width=\u00a0\u00bbstretch_row\u00a0\u00bb css=\u00a0\u00bb.vc_custom_1690156709277{border-bottom-width: 2px !important;background-color: #1a4265 !important;border-bottom-color: #72bd3e !important;border-bottom-style: solid !important;}\u00a0\u00bb][vc_column][vc_column_text] Professor Abdon Atangana [\/vc_column_text][\/vc_column][\/vc_row][vc_row full_width=\u00a0\u00bbstretch_row\u00a0\u00bb css=\u00a0\u00bb.vc_custom_1691476352877{padding-bottom: 40px !important;background-color: #1a4265 !important;}\u00a0\u00bb][vc_column el_class=\u00a0\u00bbjury-page-box\u00a0\u00bb][vc_single_image image=\u00a0\u00bb891&Prime; img_size=\u00a0\u00bbfull\u00a0\u00bb alignment=\u00a0\u00bbcenter\u00a0\u00bb el_class=\u00a0\u00bbjury-image\u00a0\u00bb][vc_column_text] Afrique [\/vc_column_text][vc_column_text css=\u00a0\u00bb.vc_custom_1693733228855{margin-top: 20px !important;}\u00a0\u00bb]Le travail r\u00e9volutionnaire du Professeur Atangana a consid\u00e9rablement fait progresser le domaine des math\u00e9matiques, en particulier dans les domaines du calcul fractionnaire, des \u00e9quations diff\u00e9rentielles [&hellip;]<\/p>\n","protected":false},"author":1,"featured_media":0,"parent":1540,"menu_order":0,"comment_status":"closed","ping_status":"closed","template":"","meta":{"footnotes":""},"class_list":["post-1499","page","type-page","status-publish","hentry"],"_links":{"self":[{"href":"https:\/\/unescoalfozanprize.org\/fr\/wp-json\/wp\/v2\/pages\/1499","targetHints":{"allow":["GET"]}}],"collection":[{"href":"https:\/\/unescoalfozanprize.org\/fr\/wp-json\/wp\/v2\/pages"}],"about":[{"href":"https:\/\/unescoalfozanprize.org\/fr\/wp-json\/wp\/v2\/types\/page"}],"author":[{"embeddable":true,"href":"https:\/\/unescoalfozanprize.org\/fr\/wp-json\/wp\/v2\/users\/1"}],"replies":[{"embeddable":true,"href":"https:\/\/unescoalfozanprize.org\/fr\/wp-json\/wp\/v2\/comments?post=1499"}],"version-history":[{"count":3,"href":"https:\/\/unescoalfozanprize.org\/fr\/wp-json\/wp\/v2\/pages\/1499\/revisions"}],"predecessor-version":[{"id":1506,"href":"https:\/\/unescoalfozanprize.org\/fr\/wp-json\/wp\/v2\/pages\/1499\/revisions\/1506"}],"up":[{"embeddable":true,"href":"https:\/\/unescoalfozanprize.org\/fr\/wp-json\/wp\/v2\/pages\/1540"}],"wp:attachment":[{"href":"https:\/\/unescoalfozanprize.org\/fr\/wp-json\/wp\/v2\/media?parent=1499"}],"curies":[{"name":"wp","href":"https:\/\/api.w.org\/{rel}","templated":true}]}}