{"id":1510,"date":"2023-07-24T00:16:14","date_gmt":"2023-07-24T00:16:14","guid":{"rendered":"https:\/\/unescoalfozanprize.org\/prof-qiaomei-fu\/"},"modified":"2023-09-03T09:34:52","modified_gmt":"2023-09-03T09:34:52","slug":"prof-qiaomei-fu","status":"publish","type":"page","link":"https:\/\/unescoalfozanprize.org\/fr\/first-edition\/prof-qiaomei-fu\/","title":{"rendered":"Prof. Qiaomei Fu"},"content":{"rendered":"<div class=\"wpb-content-wrapper\"><p>[vc_row full_width=\u00a0\u00bbstretch_row\u00a0\u00bb css=\u00a0\u00bb.vc_custom_1690156709277{border-bottom-width: 2px !important;background-color: #1a4265 !important;border-bottom-color: #72bd3e !important;border-bottom-style: solid !important;}\u00a0\u00bb][vc_column][vc_column_text]<\/p>\n<h2 style=\"text-align: center;\">Prof. Qiaomei Fu<\/h2>\n<p>[\/vc_column_text][\/vc_column][\/vc_row][vc_row full_width=\u00a0\u00bbstretch_row\u00a0\u00bb css=\u00a0\u00bb.vc_custom_1691476352877{padding-bottom: 40px !important;background-color: #1a4265 !important;}\u00a0\u00bb][vc_column el_class=\u00a0\u00bbjury-page-box\u00a0\u00bb][vc_single_image image=\u00a0\u00bb894&Prime; img_size=\u00a0\u00bbfull\u00a0\u00bb alignment=\u00a0\u00bbcenter\u00a0\u00bb el_class=\u00a0\u00bbjury-image\u00a0\u00bb][vc_column_text]<\/p>\n<h3 style=\"text-align: center;\"><span style=\"color: #ffffff;\">Asie et Pacifique<\/span><\/h3>\n<p>[\/vc_column_text][vc_column_text css=\u00a0\u00bb.vc_custom_1693733690007{margin-top: 20px !important;}\u00a0\u00bb]<span style=\"color: #ffffff;\">Les recherches du Professeur Fu se concentrent sur l&rsquo;extraction d&rsquo;ADN \u00e0 partir de restes humains anciens et de s\u00e9diments, nous offrant ainsi un aper\u00e7u fascinant de l&rsquo;histoire \u00e9volutive des populations eurasiennes, avec une emphase particuli\u00e8re sur l&rsquo;Asie de l&rsquo;Est. En construisant une carte g\u00e9n\u00e9tique complexe couvrant les 100 000 derni\u00e8res ann\u00e9es, ses d\u00e9couvertes \u00e9clairent la diversit\u00e9 unique des populations humaines et offrent des connaissances pr\u00e9cieuses sur la mani\u00e8re dont les anc\u00eatres ont fa\u00e7onn\u00e9 notre patrimoine g\u00e9n\u00e9tique et nos traits adaptatifs aujourd&rsquo;hui.<\/span><\/p>\n<p>&nbsp;<\/p>\n<p><span style=\"color: #ffffff;\">L&rsquo;une des d\u00e9couvertes remarquables de l&rsquo;\u00e9quipe du Professeur Fu concerne les populations li\u00e9es \u00e0 l&rsquo;individu de la grotte de Tianyuan. Ces populations \u00e9taient largement dispers\u00e9es dans toute l&rsquo;Asie de l&rsquo;Est avant le dernier maximum glaciaire, une p\u00e9riode d&rsquo;environ 26 500 \u00e0 19 000 ans auparavant, mais semblaient avoir disparu \u00e0 la fin de cette \u00e8re. C&rsquo;est \u00e0 cette \u00e9poque que les premi\u00e8res populations anciennes du nord de l&rsquo;Asie de l&rsquo;Est sont apparues, accompagn\u00e9es de mutations dans un g\u00e8ne responsable du d\u00e9veloppement des tissus cutan\u00e9s. Ces mutations sont associ\u00e9es \u00e0 des caract\u00e9ristiques distinctives uniques aux Asiatiques de l&rsquo;Est, telles que des cheveux plus \u00e9pais et une densit\u00e9 plus \u00e9lev\u00e9e de glandes sudoripares. Elles t\u00e9moignent de l&rsquo;influence de la s\u00e9lection g\u00e9n\u00e9tique dans les environnements faiblement expos\u00e9s aux ultraviolets. Il y a environ 14 000 ans, les populations du nord de l&rsquo;Asie de l&rsquo;Est sont rest\u00e9es relativement continues et sont devenues la source principale et bien soutenue de l&rsquo;ascendance asiatique de l&rsquo;Am\u00e9rique native.<\/span><\/p>\n<p>&nbsp;<\/p>\n<p><span style=\"color: #ffffff;\">Actuellement, en tant que pal\u00e9og\u00e9n\u00e9ticien \u00e0 l&rsquo;Institut de pal\u00e9ontologie des vert\u00e9br\u00e9s et de pal\u00e9oanthropologie de l&rsquo;Acad\u00e9mie chinoise des sciences \u00e0 Beijing, le Professeur Qiaomei Fu continue de d\u00e9voiler les myst\u00e8res de notre pass\u00e9 ancien. Ses recherches pionni\u00e8res approfondissent non seulement notre compr\u00e9hension de l&rsquo;histoire humaine, mais mettent \u00e9galement en \u00e9vidence la tapisserie complexe de notre patrimoine g\u00e9n\u00e9tique.<\/span>[\/vc_column_text][\/vc_column][\/vc_row][vc_row full_width=\u00a0\u00bbstretch_row\u00a0\u00bb content_placement=\u00a0\u00bbmiddle\u00a0\u00bb css_animation=\u00a0\u00bbnone\u00a0\u00bb css=\u00a0\u00bb.vc_custom_1691476201817{border-bottom-width: 2px !important;padding-bottom: 20px !important;border-bottom-color: #72bd3e !important;border-bottom-style: solid !important;}\u00a0\u00bb][vc_column css_animation=\u00a0\u00bbfadeInLeft\u00a0\u00bb width=\u00a0\u00bb1\/2&Prime; css=\u00a0\u00bb.vc_custom_1691476581228{background-color: #0a0a0a !important;}\u00a0\u00bb][vc_video link=\u00a0\u00bbhttps:\/\/youtu.be\/Q5LP-KhIFbw\u00a0\u00bb align=\u00a0\u00bbcenter\u00a0\u00bb][\/vc_column][vc_column css_animation=\u00a0\u00bbfadeInRight\u00a0\u00bb width=\u00a0\u00bb1\/2&Prime; el_class=\u00a0\u00bbjury-page-box\u00a0\u00bb][vc_single_image image=\u00a0\u00bb1153&Prime; img_size=\u00a0\u00bbfull\u00a0\u00bb alignment=\u00a0\u00bbcenter\u00a0\u00bb][vc_column_text css=\u00a0\u00bb.vc_custom_1693733651896{margin-top: 10px !important;}\u00a0\u00bb]<\/p>\n<p style=\"text-align: center;\">Prof. Qiaomei Fu recevant le prix<\/p>\n<p>[\/vc_column_text][\/vc_column][\/vc_row]<\/p>\n<\/div>","protected":false},"excerpt":{"rendered":"<p>[vc_row full_width=\u00a0\u00bbstretch_row\u00a0\u00bb css=\u00a0\u00bb.vc_custom_1690156709277{border-bottom-width: 2px !important;background-color: #1a4265 !important;border-bottom-color: #72bd3e !important;border-bottom-style: solid !important;}\u00a0\u00bb][vc_column][vc_column_text] Prof. Qiaomei Fu [\/vc_column_text][\/vc_column][\/vc_row][vc_row full_width=\u00a0\u00bbstretch_row\u00a0\u00bb css=\u00a0\u00bb.vc_custom_1691476352877{padding-bottom: 40px !important;background-color: #1a4265 !important;}\u00a0\u00bb][vc_column el_class=\u00a0\u00bbjury-page-box\u00a0\u00bb][vc_single_image image=\u00a0\u00bb894&Prime; img_size=\u00a0\u00bbfull\u00a0\u00bb alignment=\u00a0\u00bbcenter\u00a0\u00bb el_class=\u00a0\u00bbjury-image\u00a0\u00bb][vc_column_text] Asie et Pacifique [\/vc_column_text][vc_column_text css=\u00a0\u00bb.vc_custom_1693733690007{margin-top: 20px !important;}\u00a0\u00bb]Les recherches du Professeur Fu se concentrent sur l&rsquo;extraction d&rsquo;ADN \u00e0 partir de restes humains anciens et de s\u00e9diments, nous offrant ainsi un [&hellip;]<\/p>\n","protected":false},"author":1,"featured_media":0,"parent":1540,"menu_order":0,"comment_status":"closed","ping_status":"closed","template":"","meta":{"footnotes":""},"class_list":["post-1510","page","type-page","status-publish","hentry"],"_links":{"self":[{"href":"https:\/\/unescoalfozanprize.org\/fr\/wp-json\/wp\/v2\/pages\/1510","targetHints":{"allow":["GET"]}}],"collection":[{"href":"https:\/\/unescoalfozanprize.org\/fr\/wp-json\/wp\/v2\/pages"}],"about":[{"href":"https:\/\/unescoalfozanprize.org\/fr\/wp-json\/wp\/v2\/types\/page"}],"author":[{"embeddable":true,"href":"https:\/\/unescoalfozanprize.org\/fr\/wp-json\/wp\/v2\/users\/1"}],"replies":[{"embeddable":true,"href":"https:\/\/unescoalfozanprize.org\/fr\/wp-json\/wp\/v2\/comments?post=1510"}],"version-history":[{"count":2,"href":"https:\/\/unescoalfozanprize.org\/fr\/wp-json\/wp\/v2\/pages\/1510\/revisions"}],"predecessor-version":[{"id":1527,"href":"https:\/\/unescoalfozanprize.org\/fr\/wp-json\/wp\/v2\/pages\/1510\/revisions\/1527"}],"up":[{"embeddable":true,"href":"https:\/\/unescoalfozanprize.org\/fr\/wp-json\/wp\/v2\/pages\/1540"}],"wp:attachment":[{"href":"https:\/\/unescoalfozanprize.org\/fr\/wp-json\/wp\/v2\/media?parent=1510"}],"curies":[{"name":"wp","href":"https:\/\/api.w.org\/{rel}","templated":true}]}}