{"id":1540,"date":"2023-07-23T13:01:40","date_gmt":"2023-07-23T13:01:40","guid":{"rendered":"https:\/\/unescoalfozanprize.org\/winners\/"},"modified":"2025-01-15T09:34:59","modified_gmt":"2025-01-15T09:34:59","slug":"first-edition","status":"publish","type":"page","link":"https:\/\/unescoalfozanprize.org\/fr\/first-edition\/","title":{"rendered":"Premi\u00e8re \u00c9dition"},"content":{"rendered":"<div class=\"wpb-content-wrapper\"><p>[vc_row][vc_column][vc_single_image image=\u00a0\u00bb864&Prime; img_size=\u00a0\u00bbfull\u00a0\u00bb alignment=\u00a0\u00bbcenter\u00a0\u00bb css_animation=\u00a0\u00bbfadeIn\u00a0\u00bb][\/vc_column][\/vc_row][vc_row][vc_column][vc_column_text]<\/p>\n<h2 style=\"text-align: center;\">F\u00e9licitations aux jeunes scientifiques laur\u00e9ats de la premi\u00e8re \u00e9dition du Prix international UNESCO Al Fozan<\/h2>\n<p>[\/vc_column_text][\/vc_column][\/vc_row][vc_row full_width=\u00a0\u00bbstretch_row\u00a0\u00bb css_animation=\u00a0\u00bbfadeIn\u00a0\u00bb css=\u00a0\u00bb.vc_custom_1690157954394{margin-top: 60px !important;border-bottom-width: 1px !important;background-color: #1a4265 !important;border-bottom-color: #1a4265 !important;border-bottom-style: solid !important;}\u00a0\u00bb][vc_column][vc_column_text]<\/p>\n<h2>Les laur\u00e9ats de la premi\u00e8re \u00e9dition<\/h2>\n<p>[\/vc_column_text][\/vc_column][\/vc_row][vc_row full_width=\u00a0\u00bbstretch_row\u00a0\u00bb css_animation=\u00a0\u00bbfadeIn\u00a0\u00bb el_class=\u00a0\u00bbjury-row\u00a0\u00bb css=\u00a0\u00bb.vc_custom_1690157960642{padding-bottom: 50px !important;background-color: #1a4265 !important;}\u00a0\u00bb][vc_column width=\u00a0\u00bb1\/6&Prime;]<div class=\"jury-member-box\">\n    <img decoding=\"async\" src=\"https:\/\/unescoalfozanprize.org\/wp-content\/uploads\/2023\/07\/dr-federico-ariel.jpg\" alt=\"\">\n    <div class=\"jury-content\">\n        <div class=\"jury-title\">Dr Fedrico Ariel<\/div>\n        <div class=\"jury-description\">Recherche innovante sur les ARNs longs non codants chez les plantes, une approche qui devrait r\u00e9volutionner le monde de la recherche<\/div>\n        <div class=\"fjtc-button-box\"><div class=\"fjtc-button\"><a href=\"https:\/\/unescoalfozanprize.org\/fr\/winners\/dr-federico-ariel\/\">Voir plus<\/a><\/div><\/div>\n    <\/div>\n<\/div>[\/vc_column][vc_column width=\u00a0\u00bb1\/6&Prime;]<div class=\"jury-member-box\">\n    <img decoding=\"async\" src=\"https:\/\/unescoalfozanprize.org\/wp-content\/uploads\/2023\/07\/dr-hesham-omran.jpg\" alt=\"\">\n    <div class=\"jury-content\">\n        <div class=\"jury-title\">Dr Hesham Omran<\/div>\n        <div class=\"jury-description\">pour son travail de pionnier dans le d\u00e9veloppement de la bo\u00eete \u00e0 outils du concepteur analogique (ADT)<\/div>\n        <div class=\"fjtc-button-box\"><div class=\"fjtc-button\"><a href=\"https:\/\/unescoalfozanprize.org\/fr\/winners\/dr-hesham-omran\/\">Voir plus<\/a><\/div><\/div>\n    <\/div>\n<\/div>[\/vc_column][vc_column width=\u00a0\u00bb1\/6&Prime;]<div class=\"jury-member-box\">\n    <img decoding=\"async\" src=\"https:\/\/unescoalfozanprize.org\/wp-content\/uploads\/2023\/07\/dr-jelena-vladic.jpg\" alt=\"\">\n    <div class=\"jury-content\">\n        <div class=\"jury-title\">Dr Jelena Vladic<\/div>\n        <div class=\"jury-description\">pour ses recherches novatrices sur les micro-algues dans le traitement des eaux us\u00e9es<\/div>\n        <div class=\"fjtc-button-box\"><div class=\"fjtc-button\"><a href=\"https:\/\/unescoalfozanprize.org\/fr\/winners\/dr-jelena-vladic\/\">Voir plus<\/a><\/div><\/div>\n    <\/div>\n<\/div>[\/vc_column][vc_column width=\u00a0\u00bb1\/6&Prime;]<div class=\"jury-member-box\">\n    <img decoding=\"async\" src=\"https:\/\/unescoalfozanprize.org\/wp-content\/uploads\/2023\/07\/professor-abdon-atangana.jpg\" alt=\"\">\n    <div class=\"jury-content\">\n        <div class=\"jury-title\">Prof. Abdon Atangana<\/div>\n        <div class=\"jury-description\">pour ses contributions novatrices dans le domaine des math\u00e9matiques<\/div>\n        <div class=\"fjtc-button-box\"><div class=\"fjtc-button\"><a href=\"https:\/\/unescoalfozanprize.org\/fr\/winners\/professor-abdon-atangana\/\">Voir plus<\/a><\/div><\/div>\n    <\/div>\n<\/div>[\/vc_column][vc_column width=\u00a0\u00bb1\/6&Prime;]<div class=\"jury-member-box\">\n    <img decoding=\"async\" src=\"https:\/\/unescoalfozanprize.org\/wp-content\/uploads\/2023\/07\/professor-qiaomei-fu.jpg\" alt=\"\">\n    <div class=\"jury-content\">\n        <div class=\"jury-title\">Prof. Qiaomei Fu<\/div>\n        <div class=\"jury-description\">pour ses travaux novateurs dans la construction d'une carte \u00e9volutive des populations eurasiennes au cours des 100 000 derni\u00e8res ann\u00e9es<\/div>\n        <div class=\"fjtc-button-box\"><div class=\"fjtc-button\"><a href=\"https:\/\/unescoalfozanprize.org\/fr\/winners\/prof-qiaomei-fu\/\">Voir plus<\/a><\/div><\/div>\n    <\/div>\n<\/div>[\/vc_column][\/vc_row][vc_row full_width=\u00a0\u00bbstretch_row\u00a0\u00bb css_animation=\u00a0\u00bbfadeInUp\u00a0\u00bb css=\u00a0\u00bb.vc_custom_1690157912904{padding-top: 40px !important;padding-bottom: 40px !important;}\u00a0\u00bb][vc_column][vc_column_text]<\/p>\n<h2 style=\"text-align: center;\">Les moments forts de la c\u00e9r\u00e9monie<\/h2>\n<p>[\/vc_column_text][vc_raw_html]JTNDaWZyYW1lJTIwY2xhc3MlM0QlMjJ2aWRlbyUyMiUyMHNyYyUzRCUyMmh0dHBzJTNBJTJGJTJGd3d3LnlvdXR1YmUuY29tJTJGZW1iZWQlMkZIVm1Qa2xJR1ZKcyUzRnNpJTNEOUlCZEw1LTk0ZDNjQ2xOZSUyNnJlbCUzRDAlMjIlMjB0aXRsZSUzRCUyMllvdVR1YmUlMjB2aWRlbyUyMHBsYXllciUyMiUyMGZyYW1lYm9yZGVyJTNEJTIyMCUyMiUyMGFsbG93JTNEJTIyYWNjZWxlcm9tZXRlciUzQiUyMGF1dG9wbGF5JTNCJTIwY2xpcGJvYXJkLXdyaXRlJTNCJTIwZW5jcnlwdGVkLW1lZGlhJTNCJTIwZ3lyb3Njb3BlJTNCJTIwcGljdHVyZS1pbi1waWN0dXJlJTNCJTIwd2ViLXNoYXJlJTIyJTIwYWxsb3dmdWxsc2NyZWVuJTNFJTNDJTJGaWZyYW1lJTNF[\/vc_raw_html][vc_column_text css=\u00a0\u00bb.vc_custom_1693764013816{margin-top: 40px !important;}\u00a0\u00bb]Le 19 juin, une prestigieuse c\u00e9r\u00e9monie de remise des prix a eu lieu pour honorer les laur\u00e9ats exceptionnels : le Professeur Abdon Atangana, le Professeur Qiaomei Fu, le Dr. Hesham Omran, le Dr. Jelena Vladic et le Dr. Federico Ariel. Cette grande occasion a marqu\u00e9 une c\u00e9l\u00e9bration de leurs r\u00e9alisations r\u00e9volutionnaires et de leurs contributions dans leurs domaines respectifs. La c\u00e9r\u00e9monie a \u00e9t\u00e9 honor\u00e9e par la pr\u00e9sence d&rsquo;invit\u00e9s distingu\u00e9s, notamment des ambassadeurs de diverses nations, ainsi que des ministres d&rsquo;Arabie saoudite.<\/p>\n<p>Le lieu \u00e9tait orn\u00e9 d&rsquo;une atmosph\u00e8re d&rsquo;attente et d&rsquo;excitation alors que les laur\u00e9ats, leurs familles et les invit\u00e9s \u00e9minents se rassemblaient en pr\u00e9vision de cette occasion m\u00e9morable. L&rsquo;\u00e9v\u00e9nement a \u00e9t\u00e9 organis\u00e9 par l&rsquo;UNESCO, repr\u00e9sent\u00e9e par le Directeur g\u00e9n\u00e9ral adjoint, qui a prononc\u00e9 un discours \u00e9mouvant mettant en \u00e9vidence l&rsquo;importance du travail des laur\u00e9ats dans la promotion du savoir et le d\u00e9veloppement durable.<\/p>\n<p>Le Pr\u00e9sident de la Fondation Al Fozan \u00e9tait \u00e9galement pr\u00e9sent pour honorer la c\u00e9r\u00e9monie. Avec grand honneur, il a remis aux laur\u00e9ats leurs prix bien m\u00e9rit\u00e9s, reconnaissant leurs contributions exceptionnelles qui ont valu une reconnaissance et une admiration mondiales.<\/p>\n<p>La pr\u00e9sence d&rsquo;ambassadeurs de diverses nations a ajout\u00e9 une touche de camaraderie internationale \u00e0 l&rsquo;\u00e9v\u00e9nement, symbolisant l&rsquo;impact mondial et la reconnaissance accord\u00e9s aux laur\u00e9ats. Leur pr\u00e9sence illustre l&rsquo;importance de la collaboration et de l&rsquo;\u00e9change de connaissances \u00e0 l&rsquo;\u00e9chelle mondiale.<\/p>\n<p>La pr\u00e9sence notable de ministres d&rsquo;Arabie saoudite a \u00e9galement soulign\u00e9 l&rsquo;engagement du pays envers l&rsquo;excellence acad\u00e9mique et le progr\u00e8s scientifique. Leur pr\u00e9sence a mis en \u00e9vidence le soutien immense et la reconnaissance que les r\u00e9alisations des laur\u00e9ats ont re\u00e7us au niveau national.<\/p>\n<p>La c\u00e9r\u00e9monie de remise des prix n&rsquo;a pas seulement \u00e9t\u00e9 un moment pour reconna\u00eetre les r\u00e9alisations remarquables des laur\u00e9ats, mais aussi une occasion d&rsquo;inspirer les g\u00e9n\u00e9rations futures. Le travail r\u00e9volutionnaire des laur\u00e9ats sert de phare d&rsquo;espoir, encourageant les jeunes esprits \u00e0 poursuivre le savoir, l&rsquo;innovation et la qu\u00eate de l&rsquo;excellence.[\/vc_column_text][\/vc_column][\/vc_row][vc_row full_width=\u00a0\u00bbstretch_row\u00a0\u00bb css=\u00a0\u00bb.vc_custom_1672606744771{background-color: #1a4265 !important;}\u00a0\u00bb][vc_column][vc_column_text]<\/p>\n<h2>Le Jury International de la premi\u00e8re \u00e9dition 2023<\/h2>\n<p>[\/vc_column_text][\/vc_column][\/vc_row][vc_row full_width=\u00a0\u00bbstretch_row\u00a0\u00bb css=\u00a0\u00bb.vc_custom_1731780437398{background-color: #1a4265 !important;}\u00a0\u00bb el_class=\u00a0\u00bbjury-row\u00a0\u00bb][vc_column css_animation=\u00a0\u00bbfadeInUp\u00a0\u00bb width=\u00a0\u00bb1\/6&Prime;]<div class=\"jury-member-box\">\n    <img decoding=\"async\" src=\"https:\/\/unescoalfozanprize.org\/wp-content\/uploads\/2023\/01\/prof_adah_almutairi.png\" alt=\"\">\n    <div class=\"jury-content\">\n        <div class=\"jury-title\">Prof. Adah Almutairi<\/div>\n        <div class=\"jury-description\">L'une des dix femmes ing\u00e9nieurs les plus influentes au monde selon Forbes<\/div>\n        <div class=\"fjtc-button-box\"><div class=\"fjtc-button\"><a href=\"https:\/\/unescoalfozanprize.org\/fr\/prof-adah-almutairi\/\">Voir plus<\/a><\/div><\/div>\n    <\/div>\n<\/div>[\/vc_column][vc_column css_animation=\u00a0\u00bbfadeInUp\u00a0\u00bb width=\u00a0\u00bb1\/6&Prime;]<div class=\"jury-member-box\">\n    <img decoding=\"async\" src=\"https:\/\/unescoalfozanprize.org\/wp-content\/uploads\/2023\/01\/prof_didier_queloz.png\" alt=\"\">\n    <div class=\"jury-content\">\n        <div class=\"jury-title\">Prof. Didier Queloz<\/div>\n        <div class=\"jury-description\">Professeur de physique au Cambridge Cavendish Laboratory et \u00e0 temps partiel \u00e0 l'universit\u00e9 de Gen\u00e8ve.<\/div>\n        <div class=\"fjtc-button-box\"><div class=\"fjtc-button\"><a href=\"https:\/\/unescoalfozanprize.org\/fr\/professor-didier-queloz\/\">Voir plus<\/a><\/div><\/div>\n    <\/div>\n<\/div>[\/vc_column][vc_column css_animation=\u00a0\u00bbfadeInUp\u00a0\u00bb width=\u00a0\u00bb1\/6&Prime;]<div class=\"jury-member-box\">\n    <img decoding=\"async\" src=\"https:\/\/unescoalfozanprize.org\/wp-content\/uploads\/2023\/01\/dr_edna_matta_camacho.png\" alt=\"\">\n    <div class=\"jury-content\">\n        <div class=\"jury-title\">Dr. Edna Matta-Camacho<\/div>\n        <div class=\"jury-description\">Biologiste structurel poss\u00e9dant une vaste exp\u00e9rience dans le monde universitaire et le secteur priv\u00e9.<\/div>\n        <div class=\"fjtc-button-box\"><div class=\"fjtc-button\"><a href=\"https:\/\/unescoalfozanprize.org\/fr\/dr-edna-matta-camacho\/\">Voir plus<\/a><\/div><\/div>\n    <\/div>\n<\/div>[\/vc_column][vc_column css_animation=\u00a0\u00bbfadeInUp\u00a0\u00bb width=\u00a0\u00bb1\/6&Prime;]<div class=\"jury-member-box\">\n    <img decoding=\"async\" src=\"https:\/\/unescoalfozanprize.org\/wp-content\/uploads\/2023\/01\/dr_fadji_zaouna_maina.png\" alt=\"\">\n    <div class=\"jury-content\">\n        <div class=\"jury-title\">Dr. Fadji Zaouna Maina<\/div>\n        <div class=\"jury-description\">Chercheur associ\u00e9 au laboratoire des sciences hydrologiques du Goddard Space Flight Center de la NASA.<\/div>\n        <div class=\"fjtc-button-box\"><div class=\"fjtc-button\"><a href=\"https:\/\/unescoalfozanprize.org\/fr\/dr-fadji-zaouna-maina\/\">Voir plus<\/a><\/div><\/div>\n    <\/div>\n<\/div>[\/vc_column][vc_column css_animation=\u00a0\u00bbfadeInUp\u00a0\u00bb width=\u00a0\u00bb1\/6&Prime;]<div class=\"jury-member-box\">\n    <img decoding=\"async\" src=\"https:\/\/unescoalfozanprize.org\/wp-content\/uploads\/2023\/01\/prof_ngo_bao_chau.png\" alt=\"\">\n    <div class=\"jury-content\">\n        <div class=\"jury-title\">Prof. Ngo Bao Chau<\/div>\n        <div class=\"jury-description\">Professeur distingu\u00e9 de la m\u00e9daille Fields 2010, Universit\u00e9 de Chicago<\/div>\n        <div class=\"fjtc-button-box\"><div class=\"fjtc-button\"><a href=\"https:\/\/unescoalfozanprize.org\/fr\/professor-ngo-bao-chau\/\">Voir plus<\/a><\/div><\/div>\n    <\/div>\n<\/div>[\/vc_column][\/vc_row][vc_row full_width=\u00a0\u00bbstretch_row\u00a0\u00bb css=\u00a0\u00bb.vc_custom_1672606744771{background-color: #1a4265 !important;}\u00a0\u00bb][vc_column width=\u00a0\u00bb2\/3&Prime;][vc_column_text]<\/p>\n<p style=\"color: #eee;\">Le jury de la premi\u00e8re \u00e9dition est compos\u00e9 de cinq membres \u00e9minents, ind\u00e9pendants, qui sont des personnalit\u00e9s jouissant d\u2019une r\u00e9putation reconnue dans le domaine des STIM. La s\u00e9lection du jury est bas\u00e9e sur la n\u00e9cessit\u00e9 d\u2019une repr\u00e9sentation diversifi\u00e9e des domaines scientifiques, d\u2019une r\u00e9partition g\u00e9ographique \u00e9quitable et de l\u2019\u00e9galit\u00e9 des sexes.<\/p>\n<p>[\/vc_column_text][\/vc_column][vc_column width=\u00a0\u00bb1\/3&Prime;][\/vc_column][\/vc_row]<\/p>\n<\/div>","protected":false},"excerpt":{"rendered":"<p>[vc_row][vc_column][vc_single_image image=\u00a0\u00bb864&Prime; img_size=\u00a0\u00bbfull\u00a0\u00bb alignment=\u00a0\u00bbcenter\u00a0\u00bb css_animation=\u00a0\u00bbfadeIn\u00a0\u00bb][\/vc_column][\/vc_row][vc_row][vc_column][vc_column_text] F\u00e9licitations aux jeunes scientifiques laur\u00e9ats de la premi\u00e8re \u00e9dition du Prix international UNESCO Al Fozan [\/vc_column_text][\/vc_column][\/vc_row][vc_row full_width=\u00a0\u00bbstretch_row\u00a0\u00bb css_animation=\u00a0\u00bbfadeIn\u00a0\u00bb css=\u00a0\u00bb.vc_custom_1690157954394{margin-top: 60px !important;border-bottom-width: 1px !important;background-color: #1a4265 !important;border-bottom-color: #1a4265 !important;border-bottom-style: solid !important;}\u00a0\u00bb][vc_column][vc_column_text] Les laur\u00e9ats de la premi\u00e8re \u00e9dition [\/vc_column_text][\/vc_column][\/vc_row][vc_row full_width=\u00a0\u00bbstretch_row\u00a0\u00bb css_animation=\u00a0\u00bbfadeIn\u00a0\u00bb el_class=\u00a0\u00bbjury-row\u00a0\u00bb css=\u00a0\u00bb.vc_custom_1690157960642{padding-bottom: 50px !important;background-color: #1a4265 !important;}\u00a0\u00bb][vc_column width=\u00a0\u00bb1\/6&Prime;][\/vc_column][vc_column width=\u00a0\u00bb1\/6&Prime;][\/vc_column][vc_column width=\u00a0\u00bb1\/6&Prime;][\/vc_column][vc_column width=\u00a0\u00bb1\/6&Prime;][\/vc_column][vc_column width=\u00a0\u00bb1\/6&Prime;][\/vc_column][\/vc_row][vc_row full_width=\u00a0\u00bbstretch_row\u00a0\u00bb [&hellip;]<\/p>\n","protected":false},"author":1,"featured_media":0,"parent":0,"menu_order":0,"comment_status":"closed","ping_status":"closed","template":"","meta":{"footnotes":""},"class_list":["post-1540","page","type-page","status-publish","hentry"],"_links":{"self":[{"href":"https:\/\/unescoalfozanprize.org\/fr\/wp-json\/wp\/v2\/pages\/1540","targetHints":{"allow":["GET"]}}],"collection":[{"href":"https:\/\/unescoalfozanprize.org\/fr\/wp-json\/wp\/v2\/pages"}],"about":[{"href":"https:\/\/unescoalfozanprize.org\/fr\/wp-json\/wp\/v2\/types\/page"}],"author":[{"embeddable":true,"href":"https:\/\/unescoalfozanprize.org\/fr\/wp-json\/wp\/v2\/users\/1"}],"replies":[{"embeddable":true,"href":"https:\/\/unescoalfozanprize.org\/fr\/wp-json\/wp\/v2\/comments?post=1540"}],"version-history":[{"count":10,"href":"https:\/\/unescoalfozanprize.org\/fr\/wp-json\/wp\/v2\/pages\/1540\/revisions"}],"predecessor-version":[{"id":5871,"href":"https:\/\/unescoalfozanprize.org\/fr\/wp-json\/wp\/v2\/pages\/1540\/revisions\/5871"}],"wp:attachment":[{"href":"https:\/\/unescoalfozanprize.org\/fr\/wp-json\/wp\/v2\/media?parent=1540"}],"curies":[{"name":"wp","href":"https:\/\/api.w.org\/{rel}","templated":true}]}}