{"id":1597,"date":"2023-08-15T06:55:02","date_gmt":"2023-08-15T06:55:02","guid":{"rendered":"https:\/\/unescoalfozanprize.org\/media\/"},"modified":"2025-10-18T09:44:16","modified_gmt":"2025-10-18T09:44:16","slug":"media","status":"publish","type":"page","link":"https:\/\/unescoalfozanprize.org\/fr\/media\/","title":{"rendered":"M\u00e9dia"},"content":{"rendered":"<div class=\"wpb-content-wrapper\"><p>[vc_row][vc_column css=\u00a0\u00bb.vc_custom_1692082602586{margin-bottom: 40px !important;border-top-width: 2px !important;padding-top: 40px !important;border-top-color: #72bd3e !important;border-top-style: solid !important;}\u00a0\u00bb][vc_column_text]<\/p>\n<h1 style=\"text-align: center;\">Media<\/h1>\n<p>[\/vc_column_text][\/vc_column][\/vc_row][vc_row][vc_column width=\u00a0\u00bb1\/2&Prime;][vc_single_image image=\u00a0\u00bb7984&Prime; img_size=\u00a0\u00bbfull\u00a0\u00bb onclick=\u00a0\u00bbcustom_link\u00a0\u00bb link=\u00a0\u00bbhttps:\/\/unescoalfozanprize.org\/fr\/media\/unesco-al-fozan-prize-ceremony-2nd-edition-september-19-2025\/\u00a0\u00bb][vc_column_text]<\/p>\n<h2>C\u00e9r\u00e9monie de remise du prix UNESCO-Al Fozan (2e \u00e9dition) \u2013 2025<\/h2>\n<p>[\/vc_column_text][\/vc_column][vc_column width=\u00a0\u00bb1\/2&Prime;][vc_single_image image=\u00a0\u00bb989&Prime; img_size=\u00a0\u00bbfull\u00a0\u00bb onclick=\u00a0\u00bbcustom_link\u00a0\u00bb link=\u00a0\u00bbhttps:\/\/unescoalfozanprize.org\/fr\/media\/unesco-al-fozan-prize-ceremony-in-paris-2023\/\u00a0\u00bb][vc_column_text]<\/p>\n<h2>C\u00e9r\u00e9monie de remise du prix UNESCO Al Fozan \u00e0 Paris &#8211; 2023<\/h2>\n<p>[\/vc_column_text][\/vc_column][\/vc_row][vc_row][vc_column width=\u00a0\u00bb1\/2&Prime;][vc_single_image image=\u00a0\u00bb1658&Prime; img_size=\u00a0\u00bbfull\u00a0\u00bb onclick=\u00a0\u00bbcustom_link\u00a0\u00bb link=\u00a0\u00bbhttps:\/\/unescoalfozanprize.org\/fr\/media\/eye-on-the-future-2023\/\u00a0\u00bb][vc_column_text]<\/p>\n<h2>Eye on the Future &#8211; 2023<\/h2>\n<p>[\/vc_column_text][\/vc_column][vc_column width=\u00a0\u00bb1\/2&Prime;][vc_single_image image=\u00a0\u00bb1757&Prime; img_size=\u00a0\u00bbfull\u00a0\u00bb onclick=\u00a0\u00bbcustom_link\u00a0\u00bb link=\u00a0\u00bbhttps:\/\/unescoalfozanprize.org\/fr\/media\/the-international-conference-exhibition-for-education-2022\/\u00a0\u00bb][vc_column_text]<\/p>\n<h2>La conf\u00e9rence internationale et l&rsquo;exposition pour l&rsquo;\u00e9ducation &#8211; 2022<\/h2>\n<p>[\/vc_column_text][\/vc_column][\/vc_row][vc_row][vc_column width=\u00a0\u00bb1\/2&Prime;][vc_single_image image=\u00a0\u00bb1827&Prime; img_size=\u00a0\u00bbfull\u00a0\u00bb onclick=\u00a0\u00bbcustom_link\u00a0\u00bb link=\u00a0\u00bbhttps:\/\/unescoalfozanprize.org\/fr\/the-jury-session-2023\/\u00a0\u00bb][vc_column_text]<\/p>\n<h2>La session du jury &#8211; 2023<\/h2>\n<p>[\/vc_column_text][\/vc_column][vc_column width=\u00a0\u00bb1\/2&Prime;][vc_single_image image=\u00a0\u00bb1921&Prime; img_size=\u00a0\u00bbfull\u00a0\u00bb onclick=\u00a0\u00bbcustom_link\u00a0\u00bb link=\u00a0\u00bbhttps:\/\/unescoalfozanprize.org\/fr\/media\/establishment-of-the-unesco-al-fozan-international-prize\/\u00a0\u00bb][vc_column_text]<\/p>\n<h2>Cr\u00e9ation du Prix international UNESCO &#8211; Al Fozan- 2021<\/h2>\n<p>[\/vc_column_text][\/vc_column][\/vc_row][vc_row][vc_column width=\u00a0\u00bb1\/2&Prime;][vc_single_image image=\u00a0\u00bb1984&Prime; img_size=\u00a0\u00bbfull\u00a0\u00bb onclick=\u00a0\u00bbcustom_link\u00a0\u00bb link=\u00a0\u00bbhttps:\/\/unescoalfozanprize.org\/fr\/media\/the-visit-of-unesco-and-the-jury-of-the-unesco-al-fozan-international-prize\/\u00a0\u00bb][vc_column_text]<\/p>\n<h2>La visite de l&rsquo;UNESCO et du jury du Prix international UNESCO-Al Fozan &#8211; 2023<\/h2>\n<p>[\/vc_column_text][\/vc_column][vc_column width=\u00a0\u00bb1\/2&Prime;][\/vc_column][\/vc_row]<\/p>\n<\/div>","protected":false},"excerpt":{"rendered":"<p>[vc_row][vc_column css=\u00a0\u00bb.vc_custom_1692082602586{margin-bottom: 40px !important;border-top-width: 2px !important;padding-top: 40px !important;border-top-color: #72bd3e !important;border-top-style: solid !important;}\u00a0\u00bb][vc_column_text] Media [\/vc_column_text][\/vc_column][\/vc_row][vc_row][vc_column width=\u00a0\u00bb1\/2&Prime;][vc_single_image image=\u00a0\u00bb7984&Prime; img_size=\u00a0\u00bbfull\u00a0\u00bb onclick=\u00a0\u00bbcustom_link\u00a0\u00bb link=\u00a0\u00bbhttps:\/\/unescoalfozanprize.org\/fr\/media\/unesco-al-fozan-prize-ceremony-2nd-edition-september-19-2025\/\u00a0\u00bb][vc_column_text] C\u00e9r\u00e9monie de remise du prix UNESCO-Al Fozan (2e \u00e9dition) \u2013 2025 [\/vc_column_text][\/vc_column][vc_column width=\u00a0\u00bb1\/2&Prime;][vc_single_image image=\u00a0\u00bb989&Prime; img_size=\u00a0\u00bbfull\u00a0\u00bb onclick=\u00a0\u00bbcustom_link\u00a0\u00bb link=\u00a0\u00bbhttps:\/\/unescoalfozanprize.org\/fr\/media\/unesco-al-fozan-prize-ceremony-in-paris-2023\/\u00a0\u00bb][vc_column_text] C\u00e9r\u00e9monie de remise du prix UNESCO Al Fozan \u00e0 Paris &#8211; 2023 [\/vc_column_text][\/vc_column][\/vc_row][vc_row][vc_column width=\u00a0\u00bb1\/2&Prime;][vc_single_image image=\u00a0\u00bb1658&Prime; img_size=\u00a0\u00bbfull\u00a0\u00bb onclick=\u00a0\u00bbcustom_link\u00a0\u00bb link=\u00a0\u00bbhttps:\/\/unescoalfozanprize.org\/fr\/media\/eye-on-the-future-2023\/\u00a0\u00bb][vc_column_text] Eye [&hellip;]<\/p>\n","protected":false},"author":1,"featured_media":0,"parent":0,"menu_order":0,"comment_status":"closed","ping_status":"closed","template":"","meta":{"footnotes":""},"class_list":["post-1597","page","type-page","status-publish","hentry"],"_links":{"self":[{"href":"https:\/\/unescoalfozanprize.org\/fr\/wp-json\/wp\/v2\/pages\/1597","targetHints":{"allow":["GET"]}}],"collection":[{"href":"https:\/\/unescoalfozanprize.org\/fr\/wp-json\/wp\/v2\/pages"}],"about":[{"href":"https:\/\/unescoalfozanprize.org\/fr\/wp-json\/wp\/v2\/types\/page"}],"author":[{"embeddable":true,"href":"https:\/\/unescoalfozanprize.org\/fr\/wp-json\/wp\/v2\/users\/1"}],"replies":[{"embeddable":true,"href":"https:\/\/unescoalfozanprize.org\/fr\/wp-json\/wp\/v2\/comments?post=1597"}],"version-history":[{"count":22,"href":"https:\/\/unescoalfozanprize.org\/fr\/wp-json\/wp\/v2\/pages\/1597\/revisions"}],"predecessor-version":[{"id":8042,"href":"https:\/\/unescoalfozanprize.org\/fr\/wp-json\/wp\/v2\/pages\/1597\/revisions\/8042"}],"wp:attachment":[{"href":"https:\/\/unescoalfozanprize.org\/fr\/wp-json\/wp\/v2\/media?parent=1597"}],"curies":[{"name":"wp","href":"https:\/\/api.w.org\/{rel}","templated":true}]}}