{"id":1608,"date":"2023-09-27T05:58:08","date_gmt":"2023-09-27T05:58:08","guid":{"rendered":"https:\/\/unescoalfozanprize.org\/about\/al-fozan-foundation\/"},"modified":"2024-10-09T07:52:22","modified_gmt":"2024-10-09T07:52:22","slug":"al-fozan-foundation","status":"publish","type":"page","link":"https:\/\/unescoalfozanprize.org\/fr\/about\/al-fozan-foundation\/","title":{"rendered":"\u00c0 propos du fondateur du prix, M. Abdullah\u00a0Al\u00a0Fozan"},"content":{"rendered":"<div class=\"wpb-content-wrapper\"><p>[vc_row full_width=\u00a0\u00bbstretch_row\u00a0\u00bb equal_height=\u00a0\u00bbyes\u00a0\u00bb content_placement=\u00a0\u00bbmiddle\u00a0\u00bb el_class=\u00a0\u00bbhome-content\u00a0\u00bb css=\u00a0\u00bb.vc_custom_1728460341135{padding-top: 35px !important;padding-bottom: 35px !important;background-color: #f2f2f2 !important;}\u00a0\u00bb][vc_column width=\u00a0\u00bb1\/2&Prime; css=\u00a0\u00bb.vc_custom_1675512714157{background-image: url(http:\/\/unescoalfozanprize.org\/wp-content\/uploads\/revslider\/home-slider-en\/UNESCOBG1-222.png?id=121) !important;background-position: 0 0 !important;background-repeat: no-repeat !important;}\u00a0\u00bb][vc_column_text]<\/p>\n<h2>\u00c0 propos du fondateur du prix,<\/h2>\n<h2>M. Abdullah\u00a0Al\u00a0Fozan<\/h2>\n<p>Gr\u00e2ce \u00e0 ses initiatives philanthropiques novatrices dans les secteurs de l&rsquo;\u00e9ducation, de l&rsquo;environnement et de la sant\u00e9, M. Al Fozan est largement consid\u00e9r\u00e9 comme un innovateur dans le secteur \u00e0 but non lucratif en Arabie saoudite. Refl\u00e9tant sa passion pour le travail humanitaire, il est pr\u00e9sident du conseil d&rsquo;administration de la Fondation sociale Al Fozan, qui incarne l&rsquo;engagement profond d&rsquo;Al Fozan Holding Company \u00e0 rendre service \u00e0 la communaut\u00e9 au sein de laquelle elle op\u00e8re.<\/p>\n<p>M. Al Fozan, qui est titulaire d&rsquo;une licence en comptabilit\u00e9 de l&rsquo;universit\u00e9 King Saud de Riyad, est \u00e9galement pr\u00e9sident et directeur g\u00e9n\u00e9ral de plusieurs soci\u00e9t\u00e9s prosp\u00e8res op\u00e9rant dans les domaines de l&rsquo;immobilier, de la sant\u00e9, de la technologie et autres, telles que Retal, Ajdan et eXtra.<\/p>\n<p>&nbsp;<\/p>\n<p><a href=\"https:\/\/alfozan.com\/chairman-message\">https:\/\/alfozan.com\/chairman-message<\/a>[\/vc_column_text][\/vc_column][vc_column width=\u00a0\u00bb1\/2&Prime; el_class=\u00a0\u00bbalign-button mobile-height\u00a0\u00bb css=\u00a0\u00bb.vc_custom_1728460162168{margin-bottom: 35px !important;}\u00a0\u00bb][vc_single_image image=\u00a0\u00bb1043&Prime; img_size=\u00a0\u00bbfull\u00a0\u00bb alignment=\u00a0\u00bbcenter\u00a0\u00bb][\/vc_column][\/vc_row]<\/p>\n<\/div>","protected":false},"excerpt":{"rendered":"<p>[vc_row full_width=\u00a0\u00bbstretch_row\u00a0\u00bb equal_height=\u00a0\u00bbyes\u00a0\u00bb content_placement=\u00a0\u00bbmiddle\u00a0\u00bb el_class=\u00a0\u00bbhome-content\u00a0\u00bb css=\u00a0\u00bb.vc_custom_1728460341135{padding-top: 35px !important;padding-bottom: 35px !important;background-color: #f2f2f2 !important;}\u00a0\u00bb][vc_column width=\u00a0\u00bb1\/2&Prime; css=\u00a0\u00bb.vc_custom_1675512714157{background-image: url(http:\/\/unescoalfozanprize.org\/wp-content\/uploads\/revslider\/home-slider-en\/UNESCOBG1-222.png?id=121) !important;background-position: 0 0 !important;background-repeat: no-repeat !important;}\u00a0\u00bb][vc_column_text] \u00c0 propos du fondateur du prix, M. Abdullah\u00a0Al\u00a0Fozan Gr\u00e2ce \u00e0 ses initiatives philanthropiques novatrices dans les secteurs de l&rsquo;\u00e9ducation, de l&rsquo;environnement et de la sant\u00e9, M. Al Fozan est largement consid\u00e9r\u00e9 comme un innovateur [&hellip;]<\/p>\n","protected":false},"author":1,"featured_media":0,"parent":354,"menu_order":0,"comment_status":"closed","ping_status":"closed","template":"","meta":{"footnotes":""},"class_list":["post-1608","page","type-page","status-publish","hentry"],"_links":{"self":[{"href":"https:\/\/unescoalfozanprize.org\/fr\/wp-json\/wp\/v2\/pages\/1608","targetHints":{"allow":["GET"]}}],"collection":[{"href":"https:\/\/unescoalfozanprize.org\/fr\/wp-json\/wp\/v2\/pages"}],"about":[{"href":"https:\/\/unescoalfozanprize.org\/fr\/wp-json\/wp\/v2\/types\/page"}],"author":[{"embeddable":true,"href":"https:\/\/unescoalfozanprize.org\/fr\/wp-json\/wp\/v2\/users\/1"}],"replies":[{"embeddable":true,"href":"https:\/\/unescoalfozanprize.org\/fr\/wp-json\/wp\/v2\/comments?post=1608"}],"version-history":[{"count":12,"href":"https:\/\/unescoalfozanprize.org\/fr\/wp-json\/wp\/v2\/pages\/1608\/revisions"}],"predecessor-version":[{"id":4938,"href":"https:\/\/unescoalfozanprize.org\/fr\/wp-json\/wp\/v2\/pages\/1608\/revisions\/4938"}],"up":[{"embeddable":true,"href":"https:\/\/unescoalfozanprize.org\/fr\/wp-json\/wp\/v2\/pages\/354"}],"wp:attachment":[{"href":"https:\/\/unescoalfozanprize.org\/fr\/wp-json\/wp\/v2\/media?parent=1608"}],"curies":[{"name":"wp","href":"https:\/\/api.w.org\/{rel}","templated":true}]}}