{"id":1851,"date":"2023-10-19T09:03:43","date_gmt":"2023-10-19T09:03:43","guid":{"rendered":"https:\/\/unescoalfozanprize.org\/media\/the-jury-session-2023\/"},"modified":"2024-02-04T13:29:35","modified_gmt":"2024-02-04T13:29:35","slug":"the-visit-of-unesco-and-the-jury-of-the-unesco-al-fozan-international-prize","status":"publish","type":"page","link":"https:\/\/unescoalfozanprize.org\/fr\/media\/the-visit-of-unesco-and-the-jury-of-the-unesco-al-fozan-international-prize\/","title":{"rendered":"La visite de l&rsquo;UNESCO et du jury du Prix international UNESCO-Al Fozan"},"content":{"rendered":"<div class=\"wpb-content-wrapper\"><p>[vc_row][vc_column css=\u00a0\u00bb.vc_custom_1692083312516{border-top-width: 2px !important;border-bottom-width: 2px !important;padding-top: 40px !important;padding-bottom: 40px !important;border-top-color: #72bd3e !important;border-top-style: solid !important;border-bottom-color: #72bd3e !important;border-bottom-style: solid !important;}\u00a0\u00bb][vc_column_text]<\/p>\n<h2 style=\"text-align: center;\">La visite de l&rsquo;UNESCO et du jury du Prix international UNESCO-Al Fozan<\/h2>\n<p>[\/vc_column_text][vc_column_text]Lors de la visite de l&rsquo;UNESCO et du distingu\u00e9 jury du Prix international UNESCO-Al Fozan pour la promotion des jeunes scientifiques dans les STIM, la d\u00e9l\u00e9gation a eu le privil\u00e8ge d&rsquo;explorer deux sites exceptionnels : l&rsquo;oasis du roi Salman et le site de Diriyah, inscrit au patrimoine mondial de l&rsquo;UNESCO. L&rsquo;oasis du roi Salman a offert \u00e0 la d\u00e9l\u00e9gation un environnement captivant qui lui a permis d&rsquo;observer directement l&rsquo;intersection entre les STIM et le d\u00e9veloppement durable. Ce site illustre l&rsquo;int\u00e9gration de principes scientifiques et de solutions innovantes dans la cr\u00e9ation d&rsquo;une oasis durable, soulignant l&rsquo;importance des STIM pour relever les d\u00e9fis environnementaux et promouvoir des pratiques durables.<\/p>\n<p>&nbsp;<\/p>\n<p>En outre, la d\u00e9l\u00e9gation a visit\u00e9 le site de Diriyah, inscrit au patrimoine mondial de l&rsquo;UNESCO, qui a mis en \u00e9vidence la riche signification culturelle et historique de la r\u00e9gion. En tant que site du patrimoine mondial de l&rsquo;UNESCO, Diriyah est un symbole de la pr\u00e9servation culturelle et sert \u00e0 honorer et \u00e0 prot\u00e9ger notre patrimoine humain commun. La visite de ce site a permis \u00e0 la d\u00e9l\u00e9gation d&rsquo;appr\u00e9cier l&rsquo;importance historique de la diversit\u00e9 culturelle et de la conservation du patrimoine, soulignant le r\u00f4le de l&rsquo;UNESCO dans la sauvegarde et la promotion de la compr\u00e9hension et du dialogue culturels.[\/vc_column_text][\/vc_column][\/vc_row][vc_row][vc_column css=\u00a0\u00bb.vc_custom_1698131840377{border-top-width: 0px !important;border-bottom-width: 2px !important;padding-top: 70px !important;padding-bottom: 40px !important;border-top-color: #72bd3e !important;border-top-style: solid !important;border-bottom-color: #72bd3e !important;border-bottom-style: solid !important;}\u00a0\u00bb][vc_raw_html]JTNDaWZyYW1lJTIwY2xhc3MlM0QlMjJ2aWRlbyUyMiUyMHNyYyUzRCUyMmh0dHBzJTNBJTJGJTJGd3d3LnlvdXR1YmUuY29tJTJGZW1iZWQlMkZReUlfNW9PQ2RaOCUzRnNpJTNEX2xWQzZCbXd1bWhvTW5zQyUyNnJlbCUzRDAlMjIlMjB0aXRsZSUzRCUyMllvdVR1YmUlMjB2aWRlbyUyMHBsYXllciUyMiUyMGZyYW1lYm9yZGVyJTNEJTIyMCUyMiUyMGFsbG93JTNEJTIyYWNjZWxlcm9tZXRlciUzQiUyMGF1dG9wbGF5JTNCJTIwY2xpcGJvYXJkLXdyaXRlJTNCJTIwZW5jcnlwdGVkLW1lZGlhJTNCJTIwZ3lyb3Njb3BlJTNCJTIwcGljdHVyZS1pbi1waWN0dXJlJTNCJTIwd2ViLXNoYXJlJTIyJTIwYWxsb3dmdWxsc2NyZWVuJTNFJTNDJTJGaWZyYW1lJTNF[\/vc_raw_html][\/vc_column][\/vc_row][vc_row][vc_column css=\u00a0\u00bb.vc_custom_1692083422437{margin-top: 40px !important;}\u00a0\u00bb]<div class=\"unesco-gallery\"><a class=\"gallery-item\" href=\"https:\/\/unescoalfozanprize.org\/wp-content\/uploads\/2023\/10\/The-Visit-of-UNESCO-and-the-Jury-of-the-UNESCO-Al-Fozan-International-Prize-1024x576.jpg\" data-pswp-width=\"1024\" data-pswp-height=\"576\" ><img decoding=\"async\" src=\"https:\/\/unescoalfozanprize.org\/wp-content\/uploads\/2023\/10\/The-Visit-of-UNESCO-and-the-Jury-of-the-UNESCO-Al-Fozan-International-Prize-300x169.jpg\" alt=\"Gallery Item\" \/><\/a><a class=\"gallery-item\" href=\"https:\/\/unescoalfozanprize.org\/wp-content\/uploads\/2023\/10\/DSC04765-1024x684.jpg\" data-pswp-width=\"1024\" data-pswp-height=\"684\" ><img decoding=\"async\" src=\"https:\/\/unescoalfozanprize.org\/wp-content\/uploads\/2023\/10\/DSC04765-300x200.jpg\" alt=\"Gallery Item\" \/><\/a><a class=\"gallery-item\" href=\"https:\/\/unescoalfozanprize.org\/wp-content\/uploads\/2023\/10\/DSC04752-1024x684.jpg\" data-pswp-width=\"1024\" data-pswp-height=\"684\" ><img decoding=\"async\" src=\"https:\/\/unescoalfozanprize.org\/wp-content\/uploads\/2023\/10\/DSC04752-300x200.jpg\" alt=\"Gallery Item\" \/><\/a><a class=\"gallery-item\" href=\"https:\/\/unescoalfozanprize.org\/wp-content\/uploads\/2023\/10\/DSC04746-1024x684.jpg\" data-pswp-width=\"1024\" data-pswp-height=\"684\" ><img decoding=\"async\" src=\"https:\/\/unescoalfozanprize.org\/wp-content\/uploads\/2023\/10\/DSC04746-300x200.jpg\" alt=\"Gallery Item\" \/><\/a><a class=\"gallery-item\" href=\"https:\/\/unescoalfozanprize.org\/wp-content\/uploads\/2023\/10\/DSC04740-1024x684.jpg\" data-pswp-width=\"1024\" data-pswp-height=\"684\" ><img decoding=\"async\" src=\"https:\/\/unescoalfozanprize.org\/wp-content\/uploads\/2023\/10\/DSC04740-300x200.jpg\" alt=\"Gallery Item\" \/><\/a><a class=\"gallery-item\" href=\"https:\/\/unescoalfozanprize.org\/wp-content\/uploads\/2023\/10\/DSC04661-1024x684.jpg\" data-pswp-width=\"1024\" data-pswp-height=\"684\" ><img decoding=\"async\" src=\"https:\/\/unescoalfozanprize.org\/wp-content\/uploads\/2023\/10\/DSC04661-300x200.jpg\" alt=\"Gallery Item\" \/><\/a><a class=\"gallery-item\" href=\"https:\/\/unescoalfozanprize.org\/wp-content\/uploads\/2023\/10\/DSC04648-1024x684.jpg\" data-pswp-width=\"1024\" data-pswp-height=\"684\" ><img decoding=\"async\" src=\"https:\/\/unescoalfozanprize.org\/wp-content\/uploads\/2023\/10\/DSC04648-300x200.jpg\" alt=\"Gallery Item\" \/><\/a><a class=\"gallery-item\" href=\"https:\/\/unescoalfozanprize.org\/wp-content\/uploads\/2023\/10\/DSC04634-1024x684.jpg\" data-pswp-width=\"1024\" data-pswp-height=\"684\" ><img decoding=\"async\" src=\"https:\/\/unescoalfozanprize.org\/wp-content\/uploads\/2023\/10\/DSC04634-300x200.jpg\" alt=\"Gallery Item\" \/><\/a><a class=\"gallery-item\" href=\"https:\/\/unescoalfozanprize.org\/wp-content\/uploads\/2023\/10\/DSC04627-1024x684.jpg\" data-pswp-width=\"1024\" data-pswp-height=\"684\" ><img decoding=\"async\" src=\"https:\/\/unescoalfozanprize.org\/wp-content\/uploads\/2023\/10\/DSC04627-300x200.jpg\" alt=\"Gallery Item\" \/><\/a><a class=\"gallery-item\" href=\"https:\/\/unescoalfozanprize.org\/wp-content\/uploads\/2023\/10\/DSC04624-1024x684.jpg\" data-pswp-width=\"1024\" data-pswp-height=\"684\" ><img decoding=\"async\" src=\"https:\/\/unescoalfozanprize.org\/wp-content\/uploads\/2023\/10\/DSC04624-300x200.jpg\" alt=\"Gallery Item\" \/><\/a><a class=\"gallery-item\" href=\"https:\/\/unescoalfozanprize.org\/wp-content\/uploads\/2023\/10\/DSC04618-1024x684.jpg\" data-pswp-width=\"1024\" data-pswp-height=\"684\" ><img decoding=\"async\" src=\"https:\/\/unescoalfozanprize.org\/wp-content\/uploads\/2023\/10\/DSC04618-300x200.jpg\" alt=\"Gallery Item\" \/><\/a><a class=\"gallery-item\" href=\"https:\/\/unescoalfozanprize.org\/wp-content\/uploads\/2023\/10\/DSC04614-1024x684.jpg\" data-pswp-width=\"1024\" data-pswp-height=\"684\" ><img decoding=\"async\" src=\"https:\/\/unescoalfozanprize.org\/wp-content\/uploads\/2023\/10\/DSC04614-300x200.jpg\" alt=\"Gallery Item\" \/><\/a><a class=\"gallery-item\" href=\"https:\/\/unescoalfozanprize.org\/wp-content\/uploads\/2023\/10\/DSC04592-1024x684.jpg\" data-pswp-width=\"1024\" data-pswp-height=\"684\" ><img decoding=\"async\" src=\"https:\/\/unescoalfozanprize.org\/wp-content\/uploads\/2023\/10\/DSC04592-300x200.jpg\" alt=\"Gallery Item\" \/><\/a><a class=\"gallery-item\" href=\"https:\/\/unescoalfozanprize.org\/wp-content\/uploads\/2023\/10\/DSC04572-1024x684.jpg\" data-pswp-width=\"1024\" data-pswp-height=\"684\" ><img decoding=\"async\" src=\"https:\/\/unescoalfozanprize.org\/wp-content\/uploads\/2023\/10\/DSC04572-300x200.jpg\" alt=\"Gallery Item\" \/><\/a><a class=\"gallery-item\" href=\"https:\/\/unescoalfozanprize.org\/wp-content\/uploads\/2023\/10\/DSC04540-1024x684.jpg\" data-pswp-width=\"1024\" data-pswp-height=\"684\" ><img decoding=\"async\" src=\"https:\/\/unescoalfozanprize.org\/wp-content\/uploads\/2023\/10\/DSC04540-300x200.jpg\" alt=\"Gallery Item\" \/><\/a><a class=\"gallery-item\" href=\"https:\/\/unescoalfozanprize.org\/wp-content\/uploads\/2023\/10\/DSC04536-1024x684.jpg\" data-pswp-width=\"1024\" data-pswp-height=\"684\" ><img decoding=\"async\" src=\"https:\/\/unescoalfozanprize.org\/wp-content\/uploads\/2023\/10\/DSC04536-300x200.jpg\" alt=\"Gallery Item\" \/><\/a><a class=\"gallery-item\" href=\"https:\/\/unescoalfozanprize.org\/wp-content\/uploads\/2023\/10\/DSC04514-1024x684.jpg\" data-pswp-width=\"1024\" data-pswp-height=\"684\" ><img decoding=\"async\" src=\"https:\/\/unescoalfozanprize.org\/wp-content\/uploads\/2023\/10\/DSC04514-300x200.jpg\" alt=\"Gallery Item\" \/><\/a><a class=\"gallery-item\" href=\"https:\/\/unescoalfozanprize.org\/wp-content\/uploads\/2023\/10\/DSC04505-1024x684.jpg\" data-pswp-width=\"1024\" data-pswp-height=\"684\" ><img decoding=\"async\" src=\"https:\/\/unescoalfozanprize.org\/wp-content\/uploads\/2023\/10\/DSC04505-300x200.jpg\" alt=\"Gallery Item\" \/><\/a><a class=\"gallery-item\" href=\"https:\/\/unescoalfozanprize.org\/wp-content\/uploads\/2023\/10\/DSC04504-1024x684.jpg\" data-pswp-width=\"1024\" data-pswp-height=\"684\" ><img decoding=\"async\" src=\"https:\/\/unescoalfozanprize.org\/wp-content\/uploads\/2023\/10\/DSC04504-300x200.jpg\" alt=\"Gallery Item\" \/><\/a><a class=\"gallery-item\" href=\"https:\/\/unescoalfozanprize.org\/wp-content\/uploads\/2023\/10\/DSC04496-1024x684.jpg\" data-pswp-width=\"1024\" data-pswp-height=\"684\" ><img decoding=\"async\" src=\"https:\/\/unescoalfozanprize.org\/wp-content\/uploads\/2023\/10\/DSC04496-300x200.jpg\" alt=\"Gallery Item\" \/><\/a><a class=\"gallery-item\" href=\"https:\/\/unescoalfozanprize.org\/wp-content\/uploads\/2023\/10\/DSC04489-1024x684.jpg\" data-pswp-width=\"1024\" data-pswp-height=\"684\" ><img decoding=\"async\" src=\"https:\/\/unescoalfozanprize.org\/wp-content\/uploads\/2023\/10\/DSC04489-300x200.jpg\" alt=\"Gallery Item\" \/><\/a><a class=\"gallery-item\" href=\"https:\/\/unescoalfozanprize.org\/wp-content\/uploads\/2023\/10\/DSC04484-1024x684.jpg\" data-pswp-width=\"1024\" data-pswp-height=\"684\" ><img decoding=\"async\" src=\"https:\/\/unescoalfozanprize.org\/wp-content\/uploads\/2023\/10\/DSC04484-300x200.jpg\" alt=\"Gallery Item\" \/><\/a><a class=\"gallery-item\" href=\"https:\/\/unescoalfozanprize.org\/wp-content\/uploads\/2023\/10\/DSC04452-1024x684.jpg\" data-pswp-width=\"1024\" data-pswp-height=\"684\" ><img decoding=\"async\" src=\"https:\/\/unescoalfozanprize.org\/wp-content\/uploads\/2023\/10\/DSC04452-300x200.jpg\" alt=\"Gallery Item\" \/><\/a><\/div>[\/vc_column][\/vc_row]<\/p>\n<\/div>","protected":false},"excerpt":{"rendered":"<p>[vc_row][vc_column css=\u00a0\u00bb.vc_custom_1692083312516{border-top-width: 2px !important;border-bottom-width: 2px !important;padding-top: 40px !important;padding-bottom: 40px !important;border-top-color: #72bd3e !important;border-top-style: solid !important;border-bottom-color: #72bd3e !important;border-bottom-style: solid !important;}\u00a0\u00bb][vc_column_text] La visite de l&rsquo;UNESCO et du jury du Prix international UNESCO-Al Fozan [\/vc_column_text][vc_column_text]Lors de la visite de l&rsquo;UNESCO et du distingu\u00e9 jury du Prix international UNESCO-Al Fozan pour la promotion des jeunes scientifiques dans les STIM, la [&hellip;]<\/p>\n","protected":false},"author":2,"featured_media":0,"parent":1597,"menu_order":0,"comment_status":"closed","ping_status":"closed","template":"","meta":{"footnotes":""},"class_list":["post-1851","page","type-page","status-publish","hentry"],"_links":{"self":[{"href":"https:\/\/unescoalfozanprize.org\/fr\/wp-json\/wp\/v2\/pages\/1851","targetHints":{"allow":["GET"]}}],"collection":[{"href":"https:\/\/unescoalfozanprize.org\/fr\/wp-json\/wp\/v2\/pages"}],"about":[{"href":"https:\/\/unescoalfozanprize.org\/fr\/wp-json\/wp\/v2\/types\/page"}],"author":[{"embeddable":true,"href":"https:\/\/unescoalfozanprize.org\/fr\/wp-json\/wp\/v2\/users\/2"}],"replies":[{"embeddable":true,"href":"https:\/\/unescoalfozanprize.org\/fr\/wp-json\/wp\/v2\/comments?post=1851"}],"version-history":[{"count":5,"href":"https:\/\/unescoalfozanprize.org\/fr\/wp-json\/wp\/v2\/pages\/1851\/revisions"}],"predecessor-version":[{"id":2868,"href":"https:\/\/unescoalfozanprize.org\/fr\/wp-json\/wp\/v2\/pages\/1851\/revisions\/2868"}],"up":[{"embeddable":true,"href":"https:\/\/unescoalfozanprize.org\/fr\/wp-json\/wp\/v2\/pages\/1597"}],"wp:attachment":[{"href":"https:\/\/unescoalfozanprize.org\/fr\/wp-json\/wp\/v2\/media?parent=1851"}],"curies":[{"name":"wp","href":"https:\/\/api.w.org\/{rel}","templated":true}]}}