{"id":1937,"date":"2023-10-19T09:29:32","date_gmt":"2023-10-19T09:29:32","guid":{"rendered":"https:\/\/unescoalfozanprize.org\/establishment-of-the-unesco-al-fozan-international-prize\/"},"modified":"2023-10-23T07:36:19","modified_gmt":"2023-10-23T07:36:19","slug":"establishment-of-the-unesco-al-fozan-international-prize","status":"publish","type":"page","link":"https:\/\/unescoalfozanprize.org\/fr\/media\/establishment-of-the-unesco-al-fozan-international-prize\/","title":{"rendered":"Cr\u00e9ation du Prix international UNESCO \u2013 Al Fozan- 2021"},"content":{"rendered":"<div class=\"wpb-content-wrapper\"><p>[vc_row][vc_column css=\u00a0\u00bb.vc_custom_1692083312516{border-top-width: 2px !important;border-bottom-width: 2px !important;padding-top: 40px !important;padding-bottom: 40px !important;border-top-color: #72bd3e !important;border-top-style: solid !important;border-bottom-color: #72bd3e !important;border-bottom-style: solid !important;}\u00a0\u00bb][vc_column_text]<\/p>\n<h2 style=\"text-align: center;\">Cr\u00e9ation du Prix international UNESCO &#8211; Al Fozan- 2021<\/h2>\n<p>[\/vc_column_text][vc_column_text]Le Prix international UNESCO &#8211; Al Fozan pour la promotion de jeunes scientifiques dans le domaine des STIM a \u00e9t\u00e9 cr\u00e9\u00e9 par le Conseil ex\u00e9cutif de l&rsquo;UNESCO en octobre 2021 dans le but de renforcer la recherche et l&rsquo;\u00e9ducation dans le domaine des STIM ainsi que la collaboration internationale. Ce prix prestigieux vise \u00e0 reconna\u00eetre les r\u00e9alisations de jeunes individus dont les contributions ont le potentiel de stimuler la transformation socio-\u00e9conomique et le d\u00e9veloppement au niveau mondial. En outre, il vise \u00e0 susciter un plus grand int\u00e9r\u00eat pour les sciences, en particulier chez les filles et les femmes, afin de promouvoir l&rsquo;\u00e9galit\u00e9 des sexes, la culture scientifique et la poursuite de carri\u00e8res scientifiques. En reconnaissant et en soutenant les r\u00e9alisations de jeunes scientifiques, ce prix vise \u00e0 favoriser une culture de l&rsquo;excellence scientifique, de l&rsquo;innovation et de l&rsquo;inclusion, faisant ainsi progresser les domaines des STIM et contribuant au progr\u00e8s g\u00e9n\u00e9ral de la soci\u00e9t\u00e9.[\/vc_column_text][\/vc_column][\/vc_row][vc_row][vc_column css=\u00a0\u00bb.vc_custom_1692083422437{margin-top: 40px !important;}\u00a0\u00bb]<div class=\"unesco-gallery\"><a class=\"gallery-item\" href=\"https:\/\/unescoalfozanprize.org\/wp-content\/uploads\/2023\/10\/W7A0417-1024x683.jpg\" data-pswp-width=\"1024\" data-pswp-height=\"683\" ><img decoding=\"async\" src=\"https:\/\/unescoalfozanprize.org\/wp-content\/uploads\/2023\/10\/W7A0417-300x200.jpg\" alt=\"Gallery Item\" \/><\/a><a class=\"gallery-item\" href=\"https:\/\/unescoalfozanprize.org\/wp-content\/uploads\/2023\/10\/W7A0267-1024x683.jpg\" data-pswp-width=\"1024\" data-pswp-height=\"683\" ><img decoding=\"async\" src=\"https:\/\/unescoalfozanprize.org\/wp-content\/uploads\/2023\/10\/W7A0267-300x200.jpg\" alt=\"Gallery Item\" \/><\/a><a class=\"gallery-item\" href=\"https:\/\/unescoalfozanprize.org\/wp-content\/uploads\/2023\/10\/W7A0222-1024x683.jpg\" data-pswp-width=\"1024\" data-pswp-height=\"683\" ><img decoding=\"async\" src=\"https:\/\/unescoalfozanprize.org\/wp-content\/uploads\/2023\/10\/W7A0222-300x200.jpg\" alt=\"Gallery Item\" \/><\/a><a class=\"gallery-item\" href=\"https:\/\/unescoalfozanprize.org\/wp-content\/uploads\/2023\/10\/08A0418-1024x683.jpg\" data-pswp-width=\"1024\" data-pswp-height=\"683\" ><img decoding=\"async\" src=\"https:\/\/unescoalfozanprize.org\/wp-content\/uploads\/2023\/10\/08A0418-300x200.jpg\" alt=\"Gallery Item\" \/><\/a><a class=\"gallery-item\" href=\"https:\/\/unescoalfozanprize.org\/wp-content\/uploads\/2023\/10\/08A0434-1024x683.jpg\" data-pswp-width=\"1024\" data-pswp-height=\"683\" ><img decoding=\"async\" src=\"https:\/\/unescoalfozanprize.org\/wp-content\/uploads\/2023\/10\/08A0434-300x200.jpg\" alt=\"Gallery Item\" \/><\/a><a class=\"gallery-item\" href=\"https:\/\/unescoalfozanprize.org\/wp-content\/uploads\/2023\/10\/W7A0033-1024x683.jpg\" data-pswp-width=\"1024\" data-pswp-height=\"683\" ><img decoding=\"async\" src=\"https:\/\/unescoalfozanprize.org\/wp-content\/uploads\/2023\/10\/W7A0033-300x200.jpg\" alt=\"Gallery Item\" \/><\/a><a class=\"gallery-item\" href=\"https:\/\/unescoalfozanprize.org\/wp-content\/uploads\/2023\/10\/W7A0054-1024x683.jpg\" data-pswp-width=\"1024\" data-pswp-height=\"683\" ><img decoding=\"async\" src=\"https:\/\/unescoalfozanprize.org\/wp-content\/uploads\/2023\/10\/W7A0054-300x200.jpg\" alt=\"Gallery Item\" \/><\/a><a class=\"gallery-item\" href=\"https:\/\/unescoalfozanprize.org\/wp-content\/uploads\/2023\/10\/W7A0154-1024x683.jpg\" data-pswp-width=\"1024\" data-pswp-height=\"683\" ><img decoding=\"async\" src=\"https:\/\/unescoalfozanprize.org\/wp-content\/uploads\/2023\/10\/W7A0154-300x200.jpg\" alt=\"Gallery Item\" \/><\/a><a class=\"gallery-item\" href=\"https:\/\/unescoalfozanprize.org\/wp-content\/uploads\/2023\/10\/W7A0186-1024x683.jpg\" data-pswp-width=\"1024\" data-pswp-height=\"683\" ><img decoding=\"async\" src=\"https:\/\/unescoalfozanprize.org\/wp-content\/uploads\/2023\/10\/W7A0186-300x200.jpg\" alt=\"Gallery Item\" \/><\/a><a class=\"gallery-item\" href=\"https:\/\/unescoalfozanprize.org\/wp-content\/uploads\/2023\/10\/W7A0221-1024x683.jpg\" data-pswp-width=\"1024\" data-pswp-height=\"683\" ><img decoding=\"async\" src=\"https:\/\/unescoalfozanprize.org\/wp-content\/uploads\/2023\/10\/W7A0221-300x200.jpg\" alt=\"Gallery Item\" \/><\/a><a class=\"gallery-item\" href=\"https:\/\/unescoalfozanprize.org\/wp-content\/uploads\/2023\/10\/08A0405-1024x683.jpg\" data-pswp-width=\"1024\" data-pswp-height=\"683\" ><img decoding=\"async\" src=\"https:\/\/unescoalfozanprize.org\/wp-content\/uploads\/2023\/10\/08A0405-300x200.jpg\" alt=\"Gallery Item\" \/><\/a><a class=\"gallery-item\" href=\"https:\/\/unescoalfozanprize.org\/wp-content\/uploads\/2023\/10\/08A0402-1024x683.jpg\" data-pswp-width=\"1024\" data-pswp-height=\"683\" ><img decoding=\"async\" src=\"https:\/\/unescoalfozanprize.org\/wp-content\/uploads\/2023\/10\/08A0402-300x200.jpg\" alt=\"Gallery Item\" \/><\/a><a class=\"gallery-item\" href=\"https:\/\/unescoalfozanprize.org\/wp-content\/uploads\/2023\/10\/08A0261-1024x683.jpg\" data-pswp-width=\"1024\" data-pswp-height=\"683\" ><img decoding=\"async\" src=\"https:\/\/unescoalfozanprize.org\/wp-content\/uploads\/2023\/10\/08A0261-300x200.jpg\" alt=\"Gallery Item\" \/><\/a><a class=\"gallery-item\" href=\"https:\/\/unescoalfozanprize.org\/wp-content\/uploads\/2023\/10\/08A0244-1024x683.jpg\" data-pswp-width=\"1024\" data-pswp-height=\"683\" ><img decoding=\"async\" src=\"https:\/\/unescoalfozanprize.org\/wp-content\/uploads\/2023\/10\/08A0244-300x200.jpg\" alt=\"Gallery Item\" \/><\/a><a class=\"gallery-item\" href=\"https:\/\/unescoalfozanprize.org\/wp-content\/uploads\/2023\/10\/08A0209-1024x683.jpg\" data-pswp-width=\"1024\" data-pswp-height=\"683\" ><img decoding=\"async\" src=\"https:\/\/unescoalfozanprize.org\/wp-content\/uploads\/2023\/10\/08A0209-300x200.jpg\" alt=\"Gallery Item\" \/><\/a><a class=\"gallery-item\" href=\"https:\/\/unescoalfozanprize.org\/wp-content\/uploads\/2023\/10\/08A0170-1024x683.jpg\" data-pswp-width=\"1024\" data-pswp-height=\"683\" ><img decoding=\"async\" src=\"https:\/\/unescoalfozanprize.org\/wp-content\/uploads\/2023\/10\/08A0170-300x200.jpg\" alt=\"Gallery Item\" \/><\/a><a class=\"gallery-item\" href=\"https:\/\/unescoalfozanprize.org\/wp-content\/uploads\/2023\/10\/08A0153-1024x683.jpg\" data-pswp-width=\"1024\" data-pswp-height=\"683\" ><img decoding=\"async\" src=\"https:\/\/unescoalfozanprize.org\/wp-content\/uploads\/2023\/10\/08A0153-300x200.jpg\" alt=\"Gallery Item\" \/><\/a><a class=\"gallery-item\" href=\"https:\/\/unescoalfozanprize.org\/wp-content\/uploads\/2023\/10\/08A0001-1024x683.jpg\" data-pswp-width=\"1024\" data-pswp-height=\"683\" ><img decoding=\"async\" src=\"https:\/\/unescoalfozanprize.org\/wp-content\/uploads\/2023\/10\/08A0001-300x200.jpg\" alt=\"Gallery Item\" \/><\/a><a class=\"gallery-item\" href=\"https:\/\/unescoalfozanprize.org\/wp-content\/uploads\/2023\/10\/08A0004-1024x683.jpg\" data-pswp-width=\"1024\" data-pswp-height=\"683\" ><img decoding=\"async\" src=\"https:\/\/unescoalfozanprize.org\/wp-content\/uploads\/2023\/10\/08A0004-300x200.jpg\" alt=\"Gallery Item\" \/><\/a><a class=\"gallery-item\" href=\"https:\/\/unescoalfozanprize.org\/wp-content\/uploads\/2023\/10\/08A0062-1024x683.jpg\" data-pswp-width=\"1024\" data-pswp-height=\"683\" ><img decoding=\"async\" src=\"https:\/\/unescoalfozanprize.org\/wp-content\/uploads\/2023\/10\/08A0062-300x200.jpg\" alt=\"Gallery Item\" \/><\/a><a class=\"gallery-item\" href=\"https:\/\/unescoalfozanprize.org\/wp-content\/uploads\/2023\/10\/08A0065-683x1024.jpg\" data-pswp-width=\"683\" data-pswp-height=\"1024\" ><img decoding=\"async\" src=\"https:\/\/unescoalfozanprize.org\/wp-content\/uploads\/2023\/10\/08A0065-200x300.jpg\" alt=\"Gallery Item\" \/><\/a><a class=\"gallery-item\" href=\"https:\/\/unescoalfozanprize.org\/wp-content\/uploads\/2023\/10\/08A0119-1024x683.jpg\" data-pswp-width=\"1024\" data-pswp-height=\"683\" ><img decoding=\"async\" src=\"https:\/\/unescoalfozanprize.org\/wp-content\/uploads\/2023\/10\/08A0119-300x200.jpg\" alt=\"Gallery Item\" \/><\/a><\/div>[\/vc_column][\/vc_row]<\/p>\n<\/div>","protected":false},"excerpt":{"rendered":"<p>[vc_row][vc_column css=\u00a0\u00bb.vc_custom_1692083312516{border-top-width: 2px !important;border-bottom-width: 2px !important;padding-top: 40px !important;padding-bottom: 40px !important;border-top-color: #72bd3e !important;border-top-style: solid !important;border-bottom-color: #72bd3e !important;border-bottom-style: solid !important;}\u00a0\u00bb][vc_column_text] Cr\u00e9ation du Prix international UNESCO &#8211; Al Fozan- 2021 [\/vc_column_text][vc_column_text]Le Prix international UNESCO &#8211; Al Fozan pour la promotion de jeunes scientifiques dans le domaine des STIM a \u00e9t\u00e9 cr\u00e9\u00e9 par le Conseil ex\u00e9cutif de l&rsquo;UNESCO en [&hellip;]<\/p>\n","protected":false},"author":2,"featured_media":0,"parent":1597,"menu_order":0,"comment_status":"closed","ping_status":"closed","template":"","meta":{"footnotes":""},"class_list":["post-1937","page","type-page","status-publish","hentry"],"_links":{"self":[{"href":"https:\/\/unescoalfozanprize.org\/fr\/wp-json\/wp\/v2\/pages\/1937","targetHints":{"allow":["GET"]}}],"collection":[{"href":"https:\/\/unescoalfozanprize.org\/fr\/wp-json\/wp\/v2\/pages"}],"about":[{"href":"https:\/\/unescoalfozanprize.org\/fr\/wp-json\/wp\/v2\/types\/page"}],"author":[{"embeddable":true,"href":"https:\/\/unescoalfozanprize.org\/fr\/wp-json\/wp\/v2\/users\/2"}],"replies":[{"embeddable":true,"href":"https:\/\/unescoalfozanprize.org\/fr\/wp-json\/wp\/v2\/comments?post=1937"}],"version-history":[{"count":2,"href":"https:\/\/unescoalfozanprize.org\/fr\/wp-json\/wp\/v2\/pages\/1937\/revisions"}],"predecessor-version":[{"id":2176,"href":"https:\/\/unescoalfozanprize.org\/fr\/wp-json\/wp\/v2\/pages\/1937\/revisions\/2176"}],"up":[{"embeddable":true,"href":"https:\/\/unescoalfozanprize.org\/fr\/wp-json\/wp\/v2\/pages\/1597"}],"wp:attachment":[{"href":"https:\/\/unescoalfozanprize.org\/fr\/wp-json\/wp\/v2\/media?parent=1937"}],"curies":[{"name":"wp","href":"https:\/\/api.w.org\/{rel}","templated":true}]}}