{"id":2147,"date":"2023-10-22T11:51:39","date_gmt":"2023-10-22T11:51:39","guid":{"rendered":"https:\/\/unescoalfozanprize.org\/media\/the-international-conference-exhibition-for-education-2022-2\/"},"modified":"2024-02-04T13:22:30","modified_gmt":"2024-02-04T13:22:30","slug":"the-international-conference-exhibition-for-education-2022","status":"publish","type":"page","link":"https:\/\/unescoalfozanprize.org\/fr\/media\/the-international-conference-exhibition-for-education-2022\/","title":{"rendered":"La conf\u00e9rence internationale et l&rsquo;exposition pour l&rsquo;\u00e9ducation &#8211; 2022"},"content":{"rendered":"<div class=\"wpb-content-wrapper\"><p>[vc_row][vc_column css=\u00a0\u00bb.vc_custom_1692083312516{border-top-width: 2px !important;border-bottom-width: 2px !important;padding-top: 40px !important;padding-bottom: 40px !important;border-top-color: #72bd3e !important;border-top-style: solid !important;border-bottom-color: #72bd3e !important;border-bottom-style: solid !important;}\u00a0\u00bb][vc_column_text]<\/p>\n<h2 style=\"text-align: center;\">La conf\u00e9rence internationale et l&rsquo;exposition pour l&rsquo;\u00e9ducation &#8211; 2022<\/h2>\n<p>[\/vc_column_text][vc_column_text]Notre pr\u00e9sence \u00e0 la #ICEE2022 a dur\u00e9 4 jours et a \u00e9t\u00e9 l&rsquo;occasion d&rsquo;\u00e9changer des exp\u00e9riences avec des personnalit\u00e9s et des organismes locaux, nationaux et internationaux. Le stand du Prix international UNESCO-Al Fozan a re\u00e7u et accueilli de nombreux visiteurs et a pass\u00e9 en revue les objectifs les plus importants du Prix qui honore, encourage et soutient les jeunes scientifiques tout en promouvant la recherche et la coop\u00e9ration internationale dans les domaines des STEM.[\/vc_column_text][\/vc_column][\/vc_row][vc_row][vc_column css=\u00a0\u00bb.vc_custom_1693125796940{border-top-width: 0px !important;border-bottom-width: 2px !important;padding-top: 70px !important;padding-bottom: 40px !important;border-top-color: #72bd3e !important;border-top-style: solid !important;border-bottom-color: #72bd3e !important;border-bottom-style: solid !important;}\u00a0\u00bb][vc_raw_html]JTNDaWZyYW1lJTIwY2xhc3MlM0QlMjJ2aWRlbyUyMiUyMHNyYyUzRCUyMmh0dHBzJTNBJTJGJTJGd3d3LnlvdXR1YmUuY29tJTJGZW1iZWQlMkY2YUptaDdyTnBxMCUzRnNpJTNEZ29UNXd4SUZGdEQxQ0VlSCUyNnJlbCUzRDAlMjIlMjB0aXRsZSUzRCUyMllvdVR1YmUlMjB2aWRlbyUyMHBsYXllciUyMiUyMGZyYW1lYm9yZGVyJTNEJTIyMCUyMiUyMGFsbG93JTNEJTIyYWNjZWxlcm9tZXRlciUzQiUyMGF1dG9wbGF5JTNCJTIwY2xpcGJvYXJkLXdyaXRlJTNCJTIwZW5jcnlwdGVkLW1lZGlhJTNCJTIwZ3lyb3Njb3BlJTNCJTIwcGljdHVyZS1pbi1waWN0dXJlJTNCJTIwd2ViLXNoYXJlJTIyJTIwYWxsb3dmdWxsc2NyZWVuJTNFJTNDJTJGaWZyYW1lJTNF[\/vc_raw_html][\/vc_column][\/vc_row][vc_row][vc_column css=\u00a0\u00bb.vc_custom_1692083422437{margin-top: 40px !important;}\u00a0\u00bb]<div class=\"unesco-gallery\"><a class=\"gallery-item\" href=\"https:\/\/unescoalfozanprize.org\/wp-content\/uploads\/2023\/10\/DSC01360-1024x960.jpg\" data-pswp-width=\"1024\" data-pswp-height=\"960\" ><img decoding=\"async\" src=\"https:\/\/unescoalfozanprize.org\/wp-content\/uploads\/2023\/10\/DSC01360-300x281.jpg\" alt=\"Gallery Item\" \/><\/a><a class=\"gallery-item\" href=\"https:\/\/unescoalfozanprize.org\/wp-content\/uploads\/2023\/10\/DSC01373-1024x684.jpg\" data-pswp-width=\"1024\" data-pswp-height=\"684\" ><img decoding=\"async\" src=\"https:\/\/unescoalfozanprize.org\/wp-content\/uploads\/2023\/10\/DSC01373-300x200.jpg\" alt=\"Gallery Item\" \/><\/a><a class=\"gallery-item\" href=\"https:\/\/unescoalfozanprize.org\/wp-content\/uploads\/2023\/10\/DSC01565-1024x684.jpg\" data-pswp-width=\"1024\" data-pswp-height=\"684\" ><img decoding=\"async\" src=\"https:\/\/unescoalfozanprize.org\/wp-content\/uploads\/2023\/10\/DSC01565-300x200.jpg\" alt=\"Gallery Item\" \/><\/a><a class=\"gallery-item\" href=\"https:\/\/unescoalfozanprize.org\/wp-content\/uploads\/2023\/10\/DSC01575-1024x684.jpg\" data-pswp-width=\"1024\" data-pswp-height=\"684\" ><img decoding=\"async\" src=\"https:\/\/unescoalfozanprize.org\/wp-content\/uploads\/2023\/10\/DSC01575-300x200.jpg\" alt=\"Gallery Item\" \/><\/a><a class=\"gallery-item\" href=\"https:\/\/unescoalfozanprize.org\/wp-content\/uploads\/2023\/10\/DSC01579-1024x684.jpg\" data-pswp-width=\"1024\" data-pswp-height=\"684\" ><img decoding=\"async\" src=\"https:\/\/unescoalfozanprize.org\/wp-content\/uploads\/2023\/10\/DSC01579-300x200.jpg\" alt=\"Gallery Item\" \/><\/a><a class=\"gallery-item\" href=\"https:\/\/unescoalfozanprize.org\/wp-content\/uploads\/2023\/10\/DSC01602-1024x684.jpg\" data-pswp-width=\"1024\" data-pswp-height=\"684\" ><img decoding=\"async\" src=\"https:\/\/unescoalfozanprize.org\/wp-content\/uploads\/2023\/10\/DSC01602-300x200.jpg\" alt=\"Gallery Item\" \/><\/a><a class=\"gallery-item\" href=\"https:\/\/unescoalfozanprize.org\/wp-content\/uploads\/2023\/10\/DSC01619-1024x684.jpg\" data-pswp-width=\"1024\" data-pswp-height=\"684\" ><img decoding=\"async\" src=\"https:\/\/unescoalfozanprize.org\/wp-content\/uploads\/2023\/10\/DSC01619-300x200.jpg\" alt=\"Gallery Item\" \/><\/a><a class=\"gallery-item\" href=\"https:\/\/unescoalfozanprize.org\/wp-content\/uploads\/2023\/10\/DSC01760-1024x684.jpg\" data-pswp-width=\"1024\" data-pswp-height=\"684\" ><img decoding=\"async\" src=\"https:\/\/unescoalfozanprize.org\/wp-content\/uploads\/2023\/10\/DSC01760-300x200.jpg\" alt=\"Gallery Item\" \/><\/a><a class=\"gallery-item\" href=\"https:\/\/unescoalfozanprize.org\/wp-content\/uploads\/2023\/10\/DSC02440-1024x684.jpg\" data-pswp-width=\"1024\" data-pswp-height=\"684\" ><img decoding=\"async\" src=\"https:\/\/unescoalfozanprize.org\/wp-content\/uploads\/2023\/10\/DSC02440-300x200.jpg\" alt=\"Gallery Item\" \/><\/a><a class=\"gallery-item\" href=\"https:\/\/unescoalfozanprize.org\/wp-content\/uploads\/2023\/10\/DSC02411-1024x684.jpg\" data-pswp-width=\"1024\" data-pswp-height=\"684\" ><img decoding=\"async\" src=\"https:\/\/unescoalfozanprize.org\/wp-content\/uploads\/2023\/10\/DSC02411-300x200.jpg\" alt=\"Gallery Item\" \/><\/a><a class=\"gallery-item\" href=\"https:\/\/unescoalfozanprize.org\/wp-content\/uploads\/2023\/10\/DSC02305-1024x684.jpg\" data-pswp-width=\"1024\" data-pswp-height=\"684\" ><img decoding=\"async\" src=\"https:\/\/unescoalfozanprize.org\/wp-content\/uploads\/2023\/10\/DSC02305-300x200.jpg\" alt=\"Gallery Item\" \/><\/a><a class=\"gallery-item\" href=\"https:\/\/unescoalfozanprize.org\/wp-content\/uploads\/2023\/10\/DSC01944-1024x684.jpg\" data-pswp-width=\"1024\" data-pswp-height=\"684\" ><img decoding=\"async\" src=\"https:\/\/unescoalfozanprize.org\/wp-content\/uploads\/2023\/10\/DSC01944-300x200.jpg\" alt=\"Gallery Item\" \/><\/a><a class=\"gallery-item\" href=\"https:\/\/unescoalfozanprize.org\/wp-content\/uploads\/2023\/10\/DSC01834-1024x684.jpg\" data-pswp-width=\"1024\" data-pswp-height=\"684\" ><img decoding=\"async\" src=\"https:\/\/unescoalfozanprize.org\/wp-content\/uploads\/2023\/10\/DSC01834-300x200.jpg\" alt=\"Gallery Item\" \/><\/a><a class=\"gallery-item\" href=\"https:\/\/unescoalfozanprize.org\/wp-content\/uploads\/2023\/10\/DSC01827-1024x684.jpg\" data-pswp-width=\"1024\" data-pswp-height=\"684\" ><img decoding=\"async\" src=\"https:\/\/unescoalfozanprize.org\/wp-content\/uploads\/2023\/10\/DSC01827-300x200.jpg\" alt=\"Gallery Item\" \/><\/a><a class=\"gallery-item\" href=\"https:\/\/unescoalfozanprize.org\/wp-content\/uploads\/2023\/10\/DSC01818-1024x684.jpg\" data-pswp-width=\"1024\" data-pswp-height=\"684\" ><img decoding=\"async\" src=\"https:\/\/unescoalfozanprize.org\/wp-content\/uploads\/2023\/10\/DSC01818-300x200.jpg\" alt=\"Gallery Item\" \/><\/a><\/div>[\/vc_column][\/vc_row]<\/p>\n<\/div>","protected":false},"excerpt":{"rendered":"<p>[vc_row][vc_column css=\u00a0\u00bb.vc_custom_1692083312516{border-top-width: 2px !important;border-bottom-width: 2px !important;padding-top: 40px !important;padding-bottom: 40px !important;border-top-color: #72bd3e !important;border-top-style: solid !important;border-bottom-color: #72bd3e !important;border-bottom-style: solid !important;}\u00a0\u00bb][vc_column_text] La conf\u00e9rence internationale et l&rsquo;exposition pour l&rsquo;\u00e9ducation &#8211; 2022 [\/vc_column_text][vc_column_text]Notre pr\u00e9sence \u00e0 la #ICEE2022 a dur\u00e9 4 jours et a \u00e9t\u00e9 l&rsquo;occasion d&rsquo;\u00e9changer des exp\u00e9riences avec des personnalit\u00e9s et des organismes locaux, nationaux et internationaux. Le stand [&hellip;]<\/p>\n","protected":false},"author":2,"featured_media":0,"parent":1597,"menu_order":0,"comment_status":"closed","ping_status":"closed","template":"","meta":{"footnotes":""},"class_list":["post-2147","page","type-page","status-publish","hentry"],"_links":{"self":[{"href":"https:\/\/unescoalfozanprize.org\/fr\/wp-json\/wp\/v2\/pages\/2147","targetHints":{"allow":["GET"]}}],"collection":[{"href":"https:\/\/unescoalfozanprize.org\/fr\/wp-json\/wp\/v2\/pages"}],"about":[{"href":"https:\/\/unescoalfozanprize.org\/fr\/wp-json\/wp\/v2\/types\/page"}],"author":[{"embeddable":true,"href":"https:\/\/unescoalfozanprize.org\/fr\/wp-json\/wp\/v2\/users\/2"}],"replies":[{"embeddable":true,"href":"https:\/\/unescoalfozanprize.org\/fr\/wp-json\/wp\/v2\/comments?post=2147"}],"version-history":[{"count":3,"href":"https:\/\/unescoalfozanprize.org\/fr\/wp-json\/wp\/v2\/pages\/2147\/revisions"}],"predecessor-version":[{"id":2865,"href":"https:\/\/unescoalfozanprize.org\/fr\/wp-json\/wp\/v2\/pages\/2147\/revisions\/2865"}],"up":[{"embeddable":true,"href":"https:\/\/unescoalfozanprize.org\/fr\/wp-json\/wp\/v2\/pages\/1597"}],"wp:attachment":[{"href":"https:\/\/unescoalfozanprize.org\/fr\/wp-json\/wp\/v2\/media?parent=2147"}],"curies":[{"name":"wp","href":"https:\/\/api.w.org\/{rel}","templated":true}]}}