{"id":2165,"date":"2023-10-19T11:36:08","date_gmt":"2023-10-19T11:36:08","guid":{"rendered":"https:\/\/unescoalfozanprize.org\/the-jury-session-2023\/"},"modified":"2023-10-23T07:30:39","modified_gmt":"2023-10-23T07:30:39","slug":"the-jury-session-2023","status":"publish","type":"page","link":"https:\/\/unescoalfozanprize.org\/fr\/media\/the-jury-session-2023\/","title":{"rendered":"La session du jury &#8211; 2023"},"content":{"rendered":"<div class=\"wpb-content-wrapper\"><p>[vc_row][vc_column css=\u00a0\u00bb.vc_custom_1692083312516{border-top-width: 2px !important;border-bottom-width: 2px !important;padding-top: 40px !important;padding-bottom: 40px !important;border-top-color: #72bd3e !important;border-top-style: solid !important;border-bottom-color: #72bd3e !important;border-bottom-style: solid !important;}\u00a0\u00bb][vc_column_text]<\/p>\n<h2 style=\"text-align: center;\">La session du jury &#8211; 2023<\/h2>\n<p>[\/vc_column_text][vc_column_text]La r\u00e9union du jury pour le concours mondial STEM s&rsquo;est tenue au prestigieux Ritz Carlton de Riyad les 11 et 12 janvier 2023. L&rsquo;objectif de cette r\u00e9union \u00e9tait d&rsquo;\u00e9valuer les performances des candidats et de s\u00e9lectionner les laur\u00e9ats qui ont fait preuve d&rsquo;aptitudes et de r\u00e9alisations exceptionnelles dans le domaine des STIM.[\/vc_column_text][\/vc_column][\/vc_row][vc_row][vc_column css=\u00a0\u00bb.vc_custom_1692083422437{margin-top: 40px !important;}\u00a0\u00bb]<div class=\"unesco-gallery\"><a class=\"gallery-item\" href=\"https:\/\/unescoalfozanprize.org\/wp-content\/uploads\/2023\/10\/DSC04486-1024x684.jpg\" data-pswp-width=\"1024\" data-pswp-height=\"684\" ><img decoding=\"async\" src=\"https:\/\/unescoalfozanprize.org\/wp-content\/uploads\/2023\/10\/DSC04486-300x200.jpg\" alt=\"Gallery Item\" \/><\/a><a class=\"gallery-item\" href=\"https:\/\/unescoalfozanprize.org\/wp-content\/uploads\/2023\/10\/DSC04435-1024x684.jpg\" data-pswp-width=\"1024\" data-pswp-height=\"684\" ><img decoding=\"async\" src=\"https:\/\/unescoalfozanprize.org\/wp-content\/uploads\/2023\/10\/DSC04435-300x200.jpg\" alt=\"Gallery Item\" \/><\/a><a class=\"gallery-item\" href=\"https:\/\/unescoalfozanprize.org\/wp-content\/uploads\/2023\/10\/DSC04432-1024x684.jpg\" data-pswp-width=\"1024\" data-pswp-height=\"684\" ><img decoding=\"async\" src=\"https:\/\/unescoalfozanprize.org\/wp-content\/uploads\/2023\/10\/DSC04432-300x200.jpg\" alt=\"Gallery Item\" \/><\/a><a class=\"gallery-item\" href=\"https:\/\/unescoalfozanprize.org\/wp-content\/uploads\/2023\/10\/DSC04411-1024x684.jpg\" data-pswp-width=\"1024\" data-pswp-height=\"684\" ><img decoding=\"async\" src=\"https:\/\/unescoalfozanprize.org\/wp-content\/uploads\/2023\/10\/DSC04411-300x200.jpg\" alt=\"Gallery Item\" \/><\/a><a class=\"gallery-item\" href=\"https:\/\/unescoalfozanprize.org\/wp-content\/uploads\/2023\/10\/DSC04406-1024x684.jpg\" data-pswp-width=\"1024\" data-pswp-height=\"684\" ><img decoding=\"async\" src=\"https:\/\/unescoalfozanprize.org\/wp-content\/uploads\/2023\/10\/DSC04406-300x200.jpg\" alt=\"Gallery Item\" \/><\/a><a class=\"gallery-item\" href=\"https:\/\/unescoalfozanprize.org\/wp-content\/uploads\/2023\/10\/DSC04389-1024x684.jpg\" data-pswp-width=\"1024\" data-pswp-height=\"684\" ><img decoding=\"async\" src=\"https:\/\/unescoalfozanprize.org\/wp-content\/uploads\/2023\/10\/DSC04389-300x200.jpg\" alt=\"Gallery Item\" \/><\/a><a class=\"gallery-item\" href=\"https:\/\/unescoalfozanprize.org\/wp-content\/uploads\/2023\/10\/DSC04385-1024x684.jpg\" data-pswp-width=\"1024\" data-pswp-height=\"684\" ><img decoding=\"async\" src=\"https:\/\/unescoalfozanprize.org\/wp-content\/uploads\/2023\/10\/DSC04385-300x200.jpg\" alt=\"Gallery Item\" \/><\/a><a class=\"gallery-item\" href=\"https:\/\/unescoalfozanprize.org\/wp-content\/uploads\/2023\/10\/DSC04381-1024x684.jpg\" data-pswp-width=\"1024\" data-pswp-height=\"684\" ><img decoding=\"async\" src=\"https:\/\/unescoalfozanprize.org\/wp-content\/uploads\/2023\/10\/DSC04381-300x200.jpg\" alt=\"Gallery Item\" \/><\/a><a class=\"gallery-item\" href=\"https:\/\/unescoalfozanprize.org\/wp-content\/uploads\/2023\/10\/DSC04349-1024x684.jpg\" data-pswp-width=\"1024\" data-pswp-height=\"684\" ><img decoding=\"async\" src=\"https:\/\/unescoalfozanprize.org\/wp-content\/uploads\/2023\/10\/DSC04349-300x200.jpg\" alt=\"Gallery Item\" \/><\/a><a class=\"gallery-item\" href=\"https:\/\/unescoalfozanprize.org\/wp-content\/uploads\/2023\/10\/DSC04312-1024x684.jpg\" data-pswp-width=\"1024\" data-pswp-height=\"684\" ><img decoding=\"async\" src=\"https:\/\/unescoalfozanprize.org\/wp-content\/uploads\/2023\/10\/DSC04312-300x200.jpg\" alt=\"Gallery Item\" \/><\/a><a class=\"gallery-item\" href=\"https:\/\/unescoalfozanprize.org\/wp-content\/uploads\/2023\/10\/DSC04316-1024x684.jpg\" data-pswp-width=\"1024\" data-pswp-height=\"684\" ><img decoding=\"async\" src=\"https:\/\/unescoalfozanprize.org\/wp-content\/uploads\/2023\/10\/DSC04316-300x200.jpg\" alt=\"Gallery Item\" \/><\/a><a class=\"gallery-item\" href=\"https:\/\/unescoalfozanprize.org\/wp-content\/uploads\/2023\/10\/DSC04321-1024x684.jpg\" data-pswp-width=\"1024\" data-pswp-height=\"684\" ><img decoding=\"async\" src=\"https:\/\/unescoalfozanprize.org\/wp-content\/uploads\/2023\/10\/DSC04321-300x200.jpg\" alt=\"Gallery Item\" \/><\/a><a class=\"gallery-item\" href=\"https:\/\/unescoalfozanprize.org\/wp-content\/uploads\/2023\/10\/DSC04326-1024x684.jpg\" data-pswp-width=\"1024\" data-pswp-height=\"684\" ><img decoding=\"async\" src=\"https:\/\/unescoalfozanprize.org\/wp-content\/uploads\/2023\/10\/DSC04326-300x200.jpg\" alt=\"Gallery Item\" \/><\/a><a class=\"gallery-item\" href=\"https:\/\/unescoalfozanprize.org\/wp-content\/uploads\/2023\/10\/DSC04332-1024x684.jpg\" data-pswp-width=\"1024\" data-pswp-height=\"684\" ><img decoding=\"async\" src=\"https:\/\/unescoalfozanprize.org\/wp-content\/uploads\/2023\/10\/DSC04332-300x200.jpg\" alt=\"Gallery Item\" \/><\/a><a class=\"gallery-item\" href=\"https:\/\/unescoalfozanprize.org\/wp-content\/uploads\/2023\/10\/DSC04338-1024x684.jpg\" data-pswp-width=\"1024\" data-pswp-height=\"684\" ><img decoding=\"async\" src=\"https:\/\/unescoalfozanprize.org\/wp-content\/uploads\/2023\/10\/DSC04338-300x200.jpg\" alt=\"Gallery Item\" \/><\/a><a class=\"gallery-item\" href=\"https:\/\/unescoalfozanprize.org\/wp-content\/uploads\/2023\/10\/DSC04341-1024x684.jpg\" data-pswp-width=\"1024\" data-pswp-height=\"684\" ><img decoding=\"async\" src=\"https:\/\/unescoalfozanprize.org\/wp-content\/uploads\/2023\/10\/DSC04341-300x200.jpg\" alt=\"Gallery Item\" \/><\/a><\/div>[\/vc_column][\/vc_row]<\/p>\n<\/div>","protected":false},"excerpt":{"rendered":"<p>[vc_row][vc_column css=\u00a0\u00bb.vc_custom_1692083312516{border-top-width: 2px !important;border-bottom-width: 2px !important;padding-top: 40px !important;padding-bottom: 40px !important;border-top-color: #72bd3e !important;border-top-style: solid !important;border-bottom-color: #72bd3e !important;border-bottom-style: solid !important;}\u00a0\u00bb][vc_column_text] La session du jury &#8211; 2023 [\/vc_column_text][vc_column_text]La r\u00e9union du jury pour le concours mondial STEM s&rsquo;est tenue au prestigieux Ritz Carlton de Riyad les 11 et 12 janvier 2023. L&rsquo;objectif de cette r\u00e9union \u00e9tait d&rsquo;\u00e9valuer les performances [&hellip;]<\/p>\n","protected":false},"author":2,"featured_media":0,"parent":1597,"menu_order":0,"comment_status":"closed","ping_status":"closed","template":"","meta":{"footnotes":""},"class_list":["post-2165","page","type-page","status-publish","hentry"],"_links":{"self":[{"href":"https:\/\/unescoalfozanprize.org\/fr\/wp-json\/wp\/v2\/pages\/2165","targetHints":{"allow":["GET"]}}],"collection":[{"href":"https:\/\/unescoalfozanprize.org\/fr\/wp-json\/wp\/v2\/pages"}],"about":[{"href":"https:\/\/unescoalfozanprize.org\/fr\/wp-json\/wp\/v2\/types\/page"}],"author":[{"embeddable":true,"href":"https:\/\/unescoalfozanprize.org\/fr\/wp-json\/wp\/v2\/users\/2"}],"replies":[{"embeddable":true,"href":"https:\/\/unescoalfozanprize.org\/fr\/wp-json\/wp\/v2\/comments?post=2165"}],"version-history":[{"count":3,"href":"https:\/\/unescoalfozanprize.org\/fr\/wp-json\/wp\/v2\/pages\/2165\/revisions"}],"predecessor-version":[{"id":2171,"href":"https:\/\/unescoalfozanprize.org\/fr\/wp-json\/wp\/v2\/pages\/2165\/revisions\/2171"}],"up":[{"embeddable":true,"href":"https:\/\/unescoalfozanprize.org\/fr\/wp-json\/wp\/v2\/pages\/1597"}],"wp:attachment":[{"href":"https:\/\/unescoalfozanprize.org\/fr\/wp-json\/wp\/v2\/media?parent=2165"}],"curies":[{"name":"wp","href":"https:\/\/api.w.org\/{rel}","templated":true}]}}