{"id":354,"date":"2023-01-01T16:40:51","date_gmt":"2023-01-01T16:40:51","guid":{"rendered":"https:\/\/unescoalfozanprize.org\/about\/"},"modified":"2025-11-18T13:02:16","modified_gmt":"2025-11-18T13:02:16","slug":"about","status":"publish","type":"page","link":"https:\/\/unescoalfozanprize.org\/fr\/about\/","title":{"rendered":"\u00c0 propos"},"content":{"rendered":"<div class=\"wpb-content-wrapper\"><p>[vc_row][vc_column][vc_column_text css=\u00a0\u00bb.vc_custom_1679949752983{margin-top: 35px !important;}\u00a0\u00bb]<\/p>\n<h2>\u00c0 propos du prix<\/h2>\n<p>[\/vc_column_text][vc_row_inner][vc_column_inner width=\u00a0\u00bb1\/6&Prime;][\/vc_column_inner][vc_column_inner width=\u00a0\u00bb1\/3&Prime;][vc_single_image image=\u00a0\u00bb3840&Prime; img_size=\u00a0\u00bbfull\u00a0\u00bb alignment=\u00a0\u00bbcenter\u00a0\u00bb style=\u00a0\u00bbvc_box_shadow_3d\u00a0\u00bb onclick=\u00a0\u00bbcustom_link\u00a0\u00bb img_link_target=\u00a0\u00bb_blank\u00a0\u00bb link=\u00a0\u00bbhttps:\/\/unescoalfozanprize.org\/wp-content\/uploads\/2024\/06\/UNESCO_ALFOZAN_BOOKLET_WEB1.pdf\u00a0\u00bb][\/vc_column_inner][vc_column_inner width=\u00a0\u00bb1\/3&Prime;][vc_single_image image=\u00a0\u00bb8105&Prime; img_size=\u00a0\u00bbfull\u00a0\u00bb alignment=\u00a0\u00bbcenter\u00a0\u00bb style=\u00a0\u00bbvc_box_shadow_3d\u00a0\u00bb onclick=\u00a0\u00bbcustom_link\u00a0\u00bb img_link_target=\u00a0\u00bb_blank\u00a0\u00bb css=\u00a0\u00bb\u00a0\u00bb link=\u00a0\u00bbhttps:\/\/unescoalfozanprize.org\/wp-content\/uploads\/2025\/11\/UNESCO_ALFOZAN_BOOKLET_25.pdf\u00a0\u00bb][\/vc_column_inner][vc_column_inner width=\u00a0\u00bb1\/6&Prime;][\/vc_column_inner][\/vc_row_inner][vc_column_text]L&rsquo;UNESCO et la Fondation Al Fozan ont cr\u00e9\u00e9 le Prix international UNESCO Al Fozan pour la promotion des jeunes scientifiques dans les STIM afin de renforcer la recherche et l&rsquo;enseignement des STIM ainsi que la coop\u00e9ration internationale.<\/p>\n<p>Le prix r\u00e9compense les r\u00e9alisations des jeunes qui contribuent \u00e0 la transformation socio-\u00e9conomique et au d\u00e9veloppement \u00e0 l&rsquo;\u00e9chelle mondiale, tout en renfor\u00e7ant l&rsquo;int\u00e9r\u00eat des jeunes, en particulier des filles et des femmes, pour les sciences afin de promouvoir l&rsquo;\u00e9galit\u00e9 des sexes, la culture scientifique et le choix d&rsquo;une carri\u00e8re scientifique.<\/p>\n<p><strong>P\u00e9riodicit\u00e9<\/strong><\/p>\n<p>Le prix est d\u00e9cern\u00e9 tous les deux ans \u00e0 cinq laur\u00e9ats issus des cinq r\u00e9gions g\u00e9ographiques de l&rsquo;UNESCO \u00e0 chaque \u00e9dition, sur une base initiale de 6 ans.<\/p>\n<p><strong>\u00c9ligibilit\u00e9<\/strong><\/p>\n<p>Les prix peuvent \u00eatre d\u00e9cern\u00e9s \u00e0 cinq personnes issues de chacune des cinq r\u00e9gions de l&rsquo;UNESCO qui ont favoris\u00e9 l&rsquo;avancement des STIM dans l&rsquo;\u00e9ducation, la recherche ou la coop\u00e9ration internationale pour le d\u00e9veloppement soci\u00e9tal.<\/p>\n<p>Les candidats doivent \u00eatre \u00e2g\u00e9s de moins de 40 ans au moment de leur candidature au prix. Ils doivent \u00eatre activement impliqu\u00e9s dans les STIM au moment de leur candidature au prix.<\/p>\n<p><a href=\"https:\/\/www.unesco.org\/en\/prizes\/al-fozan\">https:\/\/www.unesco.org\/en\/prizes\/al-fozan<\/a>[\/vc_column_text][\/vc_column][\/vc_row]<\/p>\n<\/div>","protected":false},"excerpt":{"rendered":"<p>[vc_row][vc_column][vc_column_text css=\u00a0\u00bb.vc_custom_1679949752983{margin-top: 35px !important;}\u00a0\u00bb] \u00c0 propos du prix [\/vc_column_text][vc_row_inner][vc_column_inner width=\u00a0\u00bb1\/6&Prime;][\/vc_column_inner][vc_column_inner width=\u00a0\u00bb1\/3&Prime;][vc_single_image image=\u00a0\u00bb3840&Prime; img_size=\u00a0\u00bbfull\u00a0\u00bb alignment=\u00a0\u00bbcenter\u00a0\u00bb style=\u00a0\u00bbvc_box_shadow_3d\u00a0\u00bb onclick=\u00a0\u00bbcustom_link\u00a0\u00bb img_link_target=\u00a0\u00bb_blank\u00a0\u00bb link=\u00a0\u00bbhttps:\/\/unescoalfozanprize.org\/wp-content\/uploads\/2024\/06\/UNESCO_ALFOZAN_BOOKLET_WEB1.pdf\u00a0\u00bb][\/vc_column_inner][vc_column_inner width=\u00a0\u00bb1\/3&Prime;][vc_single_image image=\u00a0\u00bb8105&Prime; img_size=\u00a0\u00bbfull\u00a0\u00bb alignment=\u00a0\u00bbcenter\u00a0\u00bb style=\u00a0\u00bbvc_box_shadow_3d\u00a0\u00bb onclick=\u00a0\u00bbcustom_link\u00a0\u00bb img_link_target=\u00a0\u00bb_blank\u00a0\u00bb css=\u00a0\u00bb\u00a0\u00bb link=\u00a0\u00bbhttps:\/\/unescoalfozanprize.org\/wp-content\/uploads\/2025\/11\/UNESCO_ALFOZAN_BOOKLET_25.pdf\u00a0\u00bb][\/vc_column_inner][vc_column_inner width=\u00a0\u00bb1\/6&Prime;][\/vc_column_inner][\/vc_row_inner][vc_column_text]L&rsquo;UNESCO et la Fondation Al Fozan ont cr\u00e9\u00e9 le Prix international UNESCO Al Fozan pour la promotion des jeunes scientifiques dans les STIM afin de renforcer la recherche [&hellip;]<\/p>\n","protected":false},"author":1,"featured_media":0,"parent":0,"menu_order":2,"comment_status":"closed","ping_status":"closed","template":"","meta":{"footnotes":""},"class_list":["post-354","page","type-page","status-publish","hentry"],"_links":{"self":[{"href":"https:\/\/unescoalfozanprize.org\/fr\/wp-json\/wp\/v2\/pages\/354","targetHints":{"allow":["GET"]}}],"collection":[{"href":"https:\/\/unescoalfozanprize.org\/fr\/wp-json\/wp\/v2\/pages"}],"about":[{"href":"https:\/\/unescoalfozanprize.org\/fr\/wp-json\/wp\/v2\/types\/page"}],"author":[{"embeddable":true,"href":"https:\/\/unescoalfozanprize.org\/fr\/wp-json\/wp\/v2\/users\/1"}],"replies":[{"embeddable":true,"href":"https:\/\/unescoalfozanprize.org\/fr\/wp-json\/wp\/v2\/comments?post=354"}],"version-history":[{"count":25,"href":"https:\/\/unescoalfozanprize.org\/fr\/wp-json\/wp\/v2\/pages\/354\/revisions"}],"predecessor-version":[{"id":8120,"href":"https:\/\/unescoalfozanprize.org\/fr\/wp-json\/wp\/v2\/pages\/354\/revisions\/8120"}],"wp:attachment":[{"href":"https:\/\/unescoalfozanprize.org\/fr\/wp-json\/wp\/v2\/media?parent=354"}],"curies":[{"name":"wp","href":"https:\/\/api.w.org\/{rel}","templated":true}]}}