{"id":372,"date":"2023-01-24T05:55:19","date_gmt":"2023-01-24T05:55:19","guid":{"rendered":"https:\/\/unescoalfozanprize.org\/prof-adah-almutairi\/"},"modified":"2023-02-14T06:28:53","modified_gmt":"2023-02-14T06:28:53","slug":"prof-adah-almutairi","status":"publish","type":"page","link":"https:\/\/unescoalfozanprize.org\/fr\/prof-adah-almutairi\/","title":{"rendered":"Professeur Adah Almutairi"},"content":{"rendered":"<div class=\"wpb-content-wrapper\"><p>[vc_row full_width=\u00a0\u00bbstretch_row\u00a0\u00bb css=\u00a0\u00bb.vc_custom_1674540526141{background-color: #1a4265 !important;}\u00a0\u00bb][vc_column][vc_column_text]<\/p>\n<h2 style=\"text-align: center;\">Professeur Adah Almutairi<\/h2>\n<p>[\/vc_column_text][\/vc_column][\/vc_row][vc_row content_placement=\u00a0\u00bbmiddle\u00a0\u00bb][vc_column css_animation=\u00a0\u00bbfadeInLeft\u00a0\u00bb width=\u00a0\u00bb1\/2&Prime; el_class=\u00a0\u00bbjury-page-box\u00a0\u00bb][vc_single_image image=\u00a0\u00bb67&Prime; img_size=\u00a0\u00bbfull\u00a0\u00bb alignment=\u00a0\u00bbcenter\u00a0\u00bb el_class=\u00a0\u00bbjury-image\u00a0\u00bb][vc_column_text]<\/p>\n<h4 style=\"text-align: center;\">Arabie Saoudite<\/h4>\n<p>[\/vc_column_text][vc_icon icon_fontawesome=\u00a0\u00bbfab fa-linkedin-in\u00a0\u00bb color=\u00a0\u00bbcustom\u00a0\u00bb align=\u00a0\u00bbcenter\u00a0\u00bb custom_color=\u00a0\u00bb#1a4265&Prime; link=\u00a0\u00bburl:https%3A%2F%2Fwww.linkedin.com%2Fin%2Fadah-almutairi%2F|target:_blank\u00a0\u00bb][\/vc_column][vc_column css_animation=\u00a0\u00bbfadeInRight\u00a0\u00bb width=\u00a0\u00bb1\/2&Prime;][vc_column_text]Le Professeur Adah Almutairi est l&rsquo;une des dix femmes ing\u00e9nieurs les plus influentes du monde selon Forbes. Elle est sp\u00e9cialiste des sciences et de l&rsquo;ing\u00e9nierie, inventrice et chef d&rsquo;entreprise. Elle est professeur de chimie pharmaceutique, membre du corps enseignant des d\u00e9partements de bio-ing\u00e9nierie et de nano-ing\u00e9nierie et directrice du Centre d&rsquo;excellence en nanom\u00e9decine et ing\u00e9nierie de l&rsquo;Institut d&rsquo;ing\u00e9nierie en m\u00e9decine de l&rsquo;universit\u00e9 de Californie \u00e0 San Diego (UCSD).<\/p>\n<p>Ses travaux portent sur la nanom\u00e9decine, la nanotechnologie, la chimie et la science des polym\u00e8res. Le Professeur Almutairi est une boursi\u00e8re Kavli 2016 et a re\u00e7u de nombreux honneurs et prix tels que le prix &lsquo;NIH director new innovator award&rsquo; en 2009 pour son travail sur les \u00ab\u00a0strat\u00e9gies de r\u00e9ponse chimiquement amplifi\u00e9es pour les sciences m\u00e9dicales\u00a0\u00bb. Les travaux r\u00e9volutionnaires d&rsquo;Almutairi ont \u00e9t\u00e9 pr\u00e9sent\u00e9s par le directeur du NIH, Francis Collins, au Congr\u00e8s am\u00e9ricain comme l&rsquo;une des quatre plus importantes perc\u00e9es technologiques am\u00e9ricaines de l&rsquo;ann\u00e9e 2012. Almutairi d\u00e9tient 10 brevets am\u00e9ricains d\u00e9livr\u00e9s, dont certains font actuellement l&rsquo;objet de licences dans l&rsquo;industrie. Le Professeur Almutairi est le fondateur d&rsquo;eLux Medical Inc.[\/vc_column_text][\/vc_column][\/vc_row]<\/p>\n<\/div>","protected":false},"excerpt":{"rendered":"<p>[vc_row full_width=\u00a0\u00bbstretch_row\u00a0\u00bb css=\u00a0\u00bb.vc_custom_1674540526141{background-color: #1a4265 !important;}\u00a0\u00bb][vc_column][vc_column_text] Professeur Adah Almutairi [\/vc_column_text][\/vc_column][\/vc_row][vc_row content_placement=\u00a0\u00bbmiddle\u00a0\u00bb][vc_column css_animation=\u00a0\u00bbfadeInLeft\u00a0\u00bb width=\u00a0\u00bb1\/2&Prime; el_class=\u00a0\u00bbjury-page-box\u00a0\u00bb][vc_single_image image=\u00a0\u00bb67&Prime; img_size=\u00a0\u00bbfull\u00a0\u00bb alignment=\u00a0\u00bbcenter\u00a0\u00bb el_class=\u00a0\u00bbjury-image\u00a0\u00bb][vc_column_text] Arabie Saoudite [\/vc_column_text][vc_icon icon_fontawesome=\u00a0\u00bbfab fa-linkedin-in\u00a0\u00bb color=\u00a0\u00bbcustom\u00a0\u00bb align=\u00a0\u00bbcenter\u00a0\u00bb custom_color=\u00a0\u00bb#1a4265&Prime; link=\u00a0\u00bburl:https%3A%2F%2Fwww.linkedin.com%2Fin%2Fadah-almutairi%2F|target:_blank\u00a0\u00bb][\/vc_column][vc_column css_animation=\u00a0\u00bbfadeInRight\u00a0\u00bb width=\u00a0\u00bb1\/2&Prime;][vc_column_text]Le Professeur Adah Almutairi est l&rsquo;une des dix femmes ing\u00e9nieurs les plus influentes du monde selon Forbes. Elle est sp\u00e9cialiste des sciences et de l&rsquo;ing\u00e9nierie, inventrice et chef [&hellip;]<\/p>\n","protected":false},"author":1,"featured_media":0,"parent":0,"menu_order":0,"comment_status":"closed","ping_status":"closed","template":"","meta":{"footnotes":""},"class_list":["post-372","page","type-page","status-publish","hentry"],"_links":{"self":[{"href":"https:\/\/unescoalfozanprize.org\/fr\/wp-json\/wp\/v2\/pages\/372","targetHints":{"allow":["GET"]}}],"collection":[{"href":"https:\/\/unescoalfozanprize.org\/fr\/wp-json\/wp\/v2\/pages"}],"about":[{"href":"https:\/\/unescoalfozanprize.org\/fr\/wp-json\/wp\/v2\/types\/page"}],"author":[{"embeddable":true,"href":"https:\/\/unescoalfozanprize.org\/fr\/wp-json\/wp\/v2\/users\/1"}],"replies":[{"embeddable":true,"href":"https:\/\/unescoalfozanprize.org\/fr\/wp-json\/wp\/v2\/comments?post=372"}],"version-history":[{"count":1,"href":"https:\/\/unescoalfozanprize.org\/fr\/wp-json\/wp\/v2\/pages\/372\/revisions"}],"predecessor-version":[{"id":374,"href":"https:\/\/unescoalfozanprize.org\/fr\/wp-json\/wp\/v2\/pages\/372\/revisions\/374"}],"wp:attachment":[{"href":"https:\/\/unescoalfozanprize.org\/fr\/wp-json\/wp\/v2\/media?parent=372"}],"curies":[{"name":"wp","href":"https:\/\/api.w.org\/{rel}","templated":true}]}}