{"id":382,"date":"2023-01-24T07:24:50","date_gmt":"2023-01-24T07:24:50","guid":{"rendered":"https:\/\/unescoalfozanprize.org\/professor-didier-queloz\/"},"modified":"2023-02-14T06:39:34","modified_gmt":"2023-02-14T06:39:34","slug":"professor-didier-queloz","status":"publish","type":"page","link":"https:\/\/unescoalfozanprize.org\/fr\/professor-didier-queloz\/","title":{"rendered":"Professeur Didier Queloz"},"content":{"rendered":"<div class=\"wpb-content-wrapper\"><p>[vc_row full_width=\u00a0\u00bbstretch_row\u00a0\u00bb css=\u00a0\u00bb.vc_custom_1674540526141{background-color: #1a4265 !important;}\u00a0\u00bb][vc_column][vc_column_text]<\/p>\n<h2 style=\"text-align: center;\">Professeur Didier Queloz<\/h2>\n<p>[\/vc_column_text][\/vc_column][\/vc_row][vc_row content_placement=\u00a0\u00bbmiddle\u00a0\u00bb][vc_column css_animation=\u00a0\u00bbfadeInLeft\u00a0\u00bb width=\u00a0\u00bb1\/2&Prime; el_class=\u00a0\u00bbjury-page-box\u00a0\u00bb][vc_single_image image=\u00a0\u00bb68&Prime; img_size=\u00a0\u00bbfull\u00a0\u00bb alignment=\u00a0\u00bbcenter\u00a0\u00bb el_class=\u00a0\u00bbjury-image\u00a0\u00bb][vc_column_text]<\/p>\n<h3 style=\"text-align: center;\">PRIX NOBEL de physique 2019<\/h3>\n<h4 style=\"text-align: center;\">SUISSE<\/h4>\n<p>[\/vc_column_text][vc_row_inner el_class=\u00a0\u00bbsocial-row\u00a0\u00bb][vc_column_inner width=\u00a0\u00bb1\/2&Prime;][vc_icon icon_fontawesome=\u00a0\u00bbfab fa-linkedin-in\u00a0\u00bb color=\u00a0\u00bbcustom\u00a0\u00bb align=\u00a0\u00bbcenter\u00a0\u00bb custom_color=\u00a0\u00bb#1a4265&Prime; link=\u00a0\u00bburl:https%3A%2F%2Fwww.linkedin.com%2Fin%2Fdidierqueloz%2F|target:_blank\u00a0\u00bb][\/vc_column_inner][vc_column_inner width=\u00a0\u00bb1\/2&Prime;][vc_icon icon_fontawesome=\u00a0\u00bbfab fa-twitter\u00a0\u00bb color=\u00a0\u00bbcustom\u00a0\u00bb align=\u00a0\u00bbcenter\u00a0\u00bb custom_color=\u00a0\u00bb#1a4265&Prime; link=\u00a0\u00bburl:https%3A%2F%2Ftwitter.com%2Fdidierqueloz%3Flang%3Den|target:_blank\u00a0\u00bb][\/vc_column_inner][\/vc_row_inner][\/vc_column][vc_column css_animation=\u00a0\u00bbfadeInRight\u00a0\u00bb width=\u00a0\u00bb1\/2&Prime;][vc_column_text]Didier Queloz est professeur de physique au Cambridge Cavendish Laboratory et \u00e0 temps partiel \u00e0 l&rsquo;Universit\u00e9 de Gen\u00e8ve. Il est \u00e9galement membre du Trinity College de Cambridge. Il est \u00e0 l&rsquo;origine de la \u00a0\u00bb r\u00e9volution des exoplan\u00e8tes \u00a0\u00bb en astrophysique lorsqu&rsquo;en 1995, pendant son doctorat, avec son superviseur, ils ont annonc\u00e9 la premi\u00e8re d\u00e9couverte d&rsquo;une plan\u00e8te g\u00e9ante en orbite autour d&rsquo;une autre \u00e9toile, en dehors du syst\u00e8me solaire. Ils ont re\u00e7u le prix Nobel de physique 2019 pour cette d\u00e9couverte spectaculaire qui a donn\u00e9 le coup d&rsquo;envoi de l&rsquo;essor de la recherche sur les exoplan\u00e8tes. Il a \u00e9galement \u00e9t\u00e9 chercheur invit\u00e9 \u00e0 l&rsquo;Institut Kavli du MIT pour l&rsquo;astrophysique et la recherche spatiale en 2019. Queloz a re\u00e7u le prix Frontiers of Knowledge Award of Basic Sciences de la Fondation BBVA en 2011 (co-laur\u00e9at avec Mayor) pour avoir d\u00e9velopp\u00e9 de nouveaux instruments astronomiques et des techniques exp\u00e9rimentales qui ont conduit \u00e0 la premi\u00e8re observation de plan\u00e8tes en dehors du syst\u00e8me solaire. En octobre 2019, en rapport avec son travail en astronomie et la d\u00e9couverte d&rsquo;exoplan\u00e8tes, Queloz a pr\u00e9dit que les humains d\u00e9couvriraient une vie extraterrestre dans les 30 prochaines ann\u00e9es en d\u00e9clarant : \u00ab\u00a0Je ne peux pas croire que nous sommes la seule entit\u00e9 vivante dans l&rsquo;univers. Il y a simplement beaucoup [trop] de plan\u00e8tes, beaucoup trop d&rsquo;\u00e9toiles, et la chimie est universelle. La chimie qui a conduit \u00e0 la vie doit se produire ailleurs. Donc, je crois fermement qu&rsquo;il doit y avoir de la vie ailleurs\u00a0\u00bb.[\/vc_column_text][\/vc_column][\/vc_row]<\/p>\n<\/div>","protected":false},"excerpt":{"rendered":"<p>[vc_row full_width=\u00a0\u00bbstretch_row\u00a0\u00bb css=\u00a0\u00bb.vc_custom_1674540526141{background-color: #1a4265 !important;}\u00a0\u00bb][vc_column][vc_column_text] Professeur Didier Queloz [\/vc_column_text][\/vc_column][\/vc_row][vc_row content_placement=\u00a0\u00bbmiddle\u00a0\u00bb][vc_column css_animation=\u00a0\u00bbfadeInLeft\u00a0\u00bb width=\u00a0\u00bb1\/2&Prime; el_class=\u00a0\u00bbjury-page-box\u00a0\u00bb][vc_single_image image=\u00a0\u00bb68&Prime; img_size=\u00a0\u00bbfull\u00a0\u00bb alignment=\u00a0\u00bbcenter\u00a0\u00bb el_class=\u00a0\u00bbjury-image\u00a0\u00bb][vc_column_text] PRIX NOBEL de physique 2019 SUISSE [\/vc_column_text][vc_row_inner el_class=\u00a0\u00bbsocial-row\u00a0\u00bb][vc_column_inner width=\u00a0\u00bb1\/2&Prime;][vc_icon icon_fontawesome=\u00a0\u00bbfab fa-linkedin-in\u00a0\u00bb color=\u00a0\u00bbcustom\u00a0\u00bb align=\u00a0\u00bbcenter\u00a0\u00bb custom_color=\u00a0\u00bb#1a4265&Prime; link=\u00a0\u00bburl:https%3A%2F%2Fwww.linkedin.com%2Fin%2Fdidierqueloz%2F|target:_blank\u00a0\u00bb][\/vc_column_inner][vc_column_inner width=\u00a0\u00bb1\/2&Prime;][vc_icon icon_fontawesome=\u00a0\u00bbfab fa-twitter\u00a0\u00bb color=\u00a0\u00bbcustom\u00a0\u00bb align=\u00a0\u00bbcenter\u00a0\u00bb custom_color=\u00a0\u00bb#1a4265&Prime; link=\u00a0\u00bburl:https%3A%2F%2Ftwitter.com%2Fdidierqueloz%3Flang%3Den|target:_blank\u00a0\u00bb][\/vc_column_inner][\/vc_row_inner][\/vc_column][vc_column css_animation=\u00a0\u00bbfadeInRight\u00a0\u00bb width=\u00a0\u00bb1\/2&Prime;][vc_column_text]Didier Queloz est professeur de physique au Cambridge Cavendish Laboratory et \u00e0 temps partiel \u00e0 [&hellip;]<\/p>\n","protected":false},"author":1,"featured_media":0,"parent":0,"menu_order":0,"comment_status":"closed","ping_status":"closed","template":"","meta":{"footnotes":""},"class_list":["post-382","page","type-page","status-publish","hentry"],"_links":{"self":[{"href":"https:\/\/unescoalfozanprize.org\/fr\/wp-json\/wp\/v2\/pages\/382","targetHints":{"allow":["GET"]}}],"collection":[{"href":"https:\/\/unescoalfozanprize.org\/fr\/wp-json\/wp\/v2\/pages"}],"about":[{"href":"https:\/\/unescoalfozanprize.org\/fr\/wp-json\/wp\/v2\/types\/page"}],"author":[{"embeddable":true,"href":"https:\/\/unescoalfozanprize.org\/fr\/wp-json\/wp\/v2\/users\/1"}],"replies":[{"embeddable":true,"href":"https:\/\/unescoalfozanprize.org\/fr\/wp-json\/wp\/v2\/comments?post=382"}],"version-history":[{"count":2,"href":"https:\/\/unescoalfozanprize.org\/fr\/wp-json\/wp\/v2\/pages\/382\/revisions"}],"predecessor-version":[{"id":385,"href":"https:\/\/unescoalfozanprize.org\/fr\/wp-json\/wp\/v2\/pages\/382\/revisions\/385"}],"wp:attachment":[{"href":"https:\/\/unescoalfozanprize.org\/fr\/wp-json\/wp\/v2\/media?parent=382"}],"curies":[{"name":"wp","href":"https:\/\/api.w.org\/{rel}","templated":true}]}}