{"id":393,"date":"2023-01-24T07:37:57","date_gmt":"2023-01-24T07:37:57","guid":{"rendered":"https:\/\/unescoalfozanprize.org\/dr-edna-matta-camacho\/"},"modified":"2023-02-14T06:52:01","modified_gmt":"2023-02-14T06:52:01","slug":"dr-edna-matta-camacho","status":"publish","type":"page","link":"https:\/\/unescoalfozanprize.org\/fr\/dr-edna-matta-camacho\/","title":{"rendered":"Dr. Edna Matta-Camacho"},"content":{"rendered":"<div class=\"wpb-content-wrapper\"><p>[vc_row full_width=\u00a0\u00bbstretch_row\u00a0\u00bb css=\u00a0\u00bb.vc_custom_1674540526141{background-color: #1a4265 !important;}\u00a0\u00bb][vc_column][vc_column_text]<\/p>\n<h2 style=\"text-align: center;\">Dr. Edna Matta-Camacho<\/h2>\n<p>[\/vc_column_text][\/vc_column][\/vc_row][vc_row content_placement=\u00a0\u00bbmiddle\u00a0\u00bb css_animation=\u00a0\u00bbnone\u00a0\u00bb][vc_column css_animation=\u00a0\u00bbfadeInLeft\u00a0\u00bb width=\u00a0\u00bb1\/2&Prime; el_class=\u00a0\u00bbjury-page-box\u00a0\u00bb][vc_single_image image=\u00a0\u00bb69&Prime; img_size=\u00a0\u00bbfull\u00a0\u00bb alignment=\u00a0\u00bbcenter\u00a0\u00bb el_class=\u00a0\u00bbjury-image\u00a0\u00bb][vc_column_text]<\/p>\n<h4 style=\"text-align: center;\">Colombie<\/h4>\n<p>[\/vc_column_text][vc_row_inner el_class=\u00a0\u00bbsocial-row\u00a0\u00bb][vc_column_inner width=\u00a0\u00bb1\/2&Prime;][vc_icon icon_fontawesome=\u00a0\u00bbfab fa-linkedin-in\u00a0\u00bb color=\u00a0\u00bbcustom\u00a0\u00bb align=\u00a0\u00bbcenter\u00a0\u00bb custom_color=\u00a0\u00bb#1a4265&Prime; link=\u00a0\u00bburl:https%3A%2F%2Fwww.linkedin.com%2Fin%2Fedna-matta-camacho%2F|target:_blank\u00a0\u00bb][\/vc_column_inner][vc_column_inner width=\u00a0\u00bb1\/2&Prime;][vc_icon icon_fontawesome=\u00a0\u00bbfab fa-twitter\u00a0\u00bb color=\u00a0\u00bbcustom\u00a0\u00bb align=\u00a0\u00bbcenter\u00a0\u00bb custom_color=\u00a0\u00bb#1a4265&Prime; link=\u00a0\u00bburl:https%3A%2F%2Ftwitter.com%2FEdnaMattaC|target:_blank\u00a0\u00bb][\/vc_column_inner][\/vc_row_inner][\/vc_column][vc_column css_animation=\u00a0\u00bbfadeInRight\u00a0\u00bb width=\u00a0\u00bb1\/2&Prime;][vc_column_text]Docteur Matta-Camacho est une biologiste structurelle qui poss\u00e8de une vaste exp\u00e9rience dans le milieu universitaire et le secteur priv\u00e9. Elle a obtenu son doctorat \u00e0 l&rsquo;Universit\u00e9 McGill en \u00e9tudiant la structure des prot\u00e9ines li\u00e9es \u00e0 l&rsquo;ubiquitine, ses d\u00e9couvertes repr\u00e9sentent une avanc\u00e9e majeure dans la compr\u00e9hension du cycle de vie des prot\u00e9ines. Au cours de sa formation universitaire, Edna a eu l&rsquo;occasion d&rsquo;encadrer un grand nombre d&rsquo;\u00e9tudiants dans diff\u00e9rents pays. Edna est l&rsquo;un des cofondatrice du r\u00e9seau canadien Immigrant &amp; International Women in Science (IWS) &#8211; qui s&rsquo;engage \u00e0 soutenir les femmes dans le domaine des sciences. dont l&rsquo;objectif est d&rsquo;autonomiser et de soutenir les femmes dans le domaine des sciences\u00a0\u00bb.<\/p>\n<p>Edna est la fondatrice de STEM Sin Fronteras Foundation &#8211; un programme d&rsquo;\u00e9ducation qui vise \u00e0 relier les domaines des STIM et les jeunes du monde entier. \u00ab\u00a0En mettant l&rsquo;\u00e9ducation \u00e0 la port\u00e9e de tous, en particulier des minorit\u00e9s et les populations \u00e0 faible revenu, nous pouvons briser les fronti\u00e8res dans les domaines de STIM pour faire face aux d\u00e9fis mondiaux en mati\u00e8re de science et d&rsquo;innovations technologiques. les d\u00e9fis mondiaux en mati\u00e8re de science et d&rsquo;innovations technologiques\u00a0\u00bb.[\/vc_column_text][\/vc_column][\/vc_row]<\/p>\n<\/div>","protected":false},"excerpt":{"rendered":"<p>[vc_row full_width=\u00a0\u00bbstretch_row\u00a0\u00bb css=\u00a0\u00bb.vc_custom_1674540526141{background-color: #1a4265 !important;}\u00a0\u00bb][vc_column][vc_column_text] Dr. Edna Matta-Camacho [\/vc_column_text][\/vc_column][\/vc_row][vc_row content_placement=\u00a0\u00bbmiddle\u00a0\u00bb css_animation=\u00a0\u00bbnone\u00a0\u00bb][vc_column css_animation=\u00a0\u00bbfadeInLeft\u00a0\u00bb width=\u00a0\u00bb1\/2&Prime; el_class=\u00a0\u00bbjury-page-box\u00a0\u00bb][vc_single_image image=\u00a0\u00bb69&Prime; img_size=\u00a0\u00bbfull\u00a0\u00bb alignment=\u00a0\u00bbcenter\u00a0\u00bb el_class=\u00a0\u00bbjury-image\u00a0\u00bb][vc_column_text] Colombie [\/vc_column_text][vc_row_inner el_class=\u00a0\u00bbsocial-row\u00a0\u00bb][vc_column_inner width=\u00a0\u00bb1\/2&Prime;][vc_icon icon_fontawesome=\u00a0\u00bbfab fa-linkedin-in\u00a0\u00bb color=\u00a0\u00bbcustom\u00a0\u00bb align=\u00a0\u00bbcenter\u00a0\u00bb custom_color=\u00a0\u00bb#1a4265&Prime; link=\u00a0\u00bburl:https%3A%2F%2Fwww.linkedin.com%2Fin%2Fedna-matta-camacho%2F|target:_blank\u00a0\u00bb][\/vc_column_inner][vc_column_inner width=\u00a0\u00bb1\/2&Prime;][vc_icon icon_fontawesome=\u00a0\u00bbfab fa-twitter\u00a0\u00bb color=\u00a0\u00bbcustom\u00a0\u00bb align=\u00a0\u00bbcenter\u00a0\u00bb custom_color=\u00a0\u00bb#1a4265&Prime; link=\u00a0\u00bburl:https%3A%2F%2Ftwitter.com%2FEdnaMattaC|target:_blank\u00a0\u00bb][\/vc_column_inner][\/vc_row_inner][\/vc_column][vc_column css_animation=\u00a0\u00bbfadeInRight\u00a0\u00bb width=\u00a0\u00bb1\/2&Prime;][vc_column_text]Docteur Matta-Camacho est une biologiste structurelle qui poss\u00e8de une vaste exp\u00e9rience dans le milieu universitaire et le secteur priv\u00e9. [&hellip;]<\/p>\n","protected":false},"author":1,"featured_media":0,"parent":0,"menu_order":0,"comment_status":"closed","ping_status":"closed","template":"","meta":{"footnotes":""},"class_list":["post-393","page","type-page","status-publish","hentry"],"_links":{"self":[{"href":"https:\/\/unescoalfozanprize.org\/fr\/wp-json\/wp\/v2\/pages\/393","targetHints":{"allow":["GET"]}}],"collection":[{"href":"https:\/\/unescoalfozanprize.org\/fr\/wp-json\/wp\/v2\/pages"}],"about":[{"href":"https:\/\/unescoalfozanprize.org\/fr\/wp-json\/wp\/v2\/types\/page"}],"author":[{"embeddable":true,"href":"https:\/\/unescoalfozanprize.org\/fr\/wp-json\/wp\/v2\/users\/1"}],"replies":[{"embeddable":true,"href":"https:\/\/unescoalfozanprize.org\/fr\/wp-json\/wp\/v2\/comments?post=393"}],"version-history":[{"count":1,"href":"https:\/\/unescoalfozanprize.org\/fr\/wp-json\/wp\/v2\/pages\/393\/revisions"}],"predecessor-version":[{"id":395,"href":"https:\/\/unescoalfozanprize.org\/fr\/wp-json\/wp\/v2\/pages\/393\/revisions\/395"}],"wp:attachment":[{"href":"https:\/\/unescoalfozanprize.org\/fr\/wp-json\/wp\/v2\/media?parent=393"}],"curies":[{"name":"wp","href":"https:\/\/api.w.org\/{rel}","templated":true}]}}