{"id":5058,"date":"2024-10-21T06:32:53","date_gmt":"2024-10-21T06:32:53","guid":{"rendered":"https:\/\/unescoalfozanprize.org\/hani-choudhry\/"},"modified":"2024-10-21T06:35:15","modified_gmt":"2024-10-21T06:35:15","slug":"hani-choudhry","status":"publish","type":"page","link":"https:\/\/unescoalfozanprize.org\/fr\/hani-choudhry\/","title":{"rendered":"Hani Choudhry"},"content":{"rendered":"<div class=\"wpb-content-wrapper\"><p>[vc_row full_width=\u00a0\u00bbstretch_row\u00a0\u00bb css=\u00a0\u00bb.vc_custom_1674540526141{background-color: #1a4265 !important;}\u00a0\u00bb][vc_column][vc_column_text]<\/p>\n<h2 style=\"text-align: center;\">Hani Choudhry<\/h2>\n<p>[\/vc_column_text][\/vc_column][\/vc_row][vc_row content_placement=\u00a0\u00bbmiddle\u00a0\u00bb][vc_column css_animation=\u00a0\u00bbfadeInLeft\u00a0\u00bb width=\u00a0\u00bb1\/2&Prime; el_class=\u00a0\u00bbjury-page-box\u00a0\u00bb][vc_single_image image=\u00a0\u00bb5053&Prime; img_size=\u00a0\u00bbfull\u00a0\u00bb alignment=\u00a0\u00bbcenter\u00a0\u00bb el_class=\u00a0\u00bbjury-image\u00a0\u00bb][vc_column_text]<\/p>\n<h4 style=\"text-align: center;\">Royaume d&rsquo;Arabie saoudite<\/h4>\n<p>[\/vc_column_text][vc_icon icon_fontawesome=\u00a0\u00bbfab fa-linkedin-in\u00a0\u00bb color=\u00a0\u00bbcustom\u00a0\u00bb align=\u00a0\u00bbcenter\u00a0\u00bb custom_color=\u00a0\u00bb#1a4265&Prime; link=\u00a0\u00bburl:https%3A%2F%2Fwww.linkedin.com%2Fin%2Fhani-choudhry-a2aba716%2F|target:_blank\u00a0\u00bb][\/vc_column][vc_column css_animation=\u00a0\u00bbfadeInRight\u00a0\u00bb width=\u00a0\u00bb1\/2&Prime;][vc_column_text]Hani Choudhry est professeur de g\u00e9nomique et de biotechnologie. Il a obtenu son doctorat en m\u00e9decine clinique \u00e0 l&rsquo;Universit\u00e9 d&rsquo;Oxford et a publi\u00e9 plus de 120 publications scientifiques dans des revues internationales. Il est actuellement vice-gouverneur de l&rsquo;Autorit\u00e9 de la recherche, du d\u00e9veloppement et de l&rsquo;innovation (RDIA). Le Dr Choudhry a \u00e9t\u00e9 sous-ministre adjoint de la recherche et de l&rsquo;innovation et directeur g\u00e9n\u00e9ral des subventions de recherche au minist\u00e8re de l&rsquo;\u00c9ducation d&rsquo;Arabie saoudite. Il a jou\u00e9 un r\u00f4le essentiel dans l&rsquo;\u00e9tablissement de partenariats strat\u00e9giques entre le monde universitaire et l&rsquo;industrie, et dans la direction d&rsquo;initiatives nationales de R&amp;D. Il poss\u00e8de une vaste exp\u00e9rience en leadership et en gestion de direction, et est membre de nombreux comit\u00e9s nationaux et ex\u00e9cutifs, de l&rsquo;enseignement sup\u00e9rieur \u00e0 l&rsquo;innovation.[\/vc_column_text][\/vc_column][\/vc_row]<\/p>\n<\/div>","protected":false},"excerpt":{"rendered":"<p>[vc_row full_width=\u00a0\u00bbstretch_row\u00a0\u00bb css=\u00a0\u00bb.vc_custom_1674540526141{background-color: #1a4265 !important;}\u00a0\u00bb][vc_column][vc_column_text] Hani Choudhry [\/vc_column_text][\/vc_column][\/vc_row][vc_row content_placement=\u00a0\u00bbmiddle\u00a0\u00bb][vc_column css_animation=\u00a0\u00bbfadeInLeft\u00a0\u00bb width=\u00a0\u00bb1\/2&Prime; el_class=\u00a0\u00bbjury-page-box\u00a0\u00bb][vc_single_image image=\u00a0\u00bb5053&Prime; img_size=\u00a0\u00bbfull\u00a0\u00bb alignment=\u00a0\u00bbcenter\u00a0\u00bb el_class=\u00a0\u00bbjury-image\u00a0\u00bb][vc_column_text] Royaume d&rsquo;Arabie saoudite [\/vc_column_text][vc_icon icon_fontawesome=\u00a0\u00bbfab fa-linkedin-in\u00a0\u00bb color=\u00a0\u00bbcustom\u00a0\u00bb align=\u00a0\u00bbcenter\u00a0\u00bb custom_color=\u00a0\u00bb#1a4265&Prime; link=\u00a0\u00bburl:https%3A%2F%2Fwww.linkedin.com%2Fin%2Fhani-choudhry-a2aba716%2F|target:_blank\u00a0\u00bb][\/vc_column][vc_column css_animation=\u00a0\u00bbfadeInRight\u00a0\u00bb width=\u00a0\u00bb1\/2&Prime;][vc_column_text]Hani Choudhry est professeur de g\u00e9nomique et de biotechnologie. Il a obtenu son doctorat en m\u00e9decine clinique \u00e0 l&rsquo;Universit\u00e9 d&rsquo;Oxford et a publi\u00e9 plus de 120 publications scientifiques [&hellip;]<\/p>\n","protected":false},"author":1,"featured_media":0,"parent":0,"menu_order":0,"comment_status":"closed","ping_status":"closed","template":"","meta":{"footnotes":""},"class_list":["post-5058","page","type-page","status-publish","hentry"],"_links":{"self":[{"href":"https:\/\/unescoalfozanprize.org\/fr\/wp-json\/wp\/v2\/pages\/5058","targetHints":{"allow":["GET"]}}],"collection":[{"href":"https:\/\/unescoalfozanprize.org\/fr\/wp-json\/wp\/v2\/pages"}],"about":[{"href":"https:\/\/unescoalfozanprize.org\/fr\/wp-json\/wp\/v2\/types\/page"}],"author":[{"embeddable":true,"href":"https:\/\/unescoalfozanprize.org\/fr\/wp-json\/wp\/v2\/users\/1"}],"replies":[{"embeddable":true,"href":"https:\/\/unescoalfozanprize.org\/fr\/wp-json\/wp\/v2\/comments?post=5058"}],"version-history":[{"count":3,"href":"https:\/\/unescoalfozanprize.org\/fr\/wp-json\/wp\/v2\/pages\/5058\/revisions"}],"predecessor-version":[{"id":5062,"href":"https:\/\/unescoalfozanprize.org\/fr\/wp-json\/wp\/v2\/pages\/5058\/revisions\/5062"}],"wp:attachment":[{"href":"https:\/\/unescoalfozanprize.org\/fr\/wp-json\/wp\/v2\/media?parent=5058"}],"curies":[{"name":"wp","href":"https:\/\/api.w.org\/{rel}","templated":true}]}}