{"id":5069,"date":"2024-10-21T06:39:48","date_gmt":"2024-10-21T06:39:48","guid":{"rendered":"https:\/\/unescoalfozanprize.org\/xuanmei-fan\/"},"modified":"2024-10-21T06:41:18","modified_gmt":"2024-10-21T06:41:18","slug":"xuanmei-fan","status":"publish","type":"page","link":"https:\/\/unescoalfozanprize.org\/fr\/xuanmei-fan\/","title":{"rendered":"Xuanmei Fan"},"content":{"rendered":"<div class=\"wpb-content-wrapper\"><p>[vc_row full_width=\u00a0\u00bbstretch_row\u00a0\u00bb css=\u00a0\u00bb.vc_custom_1674540526141{background-color: #1a4265 !important;}\u00a0\u00bb][vc_column][vc_column_text]<\/p>\n<h2 style=\"text-align: center;\">Xuanmei Fan<\/h2>\n<p>[\/vc_column_text][\/vc_column][\/vc_row][vc_row content_placement=\u00a0\u00bbmiddle\u00a0\u00bb][vc_column css_animation=\u00a0\u00bbfadeInLeft\u00a0\u00bb width=\u00a0\u00bb1\/2&Prime; el_class=\u00a0\u00bbjury-page-box\u00a0\u00bb][vc_single_image image=\u00a0\u00bb5064&Prime; img_size=\u00a0\u00bbfull\u00a0\u00bb alignment=\u00a0\u00bbcenter\u00a0\u00bb el_class=\u00a0\u00bbjury-image\u00a0\u00bb][vc_column_text]<\/p>\n<h4 style=\"text-align: center;\">Chine<\/h4>\n<p>[\/vc_column_text][vc_icon icon_fontawesome=\u00a0\u00bbfab fa-linkedin-in\u00a0\u00bb color=\u00a0\u00bbcustom\u00a0\u00bb align=\u00a0\u00bbcenter\u00a0\u00bb custom_color=\u00a0\u00bb#1a4265&Prime; link=\u00a0\u00bburl:https%3A%2F%2Fwww.linkedin.com%2Fin%2Fxuanmei-fan-36369224%2F|target:_blank\u00a0\u00bb][\/vc_column][vc_column css_animation=\u00a0\u00bbfadeInRight\u00a0\u00bb width=\u00a0\u00bb1\/2&Prime;][vc_column_text]Xuanmei Fan est directrice du Laboratoire national d&rsquo;\u00c9tat pour la pr\u00e9vention des g\u00e9orisques et la protection du g\u00e9oenvironnement (SKLGP) \u00e0 l&rsquo;Universit\u00e9 de technologie de Chengdu, en Chine. Elle a obtenu son doctorat en g\u00e9ologie de l&rsquo;ing\u00e9nieur \u00e0 la facult\u00e9 des g\u00e9osciences de l&rsquo;information et des observations de la Terre (ITC) de l&rsquo;Universit\u00e9 de Twente en 2013. En 2015, elle est devenue professeure principale au SKLGP. Les recherches du professeur Fan portent sur les cha\u00eenes de risques g\u00e9ologiques induites par les tremblements de terre et les changements climatiques, l&rsquo;\u00e9volution \u00e0 long terme des paysages et la r\u00e9duction des risques de catastrophe. Son travail a \u00e9t\u00e9 largement appliqu\u00e9 dans les op\u00e9rations de secours et de sauvetage apr\u00e8s de grands tremblements de terre.\u00a0 Gr\u00e2ce \u00e0 ses r\u00e9alisations scientifiques significatives et \u00e0 sa contribution \u00e0 la soci\u00e9t\u00e9, elle a r\u00e9cemment re\u00e7u le prix des jeunes femmes scientifiques chinoises, le prix de l&rsquo;exploration scientifique et les prix de la science et de la technologie de l&rsquo;Association internationale de g\u00e9ologie et d&rsquo;environnement de l&rsquo;ing\u00e9nieur (IAEG). En tant que pr\u00e9sidente, elle a cofond\u00e9 le Partenariat mondial pour l&rsquo;informatique intelligente et la r\u00e9duction des risques multiples (SIMR), visant \u00e0 relever les d\u00e9fis mondiaux cr\u00e9\u00e9s par l&rsquo;augmentation des risques multiples et les changements climatiques dans un monde en rapide mutation.[\/vc_column_text][\/vc_column][\/vc_row]<\/p>\n<\/div>","protected":false},"excerpt":{"rendered":"<p>[vc_row full_width=\u00a0\u00bbstretch_row\u00a0\u00bb css=\u00a0\u00bb.vc_custom_1674540526141{background-color: #1a4265 !important;}\u00a0\u00bb][vc_column][vc_column_text] Xuanmei Fan [\/vc_column_text][\/vc_column][\/vc_row][vc_row content_placement=\u00a0\u00bbmiddle\u00a0\u00bb][vc_column css_animation=\u00a0\u00bbfadeInLeft\u00a0\u00bb width=\u00a0\u00bb1\/2&Prime; el_class=\u00a0\u00bbjury-page-box\u00a0\u00bb][vc_single_image image=\u00a0\u00bb5064&Prime; img_size=\u00a0\u00bbfull\u00a0\u00bb alignment=\u00a0\u00bbcenter\u00a0\u00bb el_class=\u00a0\u00bbjury-image\u00a0\u00bb][vc_column_text] Chine [\/vc_column_text][vc_icon icon_fontawesome=\u00a0\u00bbfab fa-linkedin-in\u00a0\u00bb color=\u00a0\u00bbcustom\u00a0\u00bb align=\u00a0\u00bbcenter\u00a0\u00bb custom_color=\u00a0\u00bb#1a4265&Prime; link=\u00a0\u00bburl:https%3A%2F%2Fwww.linkedin.com%2Fin%2Fxuanmei-fan-36369224%2F|target:_blank\u00a0\u00bb][\/vc_column][vc_column css_animation=\u00a0\u00bbfadeInRight\u00a0\u00bb width=\u00a0\u00bb1\/2&Prime;][vc_column_text]Xuanmei Fan est directrice du Laboratoire national d&rsquo;\u00c9tat pour la pr\u00e9vention des g\u00e9orisques et la protection du g\u00e9oenvironnement (SKLGP) \u00e0 l&rsquo;Universit\u00e9 de technologie de Chengdu, en Chine. Elle a obtenu [&hellip;]<\/p>\n","protected":false},"author":1,"featured_media":0,"parent":0,"menu_order":0,"comment_status":"closed","ping_status":"closed","template":"","meta":{"footnotes":""},"class_list":["post-5069","page","type-page","status-publish","hentry"],"_links":{"self":[{"href":"https:\/\/unescoalfozanprize.org\/fr\/wp-json\/wp\/v2\/pages\/5069","targetHints":{"allow":["GET"]}}],"collection":[{"href":"https:\/\/unescoalfozanprize.org\/fr\/wp-json\/wp\/v2\/pages"}],"about":[{"href":"https:\/\/unescoalfozanprize.org\/fr\/wp-json\/wp\/v2\/types\/page"}],"author":[{"embeddable":true,"href":"https:\/\/unescoalfozanprize.org\/fr\/wp-json\/wp\/v2\/users\/1"}],"replies":[{"embeddable":true,"href":"https:\/\/unescoalfozanprize.org\/fr\/wp-json\/wp\/v2\/comments?post=5069"}],"version-history":[{"count":1,"href":"https:\/\/unescoalfozanprize.org\/fr\/wp-json\/wp\/v2\/pages\/5069\/revisions"}],"predecessor-version":[{"id":5071,"href":"https:\/\/unescoalfozanprize.org\/fr\/wp-json\/wp\/v2\/pages\/5069\/revisions\/5071"}],"wp:attachment":[{"href":"https:\/\/unescoalfozanprize.org\/fr\/wp-json\/wp\/v2\/media?parent=5069"}],"curies":[{"name":"wp","href":"https:\/\/api.w.org\/{rel}","templated":true}]}}