{"id":7713,"date":"2025-09-19T15:27:29","date_gmt":"2025-09-19T15:27:29","guid":{"rendered":"https:\/\/unescoalfozanprize.org\/mr-ndaudika-mulundileni\/"},"modified":"2025-10-05T19:07:44","modified_gmt":"2025-10-05T19:07:44","slug":"mr-ndaudika-mulundileni","status":"publish","type":"page","link":"https:\/\/unescoalfozanprize.org\/fr\/mr-ndaudika-mulundileni\/","title":{"rendered":"Mr. Ndaudika Mulundileni"},"content":{"rendered":"<div class=\"wpb-content-wrapper\"><p>[vc_row full_width=\u00a0\u00bbstretch_row\u00a0\u00bb css=\u00a0\u00bb.vc_custom_1690156709277{border-bottom-width: 2px !important;background-color: #1a4265 !important;border-bottom-color: #72bd3e !important;border-bottom-style: solid !important;}\u00a0\u00bb][vc_column][vc_column_text]<\/p>\n<h2 style=\"text-align: center;\">Mr. Ndaudika Mulundileni<\/h2>\n<p>[\/vc_column_text][\/vc_column][\/vc_row][vc_row full_width=\u00a0\u00bbstretch_row\u00a0\u00bb css=\u00a0\u00bb.vc_custom_1691476352877{padding-bottom: 40px !important;background-color: #1a4265 !important;}\u00a0\u00bb][vc_column el_class=\u00a0\u00bbjury-page-box\u00a0\u00bb][vc_single_image image=\u00a0\u00bb7747&Prime; img_size=\u00a0\u00bbfull\u00a0\u00bb alignment=\u00a0\u00bbcenter\u00a0\u00bb css=\u00a0\u00bb\u00a0\u00bb el_class=\u00a0\u00bbjury-image\u00a0\u00bb][vc_column_text]<\/p>\n<h3 style=\"text-align: center;\"><span style=\"color: #ffffff;\">Afrique<\/span><\/h3>\n<p>[\/vc_column_text][vc_column_text css=\u00a0\u00bb.vc_custom_1758296160207{margin-top: 20px !important;}\u00a0\u00bb]<span style=\"color: #ffffff;\">M. Ndaudika Mulundileni est un fervent d\u00e9fenseur de l&rsquo;enseignement des STIM dont le travail en Namibie a transform\u00e9 les possibilit\u00e9s d&rsquo;apprentissage pour les communaut\u00e9s d\u00e9favoris\u00e9es. Gr\u00e2ce aux programmes STEAM Minds in Action qu&rsquo;il a cofond\u00e9s, il a incit\u00e9 les jeunes \u00e0 relever des d\u00e9fis concrets et \u00e0 cr\u00e9er des prototypes fonctionnels comme solutions, comblant ainsi les lacunes \u00e9ducatives et remodelant les normes sociales.<\/span><\/p>\n<p><span style=\"color: #ffffff;\">Ses initiatives permettent aux apprenants d&rsquo;acqu\u00e9rir des comp\u00e9tences pratiques en codage, en robotique et en r\u00e9solution de probl\u00e8mes, favorisant ainsi une culture de l&rsquo;innovation et de la pens\u00e9e critique d\u00e8s le plus jeune \u00e2ge. Au-del\u00e0 de l&rsquo;autonomisation des \u00e9l\u00e8ves, Minds in Action a mis en place des cadres d&rsquo;apprentissage durables et form\u00e9 plus de 200 enseignants \u00e0 dispenser un programme d&rsquo;apprentissage adaptatif et continu.<\/span><\/p>\n<p><span style=\"color: #ffffff;\">En formant une g\u00e9n\u00e9ration de penseurs cr\u00e9atifs et de solutionneurs de probl\u00e8mes, le travail de M. Mulundileni ouvre la voie \u00e0 une Namibie inclusive et pr\u00eate pour l&rsquo;avenir, o\u00f9 l&rsquo;innovation est le moteur du d\u00e9veloppement national.<\/span>[\/vc_column_text][\/vc_column][\/vc_row][vc_row full_width=\u00a0\u00bbstretch_row\u00a0\u00bb content_placement=\u00a0\u00bbmiddle\u00a0\u00bb css_animation=\u00a0\u00bbnone\u00a0\u00bb disable_element=\u00a0\u00bbyes\u00a0\u00bb css=\u00a0\u00bb.vc_custom_1758295817452{border-bottom-width: 2px !important;padding-bottom: 20px !important;border-bottom-color: #72bd3e !important;border-bottom-style: solid !important;}\u00a0\u00bb][vc_column css_animation=\u00a0\u00bbfadeInLeft\u00a0\u00bb width=\u00a0\u00bb1\/2&Prime; css=\u00a0\u00bb.vc_custom_1691476581228{background-color: #0a0a0a !important;}\u00a0\u00bb][vc_video link=\u00a0\u00bbhttps:\/\/youtu.be\/DMIZjIgQk-E\u00a0\u00bb align=\u00a0\u00bbcenter\u00a0\u00bb][\/vc_column][vc_column css_animation=\u00a0\u00bbfadeInRight\u00a0\u00bb width=\u00a0\u00bb1\/2&Prime; el_class=\u00a0\u00bbjury-page-box\u00a0\u00bb][vc_single_image image=\u00a0\u00bb930&Prime; img_size=\u00a0\u00bbfull\u00a0\u00bb alignment=\u00a0\u00bbcenter\u00a0\u00bb][vc_column_text css=\u00a0\u00bb.vc_custom_1691476345536{margin-top: 10px !important;}\u00a0\u00bb]<\/p>\n<p style=\"text-align: center;\">Dr. Hesham Omran receiving the Prize<\/p>\n<p>[\/vc_column_text][\/vc_column][\/vc_row]<\/p>\n<\/div>","protected":false},"excerpt":{"rendered":"<p>[vc_row full_width=\u00a0\u00bbstretch_row\u00a0\u00bb css=\u00a0\u00bb.vc_custom_1690156709277{border-bottom-width: 2px !important;background-color: #1a4265 !important;border-bottom-color: #72bd3e !important;border-bottom-style: solid !important;}\u00a0\u00bb][vc_column][vc_column_text] Mr. Ndaudika Mulundileni [\/vc_column_text][\/vc_column][\/vc_row][vc_row full_width=\u00a0\u00bbstretch_row\u00a0\u00bb css=\u00a0\u00bb.vc_custom_1691476352877{padding-bottom: 40px !important;background-color: #1a4265 !important;}\u00a0\u00bb][vc_column el_class=\u00a0\u00bbjury-page-box\u00a0\u00bb][vc_single_image image=\u00a0\u00bb7747&Prime; img_size=\u00a0\u00bbfull\u00a0\u00bb alignment=\u00a0\u00bbcenter\u00a0\u00bb css=\u00a0\u00bb\u00a0\u00bb el_class=\u00a0\u00bbjury-image\u00a0\u00bb][vc_column_text] Afrique [\/vc_column_text][vc_column_text css=\u00a0\u00bb.vc_custom_1758296160207{margin-top: 20px !important;}\u00a0\u00bb]M. Ndaudika Mulundileni est un fervent d\u00e9fenseur de l&rsquo;enseignement des STIM dont le travail en Namibie a transform\u00e9 les possibilit\u00e9s d&rsquo;apprentissage pour les communaut\u00e9s [&hellip;]<\/p>\n","protected":false},"author":1,"featured_media":0,"parent":0,"menu_order":0,"comment_status":"closed","ping_status":"closed","template":"","meta":{"footnotes":""},"class_list":["post-7713","page","type-page","status-publish","hentry"],"_links":{"self":[{"href":"https:\/\/unescoalfozanprize.org\/fr\/wp-json\/wp\/v2\/pages\/7713","targetHints":{"allow":["GET"]}}],"collection":[{"href":"https:\/\/unescoalfozanprize.org\/fr\/wp-json\/wp\/v2\/pages"}],"about":[{"href":"https:\/\/unescoalfozanprize.org\/fr\/wp-json\/wp\/v2\/types\/page"}],"author":[{"embeddable":true,"href":"https:\/\/unescoalfozanprize.org\/fr\/wp-json\/wp\/v2\/users\/1"}],"replies":[{"embeddable":true,"href":"https:\/\/unescoalfozanprize.org\/fr\/wp-json\/wp\/v2\/comments?post=7713"}],"version-history":[{"count":2,"href":"https:\/\/unescoalfozanprize.org\/fr\/wp-json\/wp\/v2\/pages\/7713\/revisions"}],"predecessor-version":[{"id":7771,"href":"https:\/\/unescoalfozanprize.org\/fr\/wp-json\/wp\/v2\/pages\/7713\/revisions\/7771"}],"wp:attachment":[{"href":"https:\/\/unescoalfozanprize.org\/fr\/wp-json\/wp\/v2\/media?parent=7713"}],"curies":[{"name":"wp","href":"https:\/\/api.w.org\/{rel}","templated":true}]}}