{"id":7728,"date":"2025-09-19T15:46:32","date_gmt":"2025-09-19T15:46:32","guid":{"rendered":"https:\/\/unescoalfozanprize.org\/dr-mounia-laassiri\/"},"modified":"2025-11-04T09:27:01","modified_gmt":"2025-11-04T09:27:01","slug":"dr-mounia-laassiri","status":"publish","type":"page","link":"https:\/\/unescoalfozanprize.org\/fr\/dr-mounia-laassiri\/","title":{"rendered":"Dr. Mounia Laassiri"},"content":{"rendered":"<div class=\"wpb-content-wrapper\"><p>[vc_row full_width=\u00a0\u00bbstretch_row\u00a0\u00bb css=\u00a0\u00bb.vc_custom_1690156709277{border-bottom-width: 2px !important;background-color: #1a4265 !important;border-bottom-color: #72bd3e !important;border-bottom-style: solid !important;}\u00a0\u00bb][vc_column][vc_column_text]<\/p>\n<h2 style=\"text-align: center;\">Dr. Mounia Laassiri<\/h2>\n<p>[\/vc_column_text][\/vc_column][\/vc_row][vc_row full_width=\u00a0\u00bbstretch_row\u00a0\u00bb css=\u00a0\u00bb.vc_custom_1691476352877{padding-bottom: 40px !important;background-color: #1a4265 !important;}\u00a0\u00bb][vc_column el_class=\u00a0\u00bbjury-page-box\u00a0\u00bb][vc_single_image image=\u00a0\u00bb7751&Prime; img_size=\u00a0\u00bbfull\u00a0\u00bb alignment=\u00a0\u00bbcenter\u00a0\u00bb css=\u00a0\u00bb\u00a0\u00bb el_class=\u00a0\u00bbjury-image\u00a0\u00bb][vc_column_text css=\u00a0\u00bb\u00a0\u00bb]<\/p>\n<h3 style=\"text-align: center;\"><span style=\"color: #ffffff;\">\u00c9tats arabes<\/span><\/h3>\n<p>[\/vc_column_text][vc_column_text css=\u00a0\u00bb.vc_custom_1758297055307{margin-top: 20px !important;}\u00a0\u00bb]<span style=\"color: #ffffff;\">Le Dr Mounia Laassiri est physicienne nucl\u00e9aire et physicienne des particules, et chercheuse postdoctorale au Brookhaven National Laboratory (BNL). Son travail consiste principalement \u00e0 tester la mise \u00e0 niveau du d\u00e9tecteur \u00e0 bandes ATLAS (ITk) pour l&rsquo;exp\u00e9rience ATLAS et \u00e0 contribuer \u00e0 l&rsquo;organisation et \u00e0 la gestion de l&rsquo;African School of Physics (ASP).<\/span><\/p>\n<p><span style=\"color: #ffffff;\">Elle est titulaire d&rsquo;un doctorat en physique et instrumentation nucl\u00e9aire de l&rsquo;universit\u00e9 Mohammed V au Maroc, o\u00f9 elle a \u00e9galement obtenu une licence en \u00e9tudes fondamentales, sciences de la mati\u00e8re physique, et un master en s\u00e9curit\u00e9 des r\u00e9seaux informatiques et des syst\u00e8mes embarqu\u00e9s.<\/span><\/p>\n<p><span style=\"color: #ffffff;\">Le Dr Laassiri joue un r\u00f4le actif dans des initiatives scientifiques internationales, notamment en tant que r\u00e9dactrice en chef de l&rsquo;African Physics Newsletter (APN), organisatrice de conf\u00e9rences et d&rsquo;\u00e9coles, et membre du conseil d&rsquo;administration de l&rsquo;Arab Physical Society (ArPS). Elle est profond\u00e9ment engag\u00e9e dans la vulgarisation scientifique, le mentorat et la promotion de collaborations qui relient les communaut\u00e9s physiques africaines, arabes et mondiales, contribuant ainsi \u00e0 la construction d&rsquo;un \u00e9cosyst\u00e8me scientifique plus inclusif et interconnect\u00e9.<\/span>[\/vc_column_text][\/vc_column][\/vc_row][vc_row full_width=\u00a0\u00bbstretch_row\u00a0\u00bb content_placement=\u00a0\u00bbmiddle\u00a0\u00bb css_animation=\u00a0\u00bbnone\u00a0\u00bb disable_element=\u00a0\u00bbyes\u00a0\u00bb css=\u00a0\u00bb.vc_custom_1758295817452{border-bottom-width: 2px !important;padding-bottom: 20px !important;border-bottom-color: #72bd3e !important;border-bottom-style: solid !important;}\u00a0\u00bb][vc_column css_animation=\u00a0\u00bbfadeInLeft\u00a0\u00bb width=\u00a0\u00bb1\/2&Prime; css=\u00a0\u00bb.vc_custom_1691476581228{background-color: #0a0a0a !important;}\u00a0\u00bb][vc_video link=\u00a0\u00bbhttps:\/\/youtu.be\/DMIZjIgQk-E\u00a0\u00bb align=\u00a0\u00bbcenter\u00a0\u00bb][\/vc_column][vc_column css_animation=\u00a0\u00bbfadeInRight\u00a0\u00bb width=\u00a0\u00bb1\/2&Prime; el_class=\u00a0\u00bbjury-page-box\u00a0\u00bb][vc_single_image image=\u00a0\u00bb930&Prime; img_size=\u00a0\u00bbfull\u00a0\u00bb alignment=\u00a0\u00bbcenter\u00a0\u00bb][vc_column_text css=\u00a0\u00bb.vc_custom_1691476345536{margin-top: 10px !important;}\u00a0\u00bb]<\/p>\n<p style=\"text-align: center;\">Dr. Hesham Omran receiving the Prize<\/p>\n<p>[\/vc_column_text][\/vc_column][\/vc_row]<\/p>\n<\/div>","protected":false},"excerpt":{"rendered":"<p>[vc_row full_width=\u00a0\u00bbstretch_row\u00a0\u00bb css=\u00a0\u00bb.vc_custom_1690156709277{border-bottom-width: 2px !important;background-color: #1a4265 !important;border-bottom-color: #72bd3e !important;border-bottom-style: solid !important;}\u00a0\u00bb][vc_column][vc_column_text] Dr. Mounia Laassiri [\/vc_column_text][\/vc_column][\/vc_row][vc_row full_width=\u00a0\u00bbstretch_row\u00a0\u00bb css=\u00a0\u00bb.vc_custom_1691476352877{padding-bottom: 40px !important;background-color: #1a4265 !important;}\u00a0\u00bb][vc_column el_class=\u00a0\u00bbjury-page-box\u00a0\u00bb][vc_single_image image=\u00a0\u00bb7751&Prime; img_size=\u00a0\u00bbfull\u00a0\u00bb alignment=\u00a0\u00bbcenter\u00a0\u00bb css=\u00a0\u00bb\u00a0\u00bb el_class=\u00a0\u00bbjury-image\u00a0\u00bb][vc_column_text css=\u00a0\u00bb\u00a0\u00bb] \u00c9tats arabes [\/vc_column_text][vc_column_text css=\u00a0\u00bb.vc_custom_1758297055307{margin-top: 20px !important;}\u00a0\u00bb]Le Dr Mounia Laassiri est physicienne nucl\u00e9aire et physicienne des particules, et chercheuse postdoctorale au Brookhaven National Laboratory (BNL). Son travail consiste [&hellip;]<\/p>\n","protected":false},"author":1,"featured_media":0,"parent":0,"menu_order":0,"comment_status":"closed","ping_status":"closed","template":"","meta":{"footnotes":""},"class_list":["post-7728","page","type-page","status-publish","hentry"],"_links":{"self":[{"href":"https:\/\/unescoalfozanprize.org\/fr\/wp-json\/wp\/v2\/pages\/7728","targetHints":{"allow":["GET"]}}],"collection":[{"href":"https:\/\/unescoalfozanprize.org\/fr\/wp-json\/wp\/v2\/pages"}],"about":[{"href":"https:\/\/unescoalfozanprize.org\/fr\/wp-json\/wp\/v2\/types\/page"}],"author":[{"embeddable":true,"href":"https:\/\/unescoalfozanprize.org\/fr\/wp-json\/wp\/v2\/users\/1"}],"replies":[{"embeddable":true,"href":"https:\/\/unescoalfozanprize.org\/fr\/wp-json\/wp\/v2\/comments?post=7728"}],"version-history":[{"count":4,"href":"https:\/\/unescoalfozanprize.org\/fr\/wp-json\/wp\/v2\/pages\/7728\/revisions"}],"predecessor-version":[{"id":8098,"href":"https:\/\/unescoalfozanprize.org\/fr\/wp-json\/wp\/v2\/pages\/7728\/revisions\/8098"}],"wp:attachment":[{"href":"https:\/\/unescoalfozanprize.org\/fr\/wp-json\/wp\/v2\/media?parent=7728"}],"curies":[{"name":"wp","href":"https:\/\/api.w.org\/{rel}","templated":true}]}}