{"id":7775,"date":"2025-10-05T19:11:00","date_gmt":"2025-10-05T19:11:00","guid":{"rendered":"https:\/\/unescoalfozanprize.org\/?page_id=7775"},"modified":"2025-10-05T19:14:57","modified_gmt":"2025-10-05T19:14:57","slug":"dr-lijing-cheng","status":"publish","type":"page","link":"https:\/\/unescoalfozanprize.org\/fr\/dr-lijing-cheng\/","title":{"rendered":"Dr Lijing Cheng"},"content":{"rendered":"<div class=\"wpb-content-wrapper\"><p>[vc_row full_width=\u00a0\u00bbstretch_row\u00a0\u00bb css=\u00a0\u00bb.vc_custom_1690156709277{border-bottom-width: 2px !important;background-color: #1a4265 !important;border-bottom-color: #72bd3e !important;border-bottom-style: solid !important;}\u00a0\u00bb][vc_column][vc_column_text css=\u00a0\u00bb\u00a0\u00bb]<\/p>\n<h2 style=\"text-align: center;\">Dr Lijing Cheng<\/h2>\n<p>[\/vc_column_text][\/vc_column][\/vc_row][vc_row full_width=\u00a0\u00bbstretch_row\u00a0\u00bb css=\u00a0\u00bb.vc_custom_1691476352877{padding-bottom: 40px !important;background-color: #1a4265 !important;}\u00a0\u00bb][vc_column el_class=\u00a0\u00bbjury-page-box\u00a0\u00bb][vc_single_image image=\u00a0\u00bb7755&Prime; img_size=\u00a0\u00bbfull\u00a0\u00bb alignment=\u00a0\u00bbcenter\u00a0\u00bb css=\u00a0\u00bb\u00a0\u00bb el_class=\u00a0\u00bbjury-image\u00a0\u00bb][vc_column_text css=\u00a0\u00bb\u00a0\u00bb]<\/p>\n<h3 style=\"text-align: center;\"><span style=\"color: #ffffff;\">Asie et Pacifique<\/span><\/h3>\n<p>[\/vc_column_text][vc_column_text css=\u00a0\u00bb.vc_custom_1759691694188{margin-top: 20px !important;}\u00a0\u00bb]<span style=\"color: #ffffff;\">Le Dr Lijing Cheng est un climatologue de renom dont les travaux ont profond\u00e9ment fait progresser notre compr\u00e9hension des oc\u00e9ans terrestres et de leur r\u00f4le dans le syst\u00e8me climatique mondial. Apr\u00e8s avoir obtenu son doctorat en 2014 \u00e0 l&rsquo;Institut de physique atmosph\u00e9rique (IAP) de l&rsquo;Acad\u00e9mie chinoise des sciences (CAS), il a poursuivi ses recherches en tant que professeur titulaire \u00e0 l&rsquo;IAP\/CAS, se concentrant sur la chaleur contenue dans les oc\u00e9ans, le bilan \u00e9nerg\u00e9tique et les erreurs syst\u00e9matiques dans les observations oc\u00e9aniques.<\/span><\/p>\n<p><span style=\"color: #ffffff;\">Ses \u00e9tudes pionni\u00e8res sur les changements historiques de la chaleur contenue dans les oc\u00e9ans (OHC) et le bilan \u00e9nerg\u00e9tique de la Terre ont permis \u00e0 la communaut\u00e9 scientifique de mieux comprendre comment les oc\u00e9ans r\u00e9agissent au changement climatique. En dirigeant les efforts mondiaux visant \u00e0 d\u00e9velopper des techniques avanc\u00e9es de contr\u00f4le de la qualit\u00e9 des donn\u00e9es, de correction des biais et d&rsquo;analyse maill\u00e9e, le Dr Cheng fournit des ensembles de donn\u00e9es de haute qualit\u00e9 qui sont essentiels pour la science du climat, l&rsquo;adaptation et l&rsquo;att\u00e9nuation \u00e0 l&rsquo;\u00e9chelle mondiale.<\/span><\/p>\n<p><span style=\"color: #ffffff;\">L&rsquo;expertise du Dr Cheng a \u00e9t\u00e9 reconnue au plus haut niveau international : il est l&rsquo;auteur principal du rapport sp\u00e9cial du Groupe d&rsquo;experts intergouvernemental sur l&rsquo;\u00e9volution du climat (GIEC) des Nations Unies sur l&rsquo;oc\u00e9an et la cryosph\u00e8re, ainsi que de l&rsquo;\u00c9valuation mondiale des oc\u00e9ans des Nations Unies. Ses recherches soutiennent directement les objectifs de d\u00e9veloppement durable (ODD) des Nations Unies, en fournissant aux d\u00e9cideurs politiques les connaissances n\u00e9cessaires pour faire face aux risques climatiques et \u00e9laborer des strat\u00e9gies r\u00e9silientes pour l&rsquo;avenir.<\/span>[\/vc_column_text][\/vc_column][\/vc_row][vc_row full_width=\u00a0\u00bbstretch_row\u00a0\u00bb content_placement=\u00a0\u00bbmiddle\u00a0\u00bb css_animation=\u00a0\u00bbnone\u00a0\u00bb disable_element=\u00a0\u00bbyes\u00a0\u00bb css=\u00a0\u00bb.vc_custom_1758295817452{border-bottom-width: 2px !important;padding-bottom: 20px !important;border-bottom-color: #72bd3e !important;border-bottom-style: solid !important;}\u00a0\u00bb][vc_column css_animation=\u00a0\u00bbfadeInLeft\u00a0\u00bb width=\u00a0\u00bb1\/2&Prime; css=\u00a0\u00bb.vc_custom_1691476581228{background-color: #0a0a0a !important;}\u00a0\u00bb][vc_video link=\u00a0\u00bbhttps:\/\/youtu.be\/DMIZjIgQk-E\u00a0\u00bb align=\u00a0\u00bbcenter\u00a0\u00bb][\/vc_column][vc_column css_animation=\u00a0\u00bbfadeInRight\u00a0\u00bb width=\u00a0\u00bb1\/2&Prime; el_class=\u00a0\u00bbjury-page-box\u00a0\u00bb][vc_single_image image=\u00a0\u00bb930&Prime; img_size=\u00a0\u00bbfull\u00a0\u00bb alignment=\u00a0\u00bbcenter\u00a0\u00bb][vc_column_text css=\u00a0\u00bb.vc_custom_1691476345536{margin-top: 10px !important;}\u00a0\u00bb]<\/p>\n<p style=\"text-align: center;\">Dr. Hesham Omran receiving the Prize<\/p>\n<p>[\/vc_column_text][\/vc_column][\/vc_row]<\/p>\n<\/div>","protected":false},"excerpt":{"rendered":"<p>[vc_row full_width=\u00a0\u00bbstretch_row\u00a0\u00bb css=\u00a0\u00bb.vc_custom_1690156709277{border-bottom-width: 2px !important;background-color: #1a4265 !important;border-bottom-color: #72bd3e !important;border-bottom-style: solid !important;}\u00a0\u00bb][vc_column][vc_column_text css=\u00a0\u00bb\u00a0\u00bb] Dr Lijing Cheng [\/vc_column_text][\/vc_column][\/vc_row][vc_row full_width=\u00a0\u00bbstretch_row\u00a0\u00bb css=\u00a0\u00bb.vc_custom_1691476352877{padding-bottom: 40px !important;background-color: #1a4265 !important;}\u00a0\u00bb][vc_column el_class=\u00a0\u00bbjury-page-box\u00a0\u00bb][vc_single_image image=\u00a0\u00bb7755&Prime; img_size=\u00a0\u00bbfull\u00a0\u00bb alignment=\u00a0\u00bbcenter\u00a0\u00bb css=\u00a0\u00bb\u00a0\u00bb el_class=\u00a0\u00bbjury-image\u00a0\u00bb][vc_column_text css=\u00a0\u00bb\u00a0\u00bb] Asie et Pacifique [\/vc_column_text][vc_column_text css=\u00a0\u00bb.vc_custom_1759691694188{margin-top: 20px !important;}\u00a0\u00bb]Le Dr Lijing Cheng est un climatologue de renom dont les travaux ont profond\u00e9ment fait progresser notre compr\u00e9hension des oc\u00e9ans [&hellip;]<\/p>\n","protected":false},"author":1,"featured_media":0,"parent":0,"menu_order":0,"comment_status":"closed","ping_status":"closed","template":"","meta":{"footnotes":""},"class_list":["post-7775","page","type-page","status-publish","hentry"],"_links":{"self":[{"href":"https:\/\/unescoalfozanprize.org\/fr\/wp-json\/wp\/v2\/pages\/7775","targetHints":{"allow":["GET"]}}],"collection":[{"href":"https:\/\/unescoalfozanprize.org\/fr\/wp-json\/wp\/v2\/pages"}],"about":[{"href":"https:\/\/unescoalfozanprize.org\/fr\/wp-json\/wp\/v2\/types\/page"}],"author":[{"embeddable":true,"href":"https:\/\/unescoalfozanprize.org\/fr\/wp-json\/wp\/v2\/users\/1"}],"replies":[{"embeddable":true,"href":"https:\/\/unescoalfozanprize.org\/fr\/wp-json\/wp\/v2\/comments?post=7775"}],"version-history":[{"count":1,"href":"https:\/\/unescoalfozanprize.org\/fr\/wp-json\/wp\/v2\/pages\/7775\/revisions"}],"predecessor-version":[{"id":7780,"href":"https:\/\/unescoalfozanprize.org\/fr\/wp-json\/wp\/v2\/pages\/7775\/revisions\/7780"}],"wp:attachment":[{"href":"https:\/\/unescoalfozanprize.org\/fr\/wp-json\/wp\/v2\/media?parent=7775"}],"curies":[{"name":"wp","href":"https:\/\/api.w.org\/{rel}","templated":true}]}}