{"id":7791,"date":"2025-10-05T19:26:53","date_gmt":"2025-10-05T19:26:53","guid":{"rendered":"https:\/\/unescoalfozanprize.org\/?page_id=7791"},"modified":"2025-10-05T19:29:26","modified_gmt":"2025-10-05T19:29:26","slug":"dr-rosa-vasquez-espinoza","status":"publish","type":"page","link":"https:\/\/unescoalfozanprize.org\/fr\/dr-rosa-vasquez-espinoza\/","title":{"rendered":"Dr Rosa V\u00e1squez Espinoza"},"content":{"rendered":"<div class=\"wpb-content-wrapper\"><p>[vc_row full_width=\u00a0\u00bbstretch_row\u00a0\u00bb css=\u00a0\u00bb.vc_custom_1690156709277{border-bottom-width: 2px !important;background-color: #1a4265 !important;border-bottom-color: #72bd3e !important;border-bottom-style: solid !important;}\u00a0\u00bb][vc_column][vc_column_text css=\u00a0\u00bb\u00a0\u00bb]<\/p>\n<h2 style=\"text-align: center;\">Dr Rosa V\u00e1squez Espinoza<\/h2>\n<p>[\/vc_column_text][\/vc_column][\/vc_row][vc_row full_width=\u00a0\u00bbstretch_row\u00a0\u00bb css=\u00a0\u00bb.vc_custom_1691476352877{padding-bottom: 40px !important;background-color: #1a4265 !important;}\u00a0\u00bb][vc_column el_class=\u00a0\u00bbjury-page-box\u00a0\u00bb][vc_single_image image=\u00a0\u00bb7763&Prime; img_size=\u00a0\u00bbfull\u00a0\u00bb alignment=\u00a0\u00bbcenter\u00a0\u00bb css=\u00a0\u00bb\u00a0\u00bb el_class=\u00a0\u00bbjury-image\u00a0\u00bb][vc_column_text css=\u00a0\u00bb\u00a0\u00bb]<\/p>\n<h3 style=\"text-align: center;\"><span style=\"color: #ffffff;\">Am\u00e9rique latine et Cara\u00efbes<\/span><\/h3>\n<p>[\/vc_column_text][vc_column_text css=\u00a0\u00bb.vc_custom_1759692508158{margin-top: 20px !important;}\u00a0\u00bb]<span style=\"color: #ffffff;\">Le Dr Rosa V\u00e1squez Espinoza est fondatrice et directrice ex\u00e9cutive d&rsquo;Amazon Research International (ARI), une organisation \u00e0 but non lucratif bas\u00e9e au P\u00e9rou qui se consacre \u00e0 la conservation de la biodiversit\u00e9 amazonienne et \u00e0 la pr\u00e9servation des connaissances autochtones. L&rsquo;ARI fait progresser la conservation gr\u00e2ce \u00e0 la recherche scientifique, \u00e0 des programmes \u00e9ducatifs et \u00e0 l&rsquo;autonomisation des communaut\u00e9s et des dirigeants autochtones, en veillant \u00e0 ce qu&rsquo;ils ne soient pas seulement des participants, mais aussi des leaders et des co-cr\u00e9ateurs dans la recherche sur la biodiversit\u00e9 et les solutions climatiques.<\/span><\/p>\n<p><span style=\"color: #ffffff;\">Ses initiatives, soutenues par des subventions, des dons et des b\u00e9n\u00e9voles, font le pont entre la science de pointe et la sagesse ancestrale afin de prot\u00e9ger les \u00e9cosyst\u00e8mes amazoniens tout en renfor\u00e7ant la voix de ses habitants. Gr\u00e2ce \u00e0 l&rsquo;ARI, le Dr V\u00e1squez Espinoza favorise la collaboration entre la science et la tradition, cr\u00e9ant ainsi des voies inclusives pour une conservation et une innovation durables.<\/span><\/p>\n<p><span style=\"color: #ffffff;\">Elle est titulaire d&rsquo;un doctorat en biologie chimique de l&rsquo;universit\u00e9 du Michigan, d&rsquo;une double licence en biologie et en chimie de l&rsquo;universit\u00e9 technologique du Tennessee, et est reconnue mondialement comme exploratrice du National Geographic. Son travail met en avant l&rsquo;Amazonie non seulement comme un tr\u00e9sor \u00e9cologique vital, mais aussi comme une source d&rsquo;inspiration et de connaissances pour un avenir durable.<\/span>[\/vc_column_text][\/vc_column][\/vc_row][vc_row full_width=\u00a0\u00bbstretch_row\u00a0\u00bb content_placement=\u00a0\u00bbmiddle\u00a0\u00bb css_animation=\u00a0\u00bbnone\u00a0\u00bb disable_element=\u00a0\u00bbyes\u00a0\u00bb css=\u00a0\u00bb.vc_custom_1758295817452{border-bottom-width: 2px !important;padding-bottom: 20px !important;border-bottom-color: #72bd3e !important;border-bottom-style: solid !important;}\u00a0\u00bb][vc_column css_animation=\u00a0\u00bbfadeInLeft\u00a0\u00bb width=\u00a0\u00bb1\/2&Prime; css=\u00a0\u00bb.vc_custom_1691476581228{background-color: #0a0a0a !important;}\u00a0\u00bb][vc_video link=\u00a0\u00bbhttps:\/\/youtu.be\/DMIZjIgQk-E\u00a0\u00bb align=\u00a0\u00bbcenter\u00a0\u00bb][\/vc_column][vc_column css_animation=\u00a0\u00bbfadeInRight\u00a0\u00bb width=\u00a0\u00bb1\/2&Prime; el_class=\u00a0\u00bbjury-page-box\u00a0\u00bb][vc_single_image image=\u00a0\u00bb930&Prime; img_size=\u00a0\u00bbfull\u00a0\u00bb alignment=\u00a0\u00bbcenter\u00a0\u00bb][vc_column_text css=\u00a0\u00bb.vc_custom_1691476345536{margin-top: 10px !important;}\u00a0\u00bb]<\/p>\n<p style=\"text-align: center;\">Dr. Hesham Omran receiving the Prize<\/p>\n<p>[\/vc_column_text][\/vc_column][\/vc_row]<\/p>\n<\/div>","protected":false},"excerpt":{"rendered":"<p>[vc_row full_width=\u00a0\u00bbstretch_row\u00a0\u00bb css=\u00a0\u00bb.vc_custom_1690156709277{border-bottom-width: 2px !important;background-color: #1a4265 !important;border-bottom-color: #72bd3e !important;border-bottom-style: solid !important;}\u00a0\u00bb][vc_column][vc_column_text css=\u00a0\u00bb\u00a0\u00bb] Dr Rosa V\u00e1squez Espinoza [\/vc_column_text][\/vc_column][\/vc_row][vc_row full_width=\u00a0\u00bbstretch_row\u00a0\u00bb css=\u00a0\u00bb.vc_custom_1691476352877{padding-bottom: 40px !important;background-color: #1a4265 !important;}\u00a0\u00bb][vc_column el_class=\u00a0\u00bbjury-page-box\u00a0\u00bb][vc_single_image image=\u00a0\u00bb7763&Prime; img_size=\u00a0\u00bbfull\u00a0\u00bb alignment=\u00a0\u00bbcenter\u00a0\u00bb css=\u00a0\u00bb\u00a0\u00bb el_class=\u00a0\u00bbjury-image\u00a0\u00bb][vc_column_text css=\u00a0\u00bb\u00a0\u00bb] Am\u00e9rique latine et Cara\u00efbes [\/vc_column_text][vc_column_text css=\u00a0\u00bb.vc_custom_1759692508158{margin-top: 20px !important;}\u00a0\u00bb]Le Dr Rosa V\u00e1squez Espinoza est fondatrice et directrice ex\u00e9cutive d&rsquo;Amazon Research International (ARI), une organisation \u00e0 but [&hellip;]<\/p>\n","protected":false},"author":1,"featured_media":0,"parent":0,"menu_order":0,"comment_status":"closed","ping_status":"closed","template":"","meta":{"footnotes":""},"class_list":["post-7791","page","type-page","status-publish","hentry"],"_links":{"self":[{"href":"https:\/\/unescoalfozanprize.org\/fr\/wp-json\/wp\/v2\/pages\/7791","targetHints":{"allow":["GET"]}}],"collection":[{"href":"https:\/\/unescoalfozanprize.org\/fr\/wp-json\/wp\/v2\/pages"}],"about":[{"href":"https:\/\/unescoalfozanprize.org\/fr\/wp-json\/wp\/v2\/types\/page"}],"author":[{"embeddable":true,"href":"https:\/\/unescoalfozanprize.org\/fr\/wp-json\/wp\/v2\/users\/1"}],"replies":[{"embeddable":true,"href":"https:\/\/unescoalfozanprize.org\/fr\/wp-json\/wp\/v2\/comments?post=7791"}],"version-history":[{"count":1,"href":"https:\/\/unescoalfozanprize.org\/fr\/wp-json\/wp\/v2\/pages\/7791\/revisions"}],"predecessor-version":[{"id":7794,"href":"https:\/\/unescoalfozanprize.org\/fr\/wp-json\/wp\/v2\/pages\/7791\/revisions\/7794"}],"wp:attachment":[{"href":"https:\/\/unescoalfozanprize.org\/fr\/wp-json\/wp\/v2\/media?parent=7791"}],"curies":[{"name":"wp","href":"https:\/\/api.w.org\/{rel}","templated":true}]}}