{"id":8029,"date":"2025-10-18T09:26:12","date_gmt":"2025-10-18T09:26:12","guid":{"rendered":"https:\/\/unescoalfozanprize.org\/media\/unesco-al-fozan-prize-ceremony-2nd-edition-september-19-2025\/"},"modified":"2025-10-18T10:03:06","modified_gmt":"2025-10-18T10:03:06","slug":"unesco-al-fozan-prize-ceremony-2nd-edition-september-19-2025","status":"publish","type":"page","link":"https:\/\/unescoalfozanprize.org\/fr\/media\/unesco-al-fozan-prize-ceremony-2nd-edition-september-19-2025\/","title":{"rendered":"C\u00e9r\u00e9monie de remise du prix UNESCO-Al Fozan (2e \u00e9dition) \u2013 19 septembre 2025"},"content":{"rendered":"<div class=\"wpb-content-wrapper\"><p>[vc_row][vc_column css=\u00a0\u00bb.vc_custom_1692083312516{border-top-width: 2px !important;border-bottom-width: 2px !important;padding-top: 40px !important;padding-bottom: 40px !important;border-top-color: #72bd3e !important;border-top-style: solid !important;border-bottom-color: #72bd3e !important;border-bottom-style: solid !important;}\u00a0\u00bb][vc_column_text css=\u00a0\u00bb\u00a0\u00bb]<\/p>\n<h2 style=\"text-align: center;\">C\u00e9r\u00e9monie de remise du prix UNESCO-Al Fozan (2e \u00e9dition) \u2013 19 septembre 2025<\/h2>\n<p>[\/vc_column_text][vc_column_text css=\u00a0\u00bb\u00a0\u00bb]Le 19 septembre, une prestigieuse c\u00e9r\u00e9monie de remise des prix a \u00e9t\u00e9 organis\u00e9e pour honorer les laur\u00e9ats exceptionnels du prix international UNESCO-Al Fozan : M. Ndaudika Mulundileni (Afrique), Mme Mounia Laassiri (\u00c9tats arabes), Mme Lijing Cheng (Asie et Pacifique), Mme Kyriaki Michailidou (Europe et Am\u00e9rique du Nord) et Mme Rosa V\u00e1squez Espinoza (Am\u00e9rique latine et Cara\u00efbes). Ce prix r\u00e9compense leurs r\u00e9alisations exceptionnelles et leurs contributions remarquables \u00e0 l&rsquo;avancement des connaissances, \u00e0 l&rsquo;innovation et au d\u00e9veloppement durable dans un large \u00e9ventail de domaines scientifiques et \u00e9ducatifs.<\/p>\n<p>L&rsquo;UNESCO a accueilli la c\u00e9r\u00e9monie, \u00e0 laquelle ont assist\u00e9 des invit\u00e9s de marque, notamment des ambassadeurs de divers pays et des ministres d&rsquo;Arabie saoudite, refl\u00e9tant l&rsquo;importance mondiale du travail des laur\u00e9ats. L&rsquo;\u00e9v\u00e9nement a permis de rendre hommage \u00e0 leurs r\u00e9alisations acad\u00e9miques et professionnelles, ainsi qu&rsquo;\u00e0 leurs efforts pour promouvoir des soci\u00e9t\u00e9s inclusives et tourn\u00e9es vers l&rsquo;avenir et encourager la coop\u00e9ration internationale.<\/p>\n<p>M. Abdullah bin Abdullatif Al-Fozan, fondateur de la Fondation Abdullah Al-Fozan pour l&rsquo;\u00e9ducation, a remis \u00e0 chaque laur\u00e9at son prix en reconnaissance de ses initiatives pionni\u00e8res et de l&rsquo;impact durable de son travail aux niveaux national et international. La pr\u00e9sence de d\u00e9l\u00e9gu\u00e9s \u00e9minents venus du monde entier a soulign\u00e9 l&rsquo;importance des \u00e9changes transfrontaliers de connaissances, tandis que la participation de ministres saoudiens a mis en \u00e9vidence l&rsquo;engagement du Royaume \u00e0 soutenir l&rsquo;excellence scientifique, l&rsquo;\u00e9ducation et l&rsquo;innovation.<\/p>\n<p>La c\u00e9r\u00e9monie de remise des prix a \u00e9galement \u00e9t\u00e9 l&rsquo;occasion d&rsquo;inspirer les g\u00e9n\u00e9rations futures. Honorer les laur\u00e9ats avec ces prix est une source d&rsquo;espoir qui motive les jeunes du monde entier \u00e0 acqu\u00e9rir des connaissances, \u00e0 adopter l&rsquo;innovation et \u00e0 viser l&rsquo;excellence dans leurs domaines. Leurs r\u00e9alisations d\u00e9montrent comment la science, l&rsquo;\u00e9ducation et le leadership peuvent se conjuguer pour apporter des contributions significatives et durables qui profitent \u00e0 la soci\u00e9t\u00e9 dans son ensemble.<\/p>\n<p>L&rsquo;\u00e9v\u00e9nement s&rsquo;est conclu par un engagement commun \u00e0 continuer de soutenir les talents exceptionnels et \u00e0 renforcer la coop\u00e9ration entre les r\u00e9gions, afin de garantir que la prochaine g\u00e9n\u00e9ration de scientifiques, d&rsquo;\u00e9ducateurs et d&rsquo;innovateurs soit \u00e9quip\u00e9e pour relever les d\u00e9fis mondiaux et contribuer au d\u00e9veloppement durable.[\/vc_column_text][\/vc_column][\/vc_row][vc_row][vc_column css=\u00a0\u00bb.vc_custom_1693125796940{border-top-width: 0px !important;border-bottom-width: 2px !important;padding-top: 70px !important;padding-bottom: 40px !important;border-top-color: #72bd3e !important;border-top-style: solid !important;border-bottom-color: #72bd3e !important;border-bottom-style: solid !important;}\u00a0\u00bb][vc_raw_html css=\u00a0\u00bb\u00a0\u00bb]JTNDaWZyYW1lJTIwY2xhc3MlM0QlMjJ2aWRlbyUyMiUyMHNyYyUzRCUyMmh0dHBzJTNBJTJGJTJGd3d3LnlvdXR1YmUuY29tJTJGZW1iZWQlMkZNU3hzV0ZyLU9McyUzRnNpJTNEc2QwM1ZxTUhhUmxuWlJBUSUyNnJlbCUzRDAlMjIlMjB0aXRsZSUzRCUyMllvdVR1YmUlMjB2aWRlbyUyMHBsYXllciUyMiUyMGZyYW1lYm9yZGVyJTNEJTIyMCUyMiUyMGFsbG93JTNEJTIyYWNjZWxlcm9tZXRlciUzQiUyMGF1dG9wbGF5JTNCJTIwY2xpcGJvYXJkLXdyaXRlJTNCJTIwZW5jcnlwdGVkLW1lZGlhJTNCJTIwZ3lyb3Njb3BlJTNCJTIwcGljdHVyZS1pbi1waWN0dXJlJTNCJTIwd2ViLXNoYXJlJTIyJTIwYWxsb3dmdWxsc2NyZWVuJTNFJTNDJTJGaWZyYW1lJTNF[\/vc_raw_html][\/vc_column][\/vc_row][vc_row][vc_column css=\u00a0\u00bb.vc_custom_1692083422437{margin-top: 40px !important;}\u00a0\u00bb]<div class=\"unesco-gallery\"><a class=\"gallery-item\" href=\"https:\/\/unescoalfozanprize.org\/wp-content\/uploads\/2025\/10\/Slide1-1024x683.jpg\" data-pswp-width=\"1024\" data-pswp-height=\"683\" ><img decoding=\"async\" src=\"https:\/\/unescoalfozanprize.org\/wp-content\/uploads\/2025\/10\/Slide1-300x200.jpg\" alt=\"Gallery Item\" \/><\/a><a class=\"gallery-item\" href=\"https:\/\/unescoalfozanprize.org\/wp-content\/uploads\/2025\/10\/Slide2-1024x683.jpg\" data-pswp-width=\"1024\" data-pswp-height=\"683\" ><img decoding=\"async\" src=\"https:\/\/unescoalfozanprize.org\/wp-content\/uploads\/2025\/10\/Slide2-300x200.jpg\" alt=\"Gallery Item\" \/><\/a><a class=\"gallery-item\" href=\"https:\/\/unescoalfozanprize.org\/wp-content\/uploads\/2025\/10\/Slide3-1024x683.jpg\" data-pswp-width=\"1024\" data-pswp-height=\"683\" ><img decoding=\"async\" src=\"https:\/\/unescoalfozanprize.org\/wp-content\/uploads\/2025\/10\/Slide3-300x200.jpg\" alt=\"Gallery Item\" \/><\/a><a class=\"gallery-item\" href=\"https:\/\/unescoalfozanprize.org\/wp-content\/uploads\/2025\/10\/Slide4-1024x683.jpg\" data-pswp-width=\"1024\" data-pswp-height=\"683\" ><img decoding=\"async\" src=\"https:\/\/unescoalfozanprize.org\/wp-content\/uploads\/2025\/10\/Slide4-300x200.jpg\" alt=\"Gallery Item\" \/><\/a><a class=\"gallery-item\" href=\"https:\/\/unescoalfozanprize.org\/wp-content\/uploads\/2025\/10\/Slide5-1024x683.jpg\" data-pswp-width=\"1024\" data-pswp-height=\"683\" ><img decoding=\"async\" src=\"https:\/\/unescoalfozanprize.org\/wp-content\/uploads\/2025\/10\/Slide5-300x200.jpg\" alt=\"Gallery Item\" \/><\/a><a class=\"gallery-item\" href=\"https:\/\/unescoalfozanprize.org\/wp-content\/uploads\/2025\/10\/Slide6-1024x683.jpg\" data-pswp-width=\"1024\" data-pswp-height=\"683\" ><img decoding=\"async\" src=\"https:\/\/unescoalfozanprize.org\/wp-content\/uploads\/2025\/10\/Slide6-300x200.jpg\" alt=\"Gallery Item\" \/><\/a><a class=\"gallery-item\" href=\"https:\/\/unescoalfozanprize.org\/wp-content\/uploads\/2025\/10\/Slide7-1024x683.jpg\" data-pswp-width=\"1024\" data-pswp-height=\"683\" ><img decoding=\"async\" src=\"https:\/\/unescoalfozanprize.org\/wp-content\/uploads\/2025\/10\/Slide7-300x200.jpg\" alt=\"Gallery Item\" \/><\/a><a class=\"gallery-item\" href=\"https:\/\/unescoalfozanprize.org\/wp-content\/uploads\/2025\/10\/Slide8-1024x683.jpg\" data-pswp-width=\"1024\" data-pswp-height=\"683\" ><img decoding=\"async\" src=\"https:\/\/unescoalfozanprize.org\/wp-content\/uploads\/2025\/10\/Slide8-300x200.jpg\" alt=\"Gallery Item\" \/><\/a><a class=\"gallery-item\" href=\"https:\/\/unescoalfozanprize.org\/wp-content\/uploads\/2025\/10\/Slide9-1024x683.jpg\" data-pswp-width=\"1024\" data-pswp-height=\"683\" ><img decoding=\"async\" src=\"https:\/\/unescoalfozanprize.org\/wp-content\/uploads\/2025\/10\/Slide9-300x200.jpg\" alt=\"Gallery Item\" \/><\/a><a class=\"gallery-item\" href=\"https:\/\/unescoalfozanprize.org\/wp-content\/uploads\/2025\/10\/Slide10-1024x683.jpg\" data-pswp-width=\"1024\" data-pswp-height=\"683\" ><img decoding=\"async\" src=\"https:\/\/unescoalfozanprize.org\/wp-content\/uploads\/2025\/10\/Slide10-300x200.jpg\" alt=\"Gallery Item\" \/><\/a><a class=\"gallery-item\" href=\"https:\/\/unescoalfozanprize.org\/wp-content\/uploads\/2025\/10\/Slide11-1024x683.jpg\" data-pswp-width=\"1024\" data-pswp-height=\"683\" ><img decoding=\"async\" src=\"https:\/\/unescoalfozanprize.org\/wp-content\/uploads\/2025\/10\/Slide11-300x200.jpg\" alt=\"Gallery Item\" \/><\/a><a class=\"gallery-item\" href=\"https:\/\/unescoalfozanprize.org\/wp-content\/uploads\/2025\/10\/Slide12-1024x683.jpg\" data-pswp-width=\"1024\" data-pswp-height=\"683\" ><img decoding=\"async\" src=\"https:\/\/unescoalfozanprize.org\/wp-content\/uploads\/2025\/10\/Slide12-300x200.jpg\" alt=\"Gallery Item\" \/><\/a><a class=\"gallery-item\" href=\"https:\/\/unescoalfozanprize.org\/wp-content\/uploads\/2025\/10\/Slide13-1024x683.jpg\" data-pswp-width=\"1024\" data-pswp-height=\"683\" ><img decoding=\"async\" src=\"https:\/\/unescoalfozanprize.org\/wp-content\/uploads\/2025\/10\/Slide13-300x200.jpg\" alt=\"Gallery Item\" \/><\/a><a class=\"gallery-item\" href=\"https:\/\/unescoalfozanprize.org\/wp-content\/uploads\/2025\/10\/Slide14-1024x683.jpg\" data-pswp-width=\"1024\" data-pswp-height=\"683\" ><img decoding=\"async\" src=\"https:\/\/unescoalfozanprize.org\/wp-content\/uploads\/2025\/10\/Slide14-300x200.jpg\" alt=\"Gallery Item\" \/><\/a><a class=\"gallery-item\" href=\"https:\/\/unescoalfozanprize.org\/wp-content\/uploads\/2025\/10\/Slide15-1024x683.jpg\" data-pswp-width=\"1024\" data-pswp-height=\"683\" ><img decoding=\"async\" src=\"https:\/\/unescoalfozanprize.org\/wp-content\/uploads\/2025\/10\/Slide15-300x200.jpg\" alt=\"Gallery Item\" \/><\/a><a class=\"gallery-item\" href=\"https:\/\/unescoalfozanprize.org\/wp-content\/uploads\/2025\/10\/Slide16-1024x683.jpg\" data-pswp-width=\"1024\" data-pswp-height=\"683\" ><img decoding=\"async\" src=\"https:\/\/unescoalfozanprize.org\/wp-content\/uploads\/2025\/10\/Slide16-300x200.jpg\" alt=\"Gallery Item\" \/><\/a><a class=\"gallery-item\" href=\"https:\/\/unescoalfozanprize.org\/wp-content\/uploads\/2025\/10\/Slide17-1024x683.jpg\" data-pswp-width=\"1024\" data-pswp-height=\"683\" ><img decoding=\"async\" src=\"https:\/\/unescoalfozanprize.org\/wp-content\/uploads\/2025\/10\/Slide17-300x200.jpg\" alt=\"Gallery Item\" \/><\/a><a class=\"gallery-item\" href=\"https:\/\/unescoalfozanprize.org\/wp-content\/uploads\/2025\/10\/Slide18-1024x683.jpg\" data-pswp-width=\"1024\" data-pswp-height=\"683\" ><img decoding=\"async\" src=\"https:\/\/unescoalfozanprize.org\/wp-content\/uploads\/2025\/10\/Slide18-300x200.jpg\" alt=\"Gallery Item\" \/><\/a><a class=\"gallery-item\" href=\"https:\/\/unescoalfozanprize.org\/wp-content\/uploads\/2025\/10\/Slide19-1024x683.jpg\" data-pswp-width=\"1024\" data-pswp-height=\"683\" ><img decoding=\"async\" src=\"https:\/\/unescoalfozanprize.org\/wp-content\/uploads\/2025\/10\/Slide19-300x200.jpg\" alt=\"Gallery Item\" \/><\/a><a class=\"gallery-item\" href=\"https:\/\/unescoalfozanprize.org\/wp-content\/uploads\/2025\/10\/Slide20-1024x683.jpg\" data-pswp-width=\"1024\" data-pswp-height=\"683\" ><img decoding=\"async\" src=\"https:\/\/unescoalfozanprize.org\/wp-content\/uploads\/2025\/10\/Slide20-300x200.jpg\" alt=\"Gallery Item\" \/><\/a><a class=\"gallery-item\" href=\"https:\/\/unescoalfozanprize.org\/wp-content\/uploads\/2025\/10\/Slide21-1024x683.jpg\" data-pswp-width=\"1024\" data-pswp-height=\"683\" ><img decoding=\"async\" src=\"https:\/\/unescoalfozanprize.org\/wp-content\/uploads\/2025\/10\/Slide21-300x200.jpg\" alt=\"Gallery Item\" \/><\/a><a class=\"gallery-item\" href=\"https:\/\/unescoalfozanprize.org\/wp-content\/uploads\/2025\/10\/Slide22-1024x683.jpg\" data-pswp-width=\"1024\" data-pswp-height=\"683\" ><img decoding=\"async\" src=\"https:\/\/unescoalfozanprize.org\/wp-content\/uploads\/2025\/10\/Slide22-300x200.jpg\" alt=\"Gallery Item\" \/><\/a><a class=\"gallery-item\" href=\"https:\/\/unescoalfozanprize.org\/wp-content\/uploads\/2025\/10\/Slide23-1024x683.jpg\" data-pswp-width=\"1024\" data-pswp-height=\"683\" ><img decoding=\"async\" src=\"https:\/\/unescoalfozanprize.org\/wp-content\/uploads\/2025\/10\/Slide23-300x200.jpg\" alt=\"Gallery Item\" \/><\/a><a class=\"gallery-item\" href=\"https:\/\/unescoalfozanprize.org\/wp-content\/uploads\/2025\/10\/Slide24-1024x683.jpg\" data-pswp-width=\"1024\" data-pswp-height=\"683\" ><img decoding=\"async\" src=\"https:\/\/unescoalfozanprize.org\/wp-content\/uploads\/2025\/10\/Slide24-300x200.jpg\" alt=\"Gallery Item\" \/><\/a><a class=\"gallery-item\" href=\"https:\/\/unescoalfozanprize.org\/wp-content\/uploads\/2025\/10\/Slide25-1024x683.jpg\" data-pswp-width=\"1024\" data-pswp-height=\"683\" ><img decoding=\"async\" src=\"https:\/\/unescoalfozanprize.org\/wp-content\/uploads\/2025\/10\/Slide25-300x200.jpg\" alt=\"Gallery Item\" \/><\/a><a class=\"gallery-item\" href=\"https:\/\/unescoalfozanprize.org\/wp-content\/uploads\/2025\/10\/Slide26-1024x683.jpg\" data-pswp-width=\"1024\" data-pswp-height=\"683\" ><img decoding=\"async\" src=\"https:\/\/unescoalfozanprize.org\/wp-content\/uploads\/2025\/10\/Slide26-300x200.jpg\" alt=\"Gallery Item\" \/><\/a><a class=\"gallery-item\" href=\"https:\/\/unescoalfozanprize.org\/wp-content\/uploads\/2025\/10\/Slide27-1024x683.jpg\" data-pswp-width=\"1024\" data-pswp-height=\"683\" ><img decoding=\"async\" src=\"https:\/\/unescoalfozanprize.org\/wp-content\/uploads\/2025\/10\/Slide27-300x200.jpg\" alt=\"Gallery Item\" \/><\/a><a class=\"gallery-item\" href=\"https:\/\/unescoalfozanprize.org\/wp-content\/uploads\/2025\/10\/Slide28-1024x683.jpg\" data-pswp-width=\"1024\" data-pswp-height=\"683\" ><img decoding=\"async\" src=\"https:\/\/unescoalfozanprize.org\/wp-content\/uploads\/2025\/10\/Slide28-300x200.jpg\" alt=\"Gallery Item\" \/><\/a><a class=\"gallery-item\" href=\"https:\/\/unescoalfozanprize.org\/wp-content\/uploads\/2025\/10\/Slide29-1024x683.jpg\" data-pswp-width=\"1024\" data-pswp-height=\"683\" ><img decoding=\"async\" src=\"https:\/\/unescoalfozanprize.org\/wp-content\/uploads\/2025\/10\/Slide29-300x200.jpg\" alt=\"Gallery Item\" \/><\/a><a class=\"gallery-item\" href=\"https:\/\/unescoalfozanprize.org\/wp-content\/uploads\/2025\/10\/Slide30-1024x683.jpg\" data-pswp-width=\"1024\" data-pswp-height=\"683\" ><img decoding=\"async\" src=\"https:\/\/unescoalfozanprize.org\/wp-content\/uploads\/2025\/10\/Slide30-300x200.jpg\" alt=\"Gallery Item\" \/><\/a><a class=\"gallery-item\" href=\"https:\/\/unescoalfozanprize.org\/wp-content\/uploads\/2025\/10\/Slide31-1024x683.jpg\" data-pswp-width=\"1024\" data-pswp-height=\"683\" ><img decoding=\"async\" src=\"https:\/\/unescoalfozanprize.org\/wp-content\/uploads\/2025\/10\/Slide31-300x200.jpg\" alt=\"Gallery Item\" \/><\/a><a class=\"gallery-item\" href=\"https:\/\/unescoalfozanprize.org\/wp-content\/uploads\/2025\/10\/Slide32-1024x683.jpg\" data-pswp-width=\"1024\" data-pswp-height=\"683\" ><img decoding=\"async\" src=\"https:\/\/unescoalfozanprize.org\/wp-content\/uploads\/2025\/10\/Slide32-300x200.jpg\" alt=\"Gallery Item\" \/><\/a><a class=\"gallery-item\" href=\"https:\/\/unescoalfozanprize.org\/wp-content\/uploads\/2025\/10\/Slide33-1024x683.jpg\" data-pswp-width=\"1024\" data-pswp-height=\"683\" ><img decoding=\"async\" src=\"https:\/\/unescoalfozanprize.org\/wp-content\/uploads\/2025\/10\/Slide33-300x200.jpg\" alt=\"Gallery Item\" \/><\/a><a class=\"gallery-item\" href=\"https:\/\/unescoalfozanprize.org\/wp-content\/uploads\/2025\/10\/Slide34-1024x683.jpg\" data-pswp-width=\"1024\" data-pswp-height=\"683\" ><img decoding=\"async\" src=\"https:\/\/unescoalfozanprize.org\/wp-content\/uploads\/2025\/10\/Slide34-300x200.jpg\" alt=\"Gallery Item\" \/><\/a><a class=\"gallery-item\" href=\"https:\/\/unescoalfozanprize.org\/wp-content\/uploads\/2025\/10\/Slide35-1024x683.jpg\" data-pswp-width=\"1024\" data-pswp-height=\"683\" ><img decoding=\"async\" src=\"https:\/\/unescoalfozanprize.org\/wp-content\/uploads\/2025\/10\/Slide35-300x200.jpg\" alt=\"Gallery Item\" \/><\/a><a class=\"gallery-item\" href=\"https:\/\/unescoalfozanprize.org\/wp-content\/uploads\/2025\/10\/Slide36-1024x683.jpg\" data-pswp-width=\"1024\" data-pswp-height=\"683\" ><img decoding=\"async\" src=\"https:\/\/unescoalfozanprize.org\/wp-content\/uploads\/2025\/10\/Slide36-300x200.jpg\" alt=\"Gallery Item\" \/><\/a><a class=\"gallery-item\" href=\"https:\/\/unescoalfozanprize.org\/wp-content\/uploads\/2025\/10\/Slide37-1024x683.jpg\" data-pswp-width=\"1024\" data-pswp-height=\"683\" ><img decoding=\"async\" src=\"https:\/\/unescoalfozanprize.org\/wp-content\/uploads\/2025\/10\/Slide37-300x200.jpg\" alt=\"Gallery Item\" \/><\/a><a class=\"gallery-item\" href=\"https:\/\/unescoalfozanprize.org\/wp-content\/uploads\/2025\/10\/Slide38-1024x683.jpg\" data-pswp-width=\"1024\" data-pswp-height=\"683\" ><img decoding=\"async\" src=\"https:\/\/unescoalfozanprize.org\/wp-content\/uploads\/2025\/10\/Slide38-300x200.jpg\" alt=\"Gallery Item\" \/><\/a><a class=\"gallery-item\" href=\"https:\/\/unescoalfozanprize.org\/wp-content\/uploads\/2025\/10\/Slide39-1024x683.jpg\" data-pswp-width=\"1024\" data-pswp-height=\"683\" ><img decoding=\"async\" src=\"https:\/\/unescoalfozanprize.org\/wp-content\/uploads\/2025\/10\/Slide39-300x200.jpg\" alt=\"Gallery Item\" \/><\/a><a class=\"gallery-item\" href=\"https:\/\/unescoalfozanprize.org\/wp-content\/uploads\/2025\/10\/Slide40-1024x683.jpg\" data-pswp-width=\"1024\" data-pswp-height=\"683\" ><img decoding=\"async\" src=\"https:\/\/unescoalfozanprize.org\/wp-content\/uploads\/2025\/10\/Slide40-300x200.jpg\" alt=\"Gallery Item\" \/><\/a><a class=\"gallery-item\" href=\"https:\/\/unescoalfozanprize.org\/wp-content\/uploads\/2025\/10\/Slide41-1024x683.jpg\" data-pswp-width=\"1024\" data-pswp-height=\"683\" ><img decoding=\"async\" src=\"https:\/\/unescoalfozanprize.org\/wp-content\/uploads\/2025\/10\/Slide41-300x200.jpg\" alt=\"Gallery Item\" \/><\/a><a class=\"gallery-item\" href=\"https:\/\/unescoalfozanprize.org\/wp-content\/uploads\/2025\/10\/Slide42-1024x683.jpg\" data-pswp-width=\"1024\" data-pswp-height=\"683\" ><img decoding=\"async\" src=\"https:\/\/unescoalfozanprize.org\/wp-content\/uploads\/2025\/10\/Slide42-300x200.jpg\" alt=\"Gallery Item\" \/><\/a><a class=\"gallery-item\" href=\"https:\/\/unescoalfozanprize.org\/wp-content\/uploads\/2025\/10\/Slide43-1024x683.jpg\" data-pswp-width=\"1024\" data-pswp-height=\"683\" ><img decoding=\"async\" src=\"https:\/\/unescoalfozanprize.org\/wp-content\/uploads\/2025\/10\/Slide43-300x200.jpg\" alt=\"Gallery Item\" \/><\/a><a class=\"gallery-item\" href=\"https:\/\/unescoalfozanprize.org\/wp-content\/uploads\/2025\/10\/Slide44-1024x683.jpg\" data-pswp-width=\"1024\" data-pswp-height=\"683\" ><img decoding=\"async\" src=\"https:\/\/unescoalfozanprize.org\/wp-content\/uploads\/2025\/10\/Slide44-300x200.jpg\" alt=\"Gallery Item\" \/><\/a><\/div>[\/vc_column][\/vc_row]<\/p>\n<\/div>","protected":false},"excerpt":{"rendered":"<p>[vc_row][vc_column css=\u00a0\u00bb.vc_custom_1692083312516{border-top-width: 2px !important;border-bottom-width: 2px !important;padding-top: 40px !important;padding-bottom: 40px !important;border-top-color: #72bd3e !important;border-top-style: solid !important;border-bottom-color: #72bd3e !important;border-bottom-style: solid !important;}\u00a0\u00bb][vc_column_text css=\u00a0\u00bb\u00a0\u00bb] C\u00e9r\u00e9monie de remise du prix UNESCO-Al Fozan (2e \u00e9dition) \u2013 19 septembre 2025 [\/vc_column_text][vc_column_text css=\u00a0\u00bb\u00a0\u00bb]Le 19 septembre, une prestigieuse c\u00e9r\u00e9monie de remise des prix a \u00e9t\u00e9 organis\u00e9e pour honorer les laur\u00e9ats exceptionnels du prix international UNESCO-Al [&hellip;]<\/p>\n","protected":false},"author":1,"featured_media":0,"parent":1597,"menu_order":0,"comment_status":"closed","ping_status":"closed","template":"","meta":{"footnotes":""},"class_list":["post-8029","page","type-page","status-publish","hentry"],"_links":{"self":[{"href":"https:\/\/unescoalfozanprize.org\/fr\/wp-json\/wp\/v2\/pages\/8029","targetHints":{"allow":["GET"]}}],"collection":[{"href":"https:\/\/unescoalfozanprize.org\/fr\/wp-json\/wp\/v2\/pages"}],"about":[{"href":"https:\/\/unescoalfozanprize.org\/fr\/wp-json\/wp\/v2\/types\/page"}],"author":[{"embeddable":true,"href":"https:\/\/unescoalfozanprize.org\/fr\/wp-json\/wp\/v2\/users\/1"}],"replies":[{"embeddable":true,"href":"https:\/\/unescoalfozanprize.org\/fr\/wp-json\/wp\/v2\/comments?post=8029"}],"version-history":[{"count":3,"href":"https:\/\/unescoalfozanprize.org\/fr\/wp-json\/wp\/v2\/pages\/8029\/revisions"}],"predecessor-version":[{"id":8052,"href":"https:\/\/unescoalfozanprize.org\/fr\/wp-json\/wp\/v2\/pages\/8029\/revisions\/8052"}],"up":[{"embeddable":true,"href":"https:\/\/unescoalfozanprize.org\/fr\/wp-json\/wp\/v2\/pages\/1597"}],"wp:attachment":[{"href":"https:\/\/unescoalfozanprize.org\/fr\/wp-json\/wp\/v2\/media?parent=8029"}],"curies":[{"name":"wp","href":"https:\/\/api.w.org\/{rel}","templated":true}]}}